{"id":4029,"date":"2024-05-23T21:34:27","date_gmt":"2024-05-24T02:34:27","guid":{"rendered":"https:\/\/dev.elyxirdigital.com\/lacolina\/?page_id=4029"},"modified":"2025-12-04T19:11:00","modified_gmt":"2025-12-05T00:11:00","slug":"mensaje-a-la-comunidad","status":"publish","type":"page","link":"https:\/\/lamoderna.edu.ec\/en\/mensaje-a-la-comunidad\/","title":{"rendered":"Message to the Community"},"content":{"rendered":"<div data-elementor-type=\"wp-page\" data-elementor-id=\"4029\" class=\"elementor elementor-4029\" data-elementor-post-type=\"page\">\n\t\t\t\t<div class=\"elementor-element elementor-element-319b240 e-flex e-con-boxed e-con e-parent\" data-id=\"319b240\" data-element_type=\"container\" data-e-type=\"container\">\n\t\t\t\t\t<div class=\"e-con-inner\">\n\t\t\t\t<div class=\"elementor-element elementor-element-346ac07 elementor-widget elementor-widget-heading\" data-id=\"346ac07\" data-element_type=\"widget\" data-e-type=\"widget\" data-widget_type=\"heading.default\">\n\t\t\t\t<div class=\"elementor-widget-container\">\n\t\t\t\t\t<h1 class=\"elementor-heading-title elementor-size-default\">Mensaje a La Comunidad Del Centro Educativo La Moderna.<\/h1>\t\t\t\t<\/div>\n\t\t\t\t<\/div>\n\t\t\t\t\t<\/div>\n\t\t\t\t<\/div>\n\t\t<div class=\"elementor-element elementor-element-6961f20 e-flex e-con-boxed e-con e-parent\" data-id=\"6961f20\" data-element_type=\"container\" data-e-type=\"container\">\n\t\t\t\t\t<div class=\"e-con-inner\">\n\t\t<div class=\"elementor-element elementor-element-8ef6034 e-con-full e-flex e-con e-child\" data-id=\"8ef6034\" data-element_type=\"container\" data-e-type=\"container\">\n\t\t\t\t<div class=\"elementor-element elementor-element-caf8388 elementor-widget elementor-widget-text-editor\" data-id=\"caf8388\" data-element_type=\"widget\" data-e-type=\"widget\" data-widget_type=\"text-editor.default\">\n\t\t\t\t<div class=\"elementor-widget-container\">\n\t\t\t\t\t\t\t\t\t<p><span style=\"font-weight: 400;\">Dear Community,<\/span><\/p>\n<p>Como &nbsp;Head of School, es un placer darle la bienvenida al Centro Educativo La Moderna, un colegio particular biling\u00fce e internacional en Samborond\u00f3n, Ecuador que sigue las tradiciones y expectativas de una educaci\u00f3n internacional de calidad.<\/p>\n<p>El personal acad\u00e9mico del Centro Educativo La Moderna est\u00e1 formado por educadores experimentados y calificados, que tienen experiencia en la impartici\u00f3n del plan de estudios nacional de Ecuador. Todos comparten la misma visi\u00f3n y el esp\u00edritu de nuestra escuela, fomentando la creatividad y la pasi\u00f3n de nuestros estudiantes, para garantizar que se destaquen no solo en sus lecciones, sino tambi\u00e9n en sus entornos sociales. Reconocen la importancia de adaptarse a un panorama educativo en constante cambio e inculcar en nuestros estudiantes el deseo de convertirse en aprendices adaptables e independientes que reconozcan la importancia del cambio.<\/p>\t\t\t\t\t\t\t\t<\/div>\n\t\t\t\t<\/div>\n\t\t\t\t<\/div>\n\t\t\t\t\t<\/div>\n\t\t\t\t<\/div>\n\t\t<div class=\"elementor-element elementor-element-bd656f4 e-flex e-con-boxed e-con e-parent\" data-id=\"bd656f4\" data-element_type=\"container\" data-e-type=\"container\">\n\t\t\t\t\t<div class=\"e-con-inner\">\n\t\t\t\t<div class=\"elementor-element elementor-element-ac9de25 elementor-widget elementor-widget-image\" data-id=\"ac9de25\" data-element_type=\"widget\" data-e-type=\"widget\" data-widget_type=\"image.default\">\n\t\t\t\t<div class=\"elementor-widget-container\">\n\t\t\t\t\t\t\t\t\t\t\t\t\t\t\t<img fetchpriority=\"high\" decoding=\"async\" width=\"640\" height=\"426\" src=\"https:\/\/lamoderna.edu.ec\/wp-content\/uploads\/2024\/07\/Patricio-Torres-Headmaster-La-Moderna-1024x682.jpeg\" class=\"attachment-large size-large wp-image-379586\" alt=\"\" srcset=\"https:\/\/lamoderna.edu.ec\/wp-content\/uploads\/2024\/07\/Patricio-Torres-Headmaster-La-Moderna-1024x682.jpeg 1024w, https:\/\/lamoderna.edu.ec\/wp-content\/uploads\/2024\/07\/Patricio-Torres-Headmaster-La-Moderna-300x200.jpeg 300w, https:\/\/lamoderna.edu.ec\/wp-content\/uploads\/2024\/07\/Patricio-Torres-Headmaster-La-Moderna-768x512.jpeg 768w, https:\/\/lamoderna.edu.ec\/wp-content\/uploads\/2024\/07\/Patricio-Torres-Headmaster-La-Moderna-1536x1023.jpeg 1536w, https:\/\/lamoderna.edu.ec\/wp-content\/uploads\/2024\/07\/Patricio-Torres-Headmaster-La-Moderna.jpeg 1600w\" sizes=\"(max-width: 640px) 100vw, 640px\" \/>\t\t\t\t\t\t\t\t\t\t\t\t\t\t\t<\/div>\n\t\t\t\t<\/div>\n\t\t\t\t\t<\/div>\n\t\t\t\t<\/div>\n\t\t<div class=\"elementor-element elementor-element-27e8f0d e-flex e-con-boxed e-con e-parent\" data-id=\"27e8f0d\" data-element_type=\"container\" data-e-type=\"container\" data-settings=\"{&quot;background_background&quot;:&quot;classic&quot;}\">\n\t\t\t\t\t<div class=\"e-con-inner\">\n\t\t\t\t<div class=\"elementor-element elementor-element-a5018fa elementor-widget elementor-widget-text-editor\" data-id=\"a5018fa\" data-element_type=\"widget\" data-e-type=\"widget\" data-widget_type=\"text-editor.default\">\n\t\t\t\t<div class=\"elementor-widget-container\">\n\t\t\t\t\t\t\t\t\t<p><span style=\"font-weight: 400;\">Our teaching staff consists of experienced and qualified educators who are well-versed in delivering Ecuador's national curriculum and the IB (International Baccalaureate). They all share the same vision and ethos of our school, striving to foster creativity and passion in our students so that they can succeed not only academically but also in their social lives. They understand the significance of adjusting to a constantly evolving educational environment and aim to cultivate in our students a desire to become adaptable and independent learners who embrace change.<\/span><\/p>\t\t\t\t\t\t\t\t<\/div>\n\t\t\t\t<\/div>\n\t\t\t\t\t<\/div>\n\t\t\t\t<\/div>\n\t\t<div class=\"elementor-element elementor-element-dafe90b e-flex e-con-boxed e-con e-parent\" data-id=\"dafe90b\" data-element_type=\"container\" data-e-type=\"container\">\n\t\t\t\t\t<div class=\"e-con-inner\">\n\t\t\t\t<div class=\"elementor-element elementor-element-a56a6a5 elementor-widget elementor-widget-image\" data-id=\"a56a6a5\" data-element_type=\"widget\" data-e-type=\"widget\" data-widget_type=\"image.default\">\n\t\t\t\t<div class=\"elementor-widget-container\">\n\t\t\t\t\t\t\t\t\t\t\t\t\t\t\t<img decoding=\"async\" width=\"103\" height=\"102\" src=\"https:\/\/lamoderna.edu.ec\/wp-content\/uploads\/2024\/08\/icono.png\" class=\"attachment-large size-large wp-image-379695\" alt=\"\" srcset=\"https:\/\/lamoderna.edu.ec\/wp-content\/uploads\/2024\/08\/icono.png 103w, https:\/\/lamoderna.edu.ec\/wp-content\/uploads\/2024\/08\/icono-12x12.png 12w\" sizes=\"(max-width: 103px) 100vw, 103px\" \/>\t\t\t\t\t\t\t\t\t\t\t\t\t\t\t<\/div>\n\t\t\t\t<\/div>\n\t\t\t\t\t<\/div>\n\t\t\t\t<\/div>\n\t\t<div class=\"elementor-element elementor-element-9f22767 e-flex e-con-boxed e-con e-parent\" data-id=\"9f22767\" data-element_type=\"container\" data-e-type=\"container\">\n\t\t\t\t\t<div class=\"e-con-inner\">\n\t\t\t\t<div class=\"elementor-element elementor-element-0457612 elementor-widget elementor-widget-text-editor\" data-id=\"0457612\" data-element_type=\"widget\" data-e-type=\"widget\" data-widget_type=\"text-editor.default\">\n\t\t\t\t<div class=\"elementor-widget-container\">\n\t\t\t\t\t\t\t\t\t<p><span style=\"font-weight: 400;\">While we pride ourselves on the success of our academic program, we also offer a wide selection of arts and sports so that our students can pursue their own personal interests during their time at school and allow them to become lifelong learners.<\/span><\/p><p><span style=\"font-weight: 400;\">As a parent and school leader, I understand the importance parents place on selecting the right school for their child. That's why at La Moderna we encourage parents to be part of the community, ask questions and get involved in their child's education.<\/span><\/p><p><span style=\"font-weight: 400;\">So, arrange an appointment to visit our school and experience how our exceptional education can positively impact your child's future.<\/span><\/p><p><span style=\"font-weight: 400;\">I look forward to meeting you at our school.<\/span><\/p>\t\t\t\t\t\t\t\t<\/div>\n\t\t\t\t<\/div>\n\t\t\t\t\t<\/div>\n\t\t\t\t<\/div>\n\t\t<div class=\"elementor-element elementor-element-b3a1d9c e-flex e-con-boxed e-con e-parent\" data-id=\"b3a1d9c\" data-element_type=\"container\" data-e-type=\"container\">\n\t\t\t\t\t<div class=\"e-con-inner\">\n\t\t\t\t<div class=\"elementor-element elementor-element-0daf147 elementor-widget elementor-widget-text-editor\" data-id=\"0daf147\" data-element_type=\"widget\" data-e-type=\"widget\" data-widget_type=\"text-editor.default\">\n\t\t\t\t<div class=\"elementor-widget-container\">\n\t\t\t\t\t\t\t\t\t<div class=\"elementor-element elementor-element-8a7d2eb elementor-widget elementor-widget-text-editor\" data-id=\"8a7d2eb\" data-element_type=\"widget\" data-widget_type=\"text-editor.default\"><div class=\"elementor-widget-container\"><p style=\"text-align: center;\">Patricio Torres Fern\u00e1ndez<\/p><\/div><\/div><div class=\"elementor-element elementor-element-53c5053 elementor-widget elementor-widget-text-editor\" data-id=\"53c5053\" data-element_type=\"widget\" data-widget_type=\"text-editor.default\"><div class=\"elementor-widget-container\"><p style=\"text-align: center;\"><em>Headmaster<\/em><\/p><\/div><\/div>\t\t\t\t\t\t\t\t<\/div>\n\t\t\t\t<\/div>\n\t\t\t\t\t<\/div>\n\t\t\t\t<\/div>\n\t\t\t\t<\/div>","protected":false},"excerpt":{"rendered":"<p>Mensaje a La Comunidad Del Centro Educativo La Moderna. Estimada comunidad, Como &nbsp;Head of School, es un placer darle la bienvenida al Centro Educativo La Moderna, un colegio particular biling\u00fce e internacional en Samborond\u00f3n, Ecuador que sigue las tradiciones y expectativas de una educaci\u00f3n internacional de calidad. El personal acad\u00e9mico del Centro Educativo La Moderna [&hellip;]<\/p>\n","protected":false},"author":2,"featured_media":0,"parent":0,"menu_order":0,"comment_status":"closed","ping_status":"closed","template":"","meta":{"footnotes":""},"class_list":["post-4029","page","type-page","status-publish","hentry"],"yoast_head":"<!-- This site is optimized with the Yoast SEO plugin v27.3 - https:\/\/yoast.com\/product\/yoast-seo-wordpress\/ -->\n<title>Mensaje a la Comunidad - La Moderna<\/title>\n<meta name=\"robots\" content=\"index, follow, max-snippet:-1, max-image-preview:large, max-video-preview:-1\" \/>\n<link rel=\"canonical\" href=\"https:\/\/lamoderna.edu.ec\/en\/mensaje-a-la-comunidad\/\" \/>\n<meta property=\"og:locale\" content=\"en_US\" \/>\n<meta property=\"og:type\" content=\"article\" \/>\n<meta property=\"og:title\" content=\"Mensaje a la Comunidad - La Moderna\" \/>\n<meta property=\"og:description\" content=\"Mensaje a La Comunidad Del Centro Educativo La Moderna. Estimada comunidad, Como &nbsp;Head of School, es un placer darle la bienvenida al Centro Educativo La Moderna, un colegio particular biling\u00fce e internacional en Samborond\u00f3n, Ecuador que sigue las tradiciones y expectativas de una educaci\u00f3n internacional de calidad. El personal acad\u00e9mico del Centro Educativo La Moderna [&hellip;]\" \/>\n<meta property=\"og:url\" content=\"https:\/\/lamoderna.edu.ec\/en\/mensaje-a-la-comunidad\/\" \/>\n<meta property=\"og:site_name\" content=\"La Moderna\" \/>\n<meta property=\"article:publisher\" content=\"https:\/\/www.facebook.com\/lamodernaEC\/\" \/>\n<meta property=\"article:modified_time\" content=\"2025-12-05T00:11:00+00:00\" \/>\n<meta property=\"og:image\" content=\"https:\/\/lamoderna.edu.ec\/wp-content\/uploads\/2024\/07\/Patricio-Torres-Headmaster-La-Moderna.jpeg\" \/>\n\t<meta property=\"og:image:width\" content=\"1600\" \/>\n\t<meta property=\"og:image:height\" content=\"1066\" \/>\n\t<meta property=\"og:image:type\" content=\"image\/jpeg\" \/>\n<meta name=\"twitter:card\" content=\"summary_large_image\" \/>\n<meta name=\"twitter:label1\" content=\"Est. reading time\" \/>\n\t<meta name=\"twitter:data1\" content=\"3 minutes\" \/>\n<script type=\"application\/ld+json\" class=\"yoast-schema-graph\">{\"@context\":\"https:\\\/\\\/schema.org\",\"@graph\":[{\"@type\":\"WebPage\",\"@id\":\"https:\\\/\\\/lamoderna.edu.ec\\\/mensaje-a-la-comunidad\\\/\",\"url\":\"https:\\\/\\\/lamoderna.edu.ec\\\/mensaje-a-la-comunidad\\\/\",\"name\":\"Mensaje a la Comunidad - La Moderna\",\"isPartOf\":{\"@id\":\"https:\\\/\\\/lamoderna.edu.ec\\\/#website\"},\"primaryImageOfPage\":{\"@id\":\"https:\\\/\\\/lamoderna.edu.ec\\\/mensaje-a-la-comunidad\\\/#primaryimage\"},\"image\":{\"@id\":\"https:\\\/\\\/lamoderna.edu.ec\\\/mensaje-a-la-comunidad\\\/#primaryimage\"},\"thumbnailUrl\":\"https:\\\/\\\/lamoderna.edu.ec\\\/wp-content\\\/uploads\\\/2024\\\/07\\\/Patricio-Torres-Headmaster-La-Moderna-1024x682.jpeg\",\"datePublished\":\"2024-05-24T02:34:27+00:00\",\"dateModified\":\"2025-12-05T00:11:00+00:00\",\"breadcrumb\":{\"@id\":\"https:\\\/\\\/lamoderna.edu.ec\\\/mensaje-a-la-comunidad\\\/#breadcrumb\"},\"inLanguage\":\"en-US\",\"potentialAction\":[{\"@type\":\"ReadAction\",\"target\":[\"https:\\\/\\\/lamoderna.edu.ec\\\/mensaje-a-la-comunidad\\\/\"]}]},{\"@type\":\"ImageObject\",\"inLanguage\":\"en-US\",\"@id\":\"https:\\\/\\\/lamoderna.edu.ec\\\/mensaje-a-la-comunidad\\\/#primaryimage\",\"url\":\"https:\\\/\\\/lamoderna.edu.ec\\\/wp-content\\\/uploads\\\/2024\\\/07\\\/Patricio-Torres-Headmaster-La-Moderna-1024x682.jpeg\",\"contentUrl\":\"https:\\\/\\\/lamoderna.edu.ec\\\/wp-content\\\/uploads\\\/2024\\\/07\\\/Patricio-Torres-Headmaster-La-Moderna-1024x682.jpeg\"},{\"@type\":\"BreadcrumbList\",\"@id\":\"https:\\\/\\\/lamoderna.edu.ec\\\/mensaje-a-la-comunidad\\\/#breadcrumb\",\"itemListElement\":[{\"@type\":\"ListItem\",\"position\":1,\"name\":\"Inicio\",\"item\":\"https:\\\/\\\/lamoderna.edu.ec\\\/\"},{\"@type\":\"ListItem\",\"position\":2,\"name\":\"Mensaje a la Comunidad\"}]},{\"@type\":\"WebSite\",\"@id\":\"https:\\\/\\\/lamoderna.edu.ec\\\/#website\",\"url\":\"https:\\\/\\\/lamoderna.edu.ec\\\/\",\"name\":\"Colegio La Moderna\",\"description\":\"Unidad Educativa Particular Biling\u00fce\",\"publisher\":{\"@id\":\"https:\\\/\\\/lamoderna.edu.ec\\\/#organization\"},\"alternateName\":\"Colegio LMO\",\"potentialAction\":[{\"@type\":\"SearchAction\",\"target\":{\"@type\":\"EntryPoint\",\"urlTemplate\":\"https:\\\/\\\/lamoderna.edu.ec\\\/?s={search_term_string}\"},\"query-input\":{\"@type\":\"PropertyValueSpecification\",\"valueRequired\":true,\"valueName\":\"search_term_string\"}}],\"inLanguage\":\"en-US\"},{\"@type\":\"Organization\",\"@id\":\"https:\\\/\\\/lamoderna.edu.ec\\\/#organization\",\"name\":\"Colegio La Moderna\",\"alternateName\":\"Colegio LMO\",\"url\":\"https:\\\/\\\/lamoderna.edu.ec\\\/\",\"logo\":{\"@type\":\"ImageObject\",\"inLanguage\":\"en-US\",\"@id\":\"https:\\\/\\\/lamoderna.edu.ec\\\/#\\\/schema\\\/logo\\\/image\\\/\",\"url\":\"https:\\\/\\\/lamoderna.edu.ec\\\/wp-content\\\/uploads\\\/2024\\\/08\\\/icono.png\",\"contentUrl\":\"https:\\\/\\\/lamoderna.edu.ec\\\/wp-content\\\/uploads\\\/2024\\\/08\\\/icono.png\",\"width\":103,\"height\":102,\"caption\":\"Colegio La Moderna\"},\"image\":{\"@id\":\"https:\\\/\\\/lamoderna.edu.ec\\\/#\\\/schema\\\/logo\\\/image\\\/\"},\"sameAs\":[\"https:\\\/\\\/www.facebook.com\\\/lamodernaEC\\\/\",\"https:\\\/\\\/www.instagram.com\\\/lamoderna_ec\\\/#\"]}]}<\/script>\n<!-- \/ Yoast SEO plugin. -->","yoast_head_json":{"title":"Mensaje a la Comunidad - La Moderna","robots":{"index":"index","follow":"follow","max-snippet":"max-snippet:-1","max-image-preview":"max-image-preview:large","max-video-preview":"max-video-preview:-1"},"canonical":"https:\/\/lamoderna.edu.ec\/en\/mensaje-a-la-comunidad\/","og_locale":"en_US","og_type":"article","og_title":"Mensaje a la Comunidad - La Moderna","og_description":"Mensaje a La Comunidad Del Centro Educativo La Moderna. Estimada comunidad, Como &nbsp;Head of School, es un placer darle la bienvenida al Centro Educativo La Moderna, un colegio particular biling\u00fce e internacional en Samborond\u00f3n, Ecuador que sigue las tradiciones y expectativas de una educaci\u00f3n internacional de calidad. El personal acad\u00e9mico del Centro Educativo La Moderna [&hellip;]","og_url":"https:\/\/lamoderna.edu.ec\/en\/mensaje-a-la-comunidad\/","og_site_name":"La Moderna","article_publisher":"https:\/\/www.facebook.com\/lamodernaEC\/","article_modified_time":"2025-12-05T00:11:00+00:00","og_image":[{"width":1600,"height":1066,"url":"https:\/\/lamoderna.edu.ec\/wp-content\/uploads\/2024\/07\/Patricio-Torres-Headmaster-La-Moderna.jpeg","type":"image\/jpeg"}],"twitter_card":"summary_large_image","twitter_misc":{"Est. reading time":"3 minutes"},"schema":{"@context":"https:\/\/schema.org","@graph":[{"@type":"WebPage","@id":"https:\/\/lamoderna.edu.ec\/mensaje-a-la-comunidad\/","url":"https:\/\/lamoderna.edu.ec\/mensaje-a-la-comunidad\/","name":"Mensaje a la Comunidad - La Moderna","isPartOf":{"@id":"https:\/\/lamoderna.edu.ec\/#website"},"primaryImageOfPage":{"@id":"https:\/\/lamoderna.edu.ec\/mensaje-a-la-comunidad\/#primaryimage"},"image":{"@id":"https:\/\/lamoderna.edu.ec\/mensaje-a-la-comunidad\/#primaryimage"},"thumbnailUrl":"https:\/\/lamoderna.edu.ec\/wp-content\/uploads\/2024\/07\/Patricio-Torres-Headmaster-La-Moderna-1024x682.jpeg","datePublished":"2024-05-24T02:34:27+00:00","dateModified":"2025-12-05T00:11:00+00:00","breadcrumb":{"@id":"https:\/\/lamoderna.edu.ec\/mensaje-a-la-comunidad\/#breadcrumb"},"inLanguage":"en-US","potentialAction":[{"@type":"ReadAction","target":["https:\/\/lamoderna.edu.ec\/mensaje-a-la-comunidad\/"]}]},{"@type":"ImageObject","inLanguage":"en-US","@id":"https:\/\/lamoderna.edu.ec\/mensaje-a-la-comunidad\/#primaryimage","url":"https:\/\/lamoderna.edu.ec\/wp-content\/uploads\/2024\/07\/Patricio-Torres-Headmaster-La-Moderna-1024x682.jpeg","contentUrl":"https:\/\/lamoderna.edu.ec\/wp-content\/uploads\/2024\/07\/Patricio-Torres-Headmaster-La-Moderna-1024x682.jpeg"},{"@type":"BreadcrumbList","@id":"https:\/\/lamoderna.edu.ec\/mensaje-a-la-comunidad\/#breadcrumb","itemListElement":[{"@type":"ListItem","position":1,"name":"Inicio","item":"https:\/\/lamoderna.edu.ec\/"},{"@type":"ListItem","position":2,"name":"Mensaje a la Comunidad"}]},{"@type":"WebSite","@id":"https:\/\/lamoderna.edu.ec\/#website","url":"https:\/\/lamoderna.edu.ec\/","name":"Colegio La Moderna","description":"Unidad Educativa Particular Biling\u00fce","publisher":{"@id":"https:\/\/lamoderna.edu.ec\/#organization"},"alternateName":"Colegio LMO","potentialAction":[{"@type":"SearchAction","target":{"@type":"EntryPoint","urlTemplate":"https:\/\/lamoderna.edu.ec\/?s={search_term_string}"},"query-input":{"@type":"PropertyValueSpecification","valueRequired":true,"valueName":"search_term_string"}}],"inLanguage":"en-US"},{"@type":"Organization","@id":"https:\/\/lamoderna.edu.ec\/#organization","name":"Colegio La Moderna","alternateName":"Colegio LMO","url":"https:\/\/lamoderna.edu.ec\/","logo":{"@type":"ImageObject","inLanguage":"en-US","@id":"https:\/\/lamoderna.edu.ec\/#\/schema\/logo\/image\/","url":"https:\/\/lamoderna.edu.ec\/wp-content\/uploads\/2024\/08\/icono.png","contentUrl":"https:\/\/lamoderna.edu.ec\/wp-content\/uploads\/2024\/08\/icono.png","width":103,"height":102,"caption":"Colegio La Moderna"},"image":{"@id":"https:\/\/lamoderna.edu.ec\/#\/schema\/logo\/image\/"},"sameAs":["https:\/\/www.facebook.com\/lamodernaEC\/","https:\/\/www.instagram.com\/lamoderna_ec\/#"]}]}},"_links":{"self":[{"href":"https:\/\/lamoderna.edu.ec\/en\/wp-json\/wp\/v2\/pages\/4029","targetHints":{"allow":["GET"]}}],"collection":[{"href":"https:\/\/lamoderna.edu.ec\/en\/wp-json\/wp\/v2\/pages"}],"about":[{"href":"https:\/\/lamoderna.edu.ec\/en\/wp-json\/wp\/v2\/types\/page"}],"author":[{"embeddable":true,"href":"https:\/\/lamoderna.edu.ec\/en\/wp-json\/wp\/v2\/users\/2"}],"replies":[{"embeddable":true,"href":"https:\/\/lamoderna.edu.ec\/en\/wp-json\/wp\/v2\/comments?post=4029"}],"version-history":[{"count":27,"href":"https:\/\/lamoderna.edu.ec\/en\/wp-json\/wp\/v2\/pages\/4029\/revisions"}],"predecessor-version":[{"id":381691,"href":"https:\/\/lamoderna.edu.ec\/en\/wp-json\/wp\/v2\/pages\/4029\/revisions\/381691"}],"wp:attachment":[{"href":"https:\/\/lamoderna.edu.ec\/en\/wp-json\/wp\/v2\/media?parent=4029"}],"curies":[{"name":"wp","href":"https:\/\/api.w.org\/{rel}","templated":true}]}}