{"id":382136,"date":"2026-01-26T16:42:33","date_gmt":"2026-01-26T21:42:33","guid":{"rendered":"https:\/\/lamoderna.edu.ec\/?page_id=382136"},"modified":"2026-02-09T16:41:31","modified_gmt":"2026-02-09T21:41:31","slug":"tamara-calero-alvarez","status":"publish","type":"page","link":"https:\/\/lamoderna.edu.ec\/en\/tamara-calero-alvarez\/","title":{"rendered":"Tamara Calero Alvarez"},"content":{"rendered":"<div data-elementor-type=\"wp-page\" data-elementor-id=\"382136\" class=\"elementor elementor-382136\" data-elementor-post-type=\"page\">\n\t\t\t\t<div class=\"elementor-element elementor-element-0049a6f e-flex e-con-boxed e-con e-parent\" data-id=\"0049a6f\" data-element_type=\"container\" data-e-type=\"container\">\n\t\t\t\t\t<div class=\"e-con-inner\">\n\t\t<div class=\"elementor-element elementor-element-f617e62 e-con-full e-flex e-con e-child\" data-id=\"f617e62\" data-element_type=\"container\" data-e-type=\"container\">\n\t\t\t\t<div class=\"elementor-element elementor-element-9a3b105 elementor-widget elementor-widget-image\" data-id=\"9a3b105\" data-element_type=\"widget\" data-e-type=\"widget\" data-widget_type=\"image.default\">\n\t\t\t\t<div class=\"elementor-widget-container\">\n\t\t\t\t\t\t\t\t\t\t\t\t\t\t\t<img fetchpriority=\"high\" decoding=\"async\" width=\"500\" height=\"500\" src=\"https:\/\/lamoderna.edu.ec\/wp-content\/uploads\/2026\/01\/Tamara-Calero.jpg\" class=\"attachment-large size-large wp-image-382057\" alt=\"\" srcset=\"https:\/\/lamoderna.edu.ec\/wp-content\/uploads\/2026\/01\/Tamara-Calero.jpg 500w, https:\/\/lamoderna.edu.ec\/wp-content\/uploads\/2026\/01\/Tamara-Calero-300x300.jpg 300w, https:\/\/lamoderna.edu.ec\/wp-content\/uploads\/2026\/01\/Tamara-Calero-150x150.jpg 150w, https:\/\/lamoderna.edu.ec\/wp-content\/uploads\/2026\/01\/Tamara-Calero-12x12.jpg 12w\" sizes=\"(max-width: 500px) 100vw, 500px\" \/>\t\t\t\t\t\t\t\t\t\t\t\t\t\t\t<\/div>\n\t\t\t\t<\/div>\n\t\t\t\t<\/div>\n\t\t<div class=\"elementor-element elementor-element-869d369 e-con-full e-flex e-con e-child\" data-id=\"869d369\" data-element_type=\"container\" data-e-type=\"container\">\n\t\t\t\t<div class=\"elementor-element elementor-element-dd5a8cc elementor-widget elementor-widget-heading\" data-id=\"dd5a8cc\" data-element_type=\"widget\" data-e-type=\"widget\" data-widget_type=\"heading.default\">\n\t\t\t\t<div class=\"elementor-widget-container\">\n\t\t\t\t\t<h2 class=\"elementor-heading-title elementor-size-default\">Tamara Calero Alvarez<br>\nL\u00edder de Salvaguarda - ISP<\/h2>\t\t\t\t<\/div>\n\t\t\t\t<\/div>\n\t\t\t\t<div class=\"elementor-element elementor-element-a01b8b2 elementor-widget elementor-widget-text-editor\" data-id=\"a01b8b2\" data-element_type=\"widget\" data-e-type=\"widget\" data-widget_type=\"text-editor.default\">\n\t\t\t\t<div class=\"elementor-widget-container\">\n\t\t\t\t\t\t\t\t\t<p>Presentamos a Tamara Calero, psic\u00f3loga general y especialista en neuropsicolog\u00eda del aprendizaje, Coordinadora del Departamento de Consejer\u00eda Estudiantil (DECE) y L\u00edder de Salvaguarda \u2013 ISP. Cuenta con m\u00e1s de 8 a\u00f1os de experiencia en el \u00e1mbito educativo, tanto en educaci\u00f3n regular como especializada, promoviendo procesos de inclusi\u00f3n y acompa\u00f1amiento integral.<\/p><p>En su rol, garantiza entornos seguros, protegidos e inclusivos, liderando acciones orientadas al bienestar integral, la protecci\u00f3n de derechos y el desarrollo socioemocional de los estudiantes. Se destaca por su comunicaci\u00f3n asertiva, resoluci\u00f3n de conflictos y trabajo colaborativo, as\u00ed como por su dominio del idioma ingl\u00e9s y la lengua de se\u00f1as ecuatoriana. Su liderazgo fortalece una cultura institucional basada en el cuidado, la inclusi\u00f3n y el buen trato.<\/p>\t\t\t\t\t\t\t\t<\/div>\n\t\t\t\t<\/div>\n\t\t\t\t<\/div>\n\t\t\t\t\t<\/div>\n\t\t\t\t<\/div>\n\t\t\t\t<\/div>","protected":false},"excerpt":{"rendered":"<p>Tamara Calero Alvarez L\u00edder de Salvaguarda &#8211; ISP Presentamos a Tamara Calero, psic\u00f3loga general y especialista en neuropsicolog\u00eda del aprendizaje, Coordinadora del Departamento de Consejer\u00eda Estudiantil (DECE) y L\u00edder de Salvaguarda \u2013 ISP. Cuenta con m\u00e1s de 8 a\u00f1os de experiencia en el \u00e1mbito educativo, tanto en educaci\u00f3n regular como especializada, promoviendo procesos de inclusi\u00f3n [&hellip;]<\/p>\n","protected":false},"author":2,"featured_media":0,"parent":0,"menu_order":0,"comment_status":"closed","ping_status":"closed","template":"","meta":{"footnotes":""},"class_list":["post-382136","page","type-page","status-publish","hentry"],"yoast_head":"<!-- This site is optimized with the Yoast SEO plugin v27.4 - https:\/\/yoast.com\/product\/yoast-seo-wordpress\/ -->\n<title>Tamara Calero Alvarez - La Moderna<\/title>\n<meta name=\"robots\" content=\"index, follow, max-snippet:-1, max-image-preview:large, max-video-preview:-1\" \/>\n<link rel=\"canonical\" href=\"https:\/\/lamoderna.edu.ec\/en\/tamara-calero-alvarez\/\" \/>\n<meta property=\"og:locale\" content=\"en_US\" \/>\n<meta property=\"og:type\" content=\"article\" \/>\n<meta property=\"og:title\" content=\"Tamara Calero Alvarez - La Moderna\" \/>\n<meta property=\"og:description\" content=\"Tamara Calero Alvarez L\u00edder de Salvaguarda &#8211; ISP Presentamos a Tamara Calero, psic\u00f3loga general y especialista en neuropsicolog\u00eda del aprendizaje, Coordinadora del Departamento de Consejer\u00eda Estudiantil (DECE) y L\u00edder de Salvaguarda \u2013 ISP. Cuenta con m\u00e1s de 8 a\u00f1os de experiencia en el \u00e1mbito educativo, tanto en educaci\u00f3n regular como especializada, promoviendo procesos de inclusi\u00f3n [&hellip;]\" \/>\n<meta property=\"og:url\" content=\"https:\/\/lamoderna.edu.ec\/en\/tamara-calero-alvarez\/\" \/>\n<meta property=\"og:site_name\" content=\"La Moderna\" \/>\n<meta property=\"article:publisher\" content=\"https:\/\/www.facebook.com\/lamodernaEC\/\" \/>\n<meta property=\"article:modified_time\" content=\"2026-02-09T21:41:31+00:00\" \/>\n<meta property=\"og:image\" content=\"https:\/\/lamoderna.edu.ec\/wp-content\/uploads\/2026\/01\/Tamara-Calero.jpg\" \/>\n\t<meta property=\"og:image:width\" content=\"500\" \/>\n\t<meta property=\"og:image:height\" content=\"500\" \/>\n\t<meta property=\"og:image:type\" content=\"image\/jpeg\" \/>\n<meta name=\"twitter:card\" content=\"summary_large_image\" \/>\n<meta name=\"twitter:label1\" content=\"Est. reading time\" \/>\n\t<meta name=\"twitter:data1\" content=\"1 minute\" \/>\n<script type=\"application\/ld+json\" class=\"yoast-schema-graph\">{\"@context\":\"https:\\\/\\\/schema.org\",\"@graph\":[{\"@type\":\"WebPage\",\"@id\":\"https:\\\/\\\/lamoderna.edu.ec\\\/tamara-calero-alvarez\\\/\",\"url\":\"https:\\\/\\\/lamoderna.edu.ec\\\/tamara-calero-alvarez\\\/\",\"name\":\"Tamara Calero Alvarez - La Moderna\",\"isPartOf\":{\"@id\":\"https:\\\/\\\/lamoderna.edu.ec\\\/#website\"},\"primaryImageOfPage\":{\"@id\":\"https:\\\/\\\/lamoderna.edu.ec\\\/tamara-calero-alvarez\\\/#primaryimage\"},\"image\":{\"@id\":\"https:\\\/\\\/lamoderna.edu.ec\\\/tamara-calero-alvarez\\\/#primaryimage\"},\"thumbnailUrl\":\"https:\\\/\\\/lamoderna.edu.ec\\\/wp-content\\\/uploads\\\/2026\\\/01\\\/Tamara-Calero.jpg\",\"datePublished\":\"2026-01-26T21:42:33+00:00\",\"dateModified\":\"2026-02-09T21:41:31+00:00\",\"breadcrumb\":{\"@id\":\"https:\\\/\\\/lamoderna.edu.ec\\\/tamara-calero-alvarez\\\/#breadcrumb\"},\"inLanguage\":\"en-US\",\"potentialAction\":[{\"@type\":\"ReadAction\",\"target\":[\"https:\\\/\\\/lamoderna.edu.ec\\\/tamara-calero-alvarez\\\/\"]}]},{\"@type\":\"ImageObject\",\"inLanguage\":\"en-US\",\"@id\":\"https:\\\/\\\/lamoderna.edu.ec\\\/tamara-calero-alvarez\\\/#primaryimage\",\"url\":\"https:\\\/\\\/lamoderna.edu.ec\\\/wp-content\\\/uploads\\\/2026\\\/01\\\/Tamara-Calero.jpg\",\"contentUrl\":\"https:\\\/\\\/lamoderna.edu.ec\\\/wp-content\\\/uploads\\\/2026\\\/01\\\/Tamara-Calero.jpg\"},{\"@type\":\"BreadcrumbList\",\"@id\":\"https:\\\/\\\/lamoderna.edu.ec\\\/tamara-calero-alvarez\\\/#breadcrumb\",\"itemListElement\":[{\"@type\":\"ListItem\",\"position\":1,\"name\":\"Inicio\",\"item\":\"https:\\\/\\\/lamoderna.edu.ec\\\/\"},{\"@type\":\"ListItem\",\"position\":2,\"name\":\"Tamara Calero Alvarez\"}]},{\"@type\":\"WebSite\",\"@id\":\"https:\\\/\\\/lamoderna.edu.ec\\\/#website\",\"url\":\"https:\\\/\\\/lamoderna.edu.ec\\\/\",\"name\":\"Colegio La Moderna\",\"description\":\"Unidad Educativa Particular Biling\u00fce\",\"publisher\":{\"@id\":\"https:\\\/\\\/lamoderna.edu.ec\\\/#organization\"},\"alternateName\":\"Colegio LMO\",\"potentialAction\":[{\"@type\":\"SearchAction\",\"target\":{\"@type\":\"EntryPoint\",\"urlTemplate\":\"https:\\\/\\\/lamoderna.edu.ec\\\/?s={search_term_string}\"},\"query-input\":{\"@type\":\"PropertyValueSpecification\",\"valueRequired\":true,\"valueName\":\"search_term_string\"}}],\"inLanguage\":\"en-US\"},{\"@type\":\"Organization\",\"@id\":\"https:\\\/\\\/lamoderna.edu.ec\\\/#organization\",\"name\":\"Colegio La Moderna\",\"alternateName\":\"Colegio LMO\",\"url\":\"https:\\\/\\\/lamoderna.edu.ec\\\/\",\"logo\":{\"@type\":\"ImageObject\",\"inLanguage\":\"en-US\",\"@id\":\"https:\\\/\\\/lamoderna.edu.ec\\\/#\\\/schema\\\/logo\\\/image\\\/\",\"url\":\"https:\\\/\\\/lamoderna.edu.ec\\\/wp-content\\\/uploads\\\/2024\\\/08\\\/icono.png\",\"contentUrl\":\"https:\\\/\\\/lamoderna.edu.ec\\\/wp-content\\\/uploads\\\/2024\\\/08\\\/icono.png\",\"width\":103,\"height\":102,\"caption\":\"Colegio La Moderna\"},\"image\":{\"@id\":\"https:\\\/\\\/lamoderna.edu.ec\\\/#\\\/schema\\\/logo\\\/image\\\/\"},\"sameAs\":[\"https:\\\/\\\/www.facebook.com\\\/lamodernaEC\\\/\",\"https:\\\/\\\/www.instagram.com\\\/lamoderna_ec\\\/#\"]}]}<\/script>\n<!-- \/ Yoast SEO plugin. -->","yoast_head_json":{"title":"Tamara Calero Alvarez - La Moderna","robots":{"index":"index","follow":"follow","max-snippet":"max-snippet:-1","max-image-preview":"max-image-preview:large","max-video-preview":"max-video-preview:-1"},"canonical":"https:\/\/lamoderna.edu.ec\/en\/tamara-calero-alvarez\/","og_locale":"en_US","og_type":"article","og_title":"Tamara Calero Alvarez - La Moderna","og_description":"Tamara Calero Alvarez L\u00edder de Salvaguarda &#8211; ISP Presentamos a Tamara Calero, psic\u00f3loga general y especialista en neuropsicolog\u00eda del aprendizaje, Coordinadora del Departamento de Consejer\u00eda Estudiantil (DECE) y L\u00edder de Salvaguarda \u2013 ISP. Cuenta con m\u00e1s de 8 a\u00f1os de experiencia en el \u00e1mbito educativo, tanto en educaci\u00f3n regular como especializada, promoviendo procesos de inclusi\u00f3n [&hellip;]","og_url":"https:\/\/lamoderna.edu.ec\/en\/tamara-calero-alvarez\/","og_site_name":"La Moderna","article_publisher":"https:\/\/www.facebook.com\/lamodernaEC\/","article_modified_time":"2026-02-09T21:41:31+00:00","og_image":[{"width":500,"height":500,"url":"https:\/\/lamoderna.edu.ec\/wp-content\/uploads\/2026\/01\/Tamara-Calero.jpg","type":"image\/jpeg"}],"twitter_card":"summary_large_image","twitter_misc":{"Est. reading time":"1 minute"},"schema":{"@context":"https:\/\/schema.org","@graph":[{"@type":"WebPage","@id":"https:\/\/lamoderna.edu.ec\/tamara-calero-alvarez\/","url":"https:\/\/lamoderna.edu.ec\/tamara-calero-alvarez\/","name":"Tamara Calero Alvarez - La Moderna","isPartOf":{"@id":"https:\/\/lamoderna.edu.ec\/#website"},"primaryImageOfPage":{"@id":"https:\/\/lamoderna.edu.ec\/tamara-calero-alvarez\/#primaryimage"},"image":{"@id":"https:\/\/lamoderna.edu.ec\/tamara-calero-alvarez\/#primaryimage"},"thumbnailUrl":"https:\/\/lamoderna.edu.ec\/wp-content\/uploads\/2026\/01\/Tamara-Calero.jpg","datePublished":"2026-01-26T21:42:33+00:00","dateModified":"2026-02-09T21:41:31+00:00","breadcrumb":{"@id":"https:\/\/lamoderna.edu.ec\/tamara-calero-alvarez\/#breadcrumb"},"inLanguage":"en-US","potentialAction":[{"@type":"ReadAction","target":["https:\/\/lamoderna.edu.ec\/tamara-calero-alvarez\/"]}]},{"@type":"ImageObject","inLanguage":"en-US","@id":"https:\/\/lamoderna.edu.ec\/tamara-calero-alvarez\/#primaryimage","url":"https:\/\/lamoderna.edu.ec\/wp-content\/uploads\/2026\/01\/Tamara-Calero.jpg","contentUrl":"https:\/\/lamoderna.edu.ec\/wp-content\/uploads\/2026\/01\/Tamara-Calero.jpg"},{"@type":"BreadcrumbList","@id":"https:\/\/lamoderna.edu.ec\/tamara-calero-alvarez\/#breadcrumb","itemListElement":[{"@type":"ListItem","position":1,"name":"Inicio","item":"https:\/\/lamoderna.edu.ec\/"},{"@type":"ListItem","position":2,"name":"Tamara Calero Alvarez"}]},{"@type":"WebSite","@id":"https:\/\/lamoderna.edu.ec\/#website","url":"https:\/\/lamoderna.edu.ec\/","name":"Colegio La Moderna","description":"Unidad Educativa Particular Biling\u00fce","publisher":{"@id":"https:\/\/lamoderna.edu.ec\/#organization"},"alternateName":"Colegio LMO","potentialAction":[{"@type":"SearchAction","target":{"@type":"EntryPoint","urlTemplate":"https:\/\/lamoderna.edu.ec\/?s={search_term_string}"},"query-input":{"@type":"PropertyValueSpecification","valueRequired":true,"valueName":"search_term_string"}}],"inLanguage":"en-US"},{"@type":"Organization","@id":"https:\/\/lamoderna.edu.ec\/#organization","name":"Colegio La Moderna","alternateName":"Colegio LMO","url":"https:\/\/lamoderna.edu.ec\/","logo":{"@type":"ImageObject","inLanguage":"en-US","@id":"https:\/\/lamoderna.edu.ec\/#\/schema\/logo\/image\/","url":"https:\/\/lamoderna.edu.ec\/wp-content\/uploads\/2024\/08\/icono.png","contentUrl":"https:\/\/lamoderna.edu.ec\/wp-content\/uploads\/2024\/08\/icono.png","width":103,"height":102,"caption":"Colegio La Moderna"},"image":{"@id":"https:\/\/lamoderna.edu.ec\/#\/schema\/logo\/image\/"},"sameAs":["https:\/\/www.facebook.com\/lamodernaEC\/","https:\/\/www.instagram.com\/lamoderna_ec\/#"]}]}},"_links":{"self":[{"href":"https:\/\/lamoderna.edu.ec\/en\/wp-json\/wp\/v2\/pages\/382136","targetHints":{"allow":["GET"]}}],"collection":[{"href":"https:\/\/lamoderna.edu.ec\/en\/wp-json\/wp\/v2\/pages"}],"about":[{"href":"https:\/\/lamoderna.edu.ec\/en\/wp-json\/wp\/v2\/types\/page"}],"author":[{"embeddable":true,"href":"https:\/\/lamoderna.edu.ec\/en\/wp-json\/wp\/v2\/users\/2"}],"replies":[{"embeddable":true,"href":"https:\/\/lamoderna.edu.ec\/en\/wp-json\/wp\/v2\/comments?post=382136"}],"version-history":[{"count":7,"href":"https:\/\/lamoderna.edu.ec\/en\/wp-json\/wp\/v2\/pages\/382136\/revisions"}],"predecessor-version":[{"id":382230,"href":"https:\/\/lamoderna.edu.ec\/en\/wp-json\/wp\/v2\/pages\/382136\/revisions\/382230"}],"wp:attachment":[{"href":"https:\/\/lamoderna.edu.ec\/en\/wp-json\/wp\/v2\/media?parent=382136"}],"curies":[{"name":"wp","href":"https:\/\/api.w.org\/{rel}","templated":true}]}}