{"id":382126,"date":"2026-01-26T16:38:56","date_gmt":"2026-01-26T21:38:56","guid":{"rendered":"https:\/\/lamoderna.edu.ec\/?page_id=382126"},"modified":"2026-02-02T16:05:04","modified_gmt":"2026-02-02T21:05:04","slug":"alejandro-cabeza-de-vaca","status":"publish","type":"page","link":"https:\/\/lamoderna.edu.ec\/en\/alejandro-cabeza-de-vaca\/","title":{"rendered":"Alejandro Cabeza de Vaca"},"content":{"rendered":"<div data-elementor-type=\"wp-page\" data-elementor-id=\"382126\" class=\"elementor elementor-382126\" data-elementor-post-type=\"page\">\n\t\t\t\t<div class=\"elementor-element elementor-element-0049a6f e-flex e-con-boxed e-con e-parent\" data-id=\"0049a6f\" data-element_type=\"container\" data-e-type=\"container\">\n\t\t\t\t\t<div class=\"e-con-inner\">\n\t\t<div class=\"elementor-element elementor-element-f617e62 e-con-full e-flex e-con e-child\" data-id=\"f617e62\" data-element_type=\"container\" data-e-type=\"container\">\n\t\t\t\t<div class=\"elementor-element elementor-element-9a3b105 elementor-widget elementor-widget-image\" data-id=\"9a3b105\" data-element_type=\"widget\" data-e-type=\"widget\" data-widget_type=\"image.default\">\n\t\t\t\t<div class=\"elementor-widget-container\">\n\t\t\t\t\t\t\t\t\t\t\t\t\t\t\t<img fetchpriority=\"high\" decoding=\"async\" width=\"500\" height=\"500\" src=\"https:\/\/lamoderna.edu.ec\/wp-content\/uploads\/2026\/01\/Alejandro-Cabeza.jpg\" class=\"attachment-large size-large wp-image-382167\" alt=\"\" srcset=\"https:\/\/lamoderna.edu.ec\/wp-content\/uploads\/2026\/01\/Alejandro-Cabeza.jpg 500w, https:\/\/lamoderna.edu.ec\/wp-content\/uploads\/2026\/01\/Alejandro-Cabeza-300x300.jpg 300w, https:\/\/lamoderna.edu.ec\/wp-content\/uploads\/2026\/01\/Alejandro-Cabeza-150x150.jpg 150w, https:\/\/lamoderna.edu.ec\/wp-content\/uploads\/2026\/01\/Alejandro-Cabeza-12x12.jpg 12w\" sizes=\"(max-width: 500px) 100vw, 500px\" \/>\t\t\t\t\t\t\t\t\t\t\t\t\t\t\t<\/div>\n\t\t\t\t<\/div>\n\t\t\t\t<\/div>\n\t\t<div class=\"elementor-element elementor-element-869d369 e-con-full e-flex e-con e-child\" data-id=\"869d369\" data-element_type=\"container\" data-e-type=\"container\">\n\t\t\t\t<div class=\"elementor-element elementor-element-dd5a8cc elementor-widget elementor-widget-heading\" data-id=\"dd5a8cc\" data-element_type=\"widget\" data-e-type=\"widget\" data-widget_type=\"heading.default\">\n\t\t\t\t<div class=\"elementor-widget-container\">\n\t\t\t\t\t<h2 class=\"elementor-heading-title elementor-size-default\">Alejandro Cabeza de Vaca<br>\nInspector General<\/h2>\t\t\t\t<\/div>\n\t\t\t\t<\/div>\n\t\t\t\t<div class=\"elementor-element elementor-element-a01b8b2 elementor-widget elementor-widget-text-editor\" data-id=\"a01b8b2\" data-element_type=\"widget\" data-e-type=\"widget\" data-widget_type=\"text-editor.default\">\n\t\t\t\t<div class=\"elementor-widget-container\">\n\t\t\t\t\t\t\t\t\t<p>Presentamos a Alejandro Moroni Cabeza de Vaca V\u00e9lez, Inspector General con 12 a\u00f1os de experiencia en el desarrollo educativo y la gesti\u00f3n institucional. Se caracteriza por ser una persona firme y cordial, que mantiene una relaci\u00f3n cercana y respetuosa con toda la comunidad escolar, demostrando siempre una gran disposici\u00f3n de servicio.<br \/><br \/>Cuenta con formaci\u00f3n en TESOL Teacher in Professional Studies y es Licenciado en Pedagog\u00eda de los Idiomas Nacionales y Extranjeros, lo que le permite comprender el proceso educativo desde una perspectiva integral, acad\u00e9mica y humana.<br \/><br \/>Desde su cargo, promueve un clima escolar positivo, basado en el respeto, la convivencia arm\u00f3nica y el cumplimiento de la normativa institucional, contribuyendo activamente a la formaci\u00f3n integral de los estudiantes y al fortalecimiento de una comunidad educativa organizada, segura y comprometida.<\/p>\t\t\t\t\t\t\t\t<\/div>\n\t\t\t\t<\/div>\n\t\t\t\t<\/div>\n\t\t\t\t\t<\/div>\n\t\t\t\t<\/div>\n\t\t\t\t<\/div>","protected":false},"excerpt":{"rendered":"<p>Alejandro Cabeza de Vaca Inspector General Presentamos a Alejandro Moroni Cabeza de Vaca V\u00e9lez, Inspector General con 12 a\u00f1os de experiencia en el desarrollo educativo y la gesti\u00f3n institucional. Se caracteriza por ser una persona firme y cordial, que mantiene una relaci\u00f3n cercana y respetuosa con toda la comunidad escolar, demostrando siempre una gran disposici\u00f3n [&hellip;]<\/p>\n","protected":false},"author":2,"featured_media":0,"parent":0,"menu_order":0,"comment_status":"closed","ping_status":"closed","template":"","meta":{"footnotes":""},"class_list":["post-382126","page","type-page","status-publish","hentry"],"yoast_head":"<!-- This site is optimized with the Yoast SEO plugin v27.4 - https:\/\/yoast.com\/product\/yoast-seo-wordpress\/ -->\n<title>Alejandro Cabeza de Vaca - La Moderna<\/title>\n<meta name=\"robots\" content=\"index, follow, max-snippet:-1, max-image-preview:large, max-video-preview:-1\" \/>\n<link rel=\"canonical\" href=\"https:\/\/lamoderna.edu.ec\/en\/alejandro-cabeza-de-vaca\/\" \/>\n<meta property=\"og:locale\" content=\"en_US\" \/>\n<meta property=\"og:type\" content=\"article\" \/>\n<meta property=\"og:title\" content=\"Alejandro Cabeza de Vaca - La Moderna\" \/>\n<meta property=\"og:description\" content=\"Alejandro Cabeza de Vaca Inspector General Presentamos a Alejandro Moroni Cabeza de Vaca V\u00e9lez, Inspector General con 12 a\u00f1os de experiencia en el desarrollo educativo y la gesti\u00f3n institucional. Se caracteriza por ser una persona firme y cordial, que mantiene una relaci\u00f3n cercana y respetuosa con toda la comunidad escolar, demostrando siempre una gran disposici\u00f3n [&hellip;]\" \/>\n<meta property=\"og:url\" content=\"https:\/\/lamoderna.edu.ec\/en\/alejandro-cabeza-de-vaca\/\" \/>\n<meta property=\"og:site_name\" content=\"La Moderna\" \/>\n<meta property=\"article:publisher\" content=\"https:\/\/www.facebook.com\/lamodernaEC\/\" \/>\n<meta property=\"article:modified_time\" content=\"2026-02-02T21:05:04+00:00\" \/>\n<meta property=\"og:image\" content=\"https:\/\/lamoderna.edu.ec\/wp-content\/uploads\/2026\/01\/Alejandro-Cabeza.jpg\" \/>\n\t<meta property=\"og:image:width\" content=\"500\" \/>\n\t<meta property=\"og:image:height\" content=\"500\" \/>\n\t<meta property=\"og:image:type\" content=\"image\/jpeg\" \/>\n<meta name=\"twitter:card\" content=\"summary_large_image\" \/>\n<meta name=\"twitter:label1\" content=\"Est. reading time\" \/>\n\t<meta name=\"twitter:data1\" content=\"1 minute\" \/>\n<script type=\"application\/ld+json\" class=\"yoast-schema-graph\">{\"@context\":\"https:\\\/\\\/schema.org\",\"@graph\":[{\"@type\":\"WebPage\",\"@id\":\"https:\\\/\\\/lamoderna.edu.ec\\\/alejandro-cabeza-de-vaca\\\/\",\"url\":\"https:\\\/\\\/lamoderna.edu.ec\\\/alejandro-cabeza-de-vaca\\\/\",\"name\":\"Alejandro Cabeza de Vaca - La Moderna\",\"isPartOf\":{\"@id\":\"https:\\\/\\\/lamoderna.edu.ec\\\/#website\"},\"primaryImageOfPage\":{\"@id\":\"https:\\\/\\\/lamoderna.edu.ec\\\/alejandro-cabeza-de-vaca\\\/#primaryimage\"},\"image\":{\"@id\":\"https:\\\/\\\/lamoderna.edu.ec\\\/alejandro-cabeza-de-vaca\\\/#primaryimage\"},\"thumbnailUrl\":\"https:\\\/\\\/lamoderna.edu.ec\\\/wp-content\\\/uploads\\\/2026\\\/01\\\/Alejandro-Cabeza.jpg\",\"datePublished\":\"2026-01-26T21:38:56+00:00\",\"dateModified\":\"2026-02-02T21:05:04+00:00\",\"breadcrumb\":{\"@id\":\"https:\\\/\\\/lamoderna.edu.ec\\\/alejandro-cabeza-de-vaca\\\/#breadcrumb\"},\"inLanguage\":\"en-US\",\"potentialAction\":[{\"@type\":\"ReadAction\",\"target\":[\"https:\\\/\\\/lamoderna.edu.ec\\\/alejandro-cabeza-de-vaca\\\/\"]}]},{\"@type\":\"ImageObject\",\"inLanguage\":\"en-US\",\"@id\":\"https:\\\/\\\/lamoderna.edu.ec\\\/alejandro-cabeza-de-vaca\\\/#primaryimage\",\"url\":\"https:\\\/\\\/lamoderna.edu.ec\\\/wp-content\\\/uploads\\\/2026\\\/01\\\/Alejandro-Cabeza.jpg\",\"contentUrl\":\"https:\\\/\\\/lamoderna.edu.ec\\\/wp-content\\\/uploads\\\/2026\\\/01\\\/Alejandro-Cabeza.jpg\"},{\"@type\":\"BreadcrumbList\",\"@id\":\"https:\\\/\\\/lamoderna.edu.ec\\\/alejandro-cabeza-de-vaca\\\/#breadcrumb\",\"itemListElement\":[{\"@type\":\"ListItem\",\"position\":1,\"name\":\"Inicio\",\"item\":\"https:\\\/\\\/lamoderna.edu.ec\\\/\"},{\"@type\":\"ListItem\",\"position\":2,\"name\":\"Alejandro Cabeza de Vaca\"}]},{\"@type\":\"WebSite\",\"@id\":\"https:\\\/\\\/lamoderna.edu.ec\\\/#website\",\"url\":\"https:\\\/\\\/lamoderna.edu.ec\\\/\",\"name\":\"Colegio La Moderna\",\"description\":\"Unidad Educativa Particular Biling\u00fce\",\"publisher\":{\"@id\":\"https:\\\/\\\/lamoderna.edu.ec\\\/#organization\"},\"alternateName\":\"Colegio LMO\",\"potentialAction\":[{\"@type\":\"SearchAction\",\"target\":{\"@type\":\"EntryPoint\",\"urlTemplate\":\"https:\\\/\\\/lamoderna.edu.ec\\\/?s={search_term_string}\"},\"query-input\":{\"@type\":\"PropertyValueSpecification\",\"valueRequired\":true,\"valueName\":\"search_term_string\"}}],\"inLanguage\":\"en-US\"},{\"@type\":\"Organization\",\"@id\":\"https:\\\/\\\/lamoderna.edu.ec\\\/#organization\",\"name\":\"Colegio La Moderna\",\"alternateName\":\"Colegio LMO\",\"url\":\"https:\\\/\\\/lamoderna.edu.ec\\\/\",\"logo\":{\"@type\":\"ImageObject\",\"inLanguage\":\"en-US\",\"@id\":\"https:\\\/\\\/lamoderna.edu.ec\\\/#\\\/schema\\\/logo\\\/image\\\/\",\"url\":\"https:\\\/\\\/lamoderna.edu.ec\\\/wp-content\\\/uploads\\\/2024\\\/08\\\/icono.png\",\"contentUrl\":\"https:\\\/\\\/lamoderna.edu.ec\\\/wp-content\\\/uploads\\\/2024\\\/08\\\/icono.png\",\"width\":103,\"height\":102,\"caption\":\"Colegio La Moderna\"},\"image\":{\"@id\":\"https:\\\/\\\/lamoderna.edu.ec\\\/#\\\/schema\\\/logo\\\/image\\\/\"},\"sameAs\":[\"https:\\\/\\\/www.facebook.com\\\/lamodernaEC\\\/\",\"https:\\\/\\\/www.instagram.com\\\/lamoderna_ec\\\/#\"]}]}<\/script>\n<!-- \/ Yoast SEO plugin. -->","yoast_head_json":{"title":"Alejandro Cabeza de Vaca - La Moderna","robots":{"index":"index","follow":"follow","max-snippet":"max-snippet:-1","max-image-preview":"max-image-preview:large","max-video-preview":"max-video-preview:-1"},"canonical":"https:\/\/lamoderna.edu.ec\/en\/alejandro-cabeza-de-vaca\/","og_locale":"en_US","og_type":"article","og_title":"Alejandro Cabeza de Vaca - La Moderna","og_description":"Alejandro Cabeza de Vaca Inspector General Presentamos a Alejandro Moroni Cabeza de Vaca V\u00e9lez, Inspector General con 12 a\u00f1os de experiencia en el desarrollo educativo y la gesti\u00f3n institucional. Se caracteriza por ser una persona firme y cordial, que mantiene una relaci\u00f3n cercana y respetuosa con toda la comunidad escolar, demostrando siempre una gran disposici\u00f3n [&hellip;]","og_url":"https:\/\/lamoderna.edu.ec\/en\/alejandro-cabeza-de-vaca\/","og_site_name":"La Moderna","article_publisher":"https:\/\/www.facebook.com\/lamodernaEC\/","article_modified_time":"2026-02-02T21:05:04+00:00","og_image":[{"width":500,"height":500,"url":"https:\/\/lamoderna.edu.ec\/wp-content\/uploads\/2026\/01\/Alejandro-Cabeza.jpg","type":"image\/jpeg"}],"twitter_card":"summary_large_image","twitter_misc":{"Est. reading time":"1 minute"},"schema":{"@context":"https:\/\/schema.org","@graph":[{"@type":"WebPage","@id":"https:\/\/lamoderna.edu.ec\/alejandro-cabeza-de-vaca\/","url":"https:\/\/lamoderna.edu.ec\/alejandro-cabeza-de-vaca\/","name":"Alejandro Cabeza de Vaca - La Moderna","isPartOf":{"@id":"https:\/\/lamoderna.edu.ec\/#website"},"primaryImageOfPage":{"@id":"https:\/\/lamoderna.edu.ec\/alejandro-cabeza-de-vaca\/#primaryimage"},"image":{"@id":"https:\/\/lamoderna.edu.ec\/alejandro-cabeza-de-vaca\/#primaryimage"},"thumbnailUrl":"https:\/\/lamoderna.edu.ec\/wp-content\/uploads\/2026\/01\/Alejandro-Cabeza.jpg","datePublished":"2026-01-26T21:38:56+00:00","dateModified":"2026-02-02T21:05:04+00:00","breadcrumb":{"@id":"https:\/\/lamoderna.edu.ec\/alejandro-cabeza-de-vaca\/#breadcrumb"},"inLanguage":"en-US","potentialAction":[{"@type":"ReadAction","target":["https:\/\/lamoderna.edu.ec\/alejandro-cabeza-de-vaca\/"]}]},{"@type":"ImageObject","inLanguage":"en-US","@id":"https:\/\/lamoderna.edu.ec\/alejandro-cabeza-de-vaca\/#primaryimage","url":"https:\/\/lamoderna.edu.ec\/wp-content\/uploads\/2026\/01\/Alejandro-Cabeza.jpg","contentUrl":"https:\/\/lamoderna.edu.ec\/wp-content\/uploads\/2026\/01\/Alejandro-Cabeza.jpg"},{"@type":"BreadcrumbList","@id":"https:\/\/lamoderna.edu.ec\/alejandro-cabeza-de-vaca\/#breadcrumb","itemListElement":[{"@type":"ListItem","position":1,"name":"Inicio","item":"https:\/\/lamoderna.edu.ec\/"},{"@type":"ListItem","position":2,"name":"Alejandro Cabeza de Vaca"}]},{"@type":"WebSite","@id":"https:\/\/lamoderna.edu.ec\/#website","url":"https:\/\/lamoderna.edu.ec\/","name":"Colegio La Moderna","description":"Unidad Educativa Particular Biling\u00fce","publisher":{"@id":"https:\/\/lamoderna.edu.ec\/#organization"},"alternateName":"Colegio LMO","potentialAction":[{"@type":"SearchAction","target":{"@type":"EntryPoint","urlTemplate":"https:\/\/lamoderna.edu.ec\/?s={search_term_string}"},"query-input":{"@type":"PropertyValueSpecification","valueRequired":true,"valueName":"search_term_string"}}],"inLanguage":"en-US"},{"@type":"Organization","@id":"https:\/\/lamoderna.edu.ec\/#organization","name":"Colegio La Moderna","alternateName":"Colegio LMO","url":"https:\/\/lamoderna.edu.ec\/","logo":{"@type":"ImageObject","inLanguage":"en-US","@id":"https:\/\/lamoderna.edu.ec\/#\/schema\/logo\/image\/","url":"https:\/\/lamoderna.edu.ec\/wp-content\/uploads\/2024\/08\/icono.png","contentUrl":"https:\/\/lamoderna.edu.ec\/wp-content\/uploads\/2024\/08\/icono.png","width":103,"height":102,"caption":"Colegio La Moderna"},"image":{"@id":"https:\/\/lamoderna.edu.ec\/#\/schema\/logo\/image\/"},"sameAs":["https:\/\/www.facebook.com\/lamodernaEC\/","https:\/\/www.instagram.com\/lamoderna_ec\/#"]}]}},"_links":{"self":[{"href":"https:\/\/lamoderna.edu.ec\/en\/wp-json\/wp\/v2\/pages\/382126","targetHints":{"allow":["GET"]}}],"collection":[{"href":"https:\/\/lamoderna.edu.ec\/en\/wp-json\/wp\/v2\/pages"}],"about":[{"href":"https:\/\/lamoderna.edu.ec\/en\/wp-json\/wp\/v2\/types\/page"}],"author":[{"embeddable":true,"href":"https:\/\/lamoderna.edu.ec\/en\/wp-json\/wp\/v2\/users\/2"}],"replies":[{"embeddable":true,"href":"https:\/\/lamoderna.edu.ec\/en\/wp-json\/wp\/v2\/comments?post=382126"}],"version-history":[{"count":7,"href":"https:\/\/lamoderna.edu.ec\/en\/wp-json\/wp\/v2\/pages\/382126\/revisions"}],"predecessor-version":[{"id":382178,"href":"https:\/\/lamoderna.edu.ec\/en\/wp-json\/wp\/v2\/pages\/382126\/revisions\/382178"}],"wp:attachment":[{"href":"https:\/\/lamoderna.edu.ec\/en\/wp-json\/wp\/v2\/media?parent=382126"}],"curies":[{"name":"wp","href":"https:\/\/api.w.org\/{rel}","templated":true}]}}