{"id":382121,"date":"2026-01-26T16:34:55","date_gmt":"2026-01-26T21:34:55","guid":{"rendered":"https:\/\/lamoderna.edu.ec\/?page_id=382121"},"modified":"2026-02-03T11:07:49","modified_gmt":"2026-02-03T16:07:49","slug":"luisa-villacreses","status":"publish","type":"page","link":"https:\/\/lamoderna.edu.ec\/en\/luisa-villacreses\/","title":{"rendered":"Luisa Villacreses"},"content":{"rendered":"<div data-elementor-type=\"wp-page\" data-elementor-id=\"382121\" class=\"elementor elementor-382121\" data-elementor-post-type=\"page\">\n\t\t\t\t<div class=\"elementor-element elementor-element-0049a6f e-flex e-con-boxed e-con e-parent\" data-id=\"0049a6f\" data-element_type=\"container\" data-e-type=\"container\">\n\t\t\t\t\t<div class=\"e-con-inner\">\n\t\t<div class=\"elementor-element elementor-element-f617e62 e-con-full e-flex e-con e-child\" data-id=\"f617e62\" data-element_type=\"container\" data-e-type=\"container\">\n\t\t\t\t<div class=\"elementor-element elementor-element-9a3b105 elementor-widget elementor-widget-image\" data-id=\"9a3b105\" data-element_type=\"widget\" data-e-type=\"widget\" data-widget_type=\"image.default\">\n\t\t\t\t<div class=\"elementor-widget-container\">\n\t\t\t\t\t\t\t\t\t\t\t\t\t\t\t<img fetchpriority=\"high\" decoding=\"async\" width=\"500\" height=\"500\" src=\"https:\/\/lamoderna.edu.ec\/wp-content\/uploads\/2026\/01\/Luisa-Villacreses-1.jpg\" class=\"attachment-large size-large wp-image-382165\" alt=\"\" srcset=\"https:\/\/lamoderna.edu.ec\/wp-content\/uploads\/2026\/01\/Luisa-Villacreses-1.jpg 500w, https:\/\/lamoderna.edu.ec\/wp-content\/uploads\/2026\/01\/Luisa-Villacreses-1-300x300.jpg 300w, https:\/\/lamoderna.edu.ec\/wp-content\/uploads\/2026\/01\/Luisa-Villacreses-1-150x150.jpg 150w, https:\/\/lamoderna.edu.ec\/wp-content\/uploads\/2026\/01\/Luisa-Villacreses-1-12x12.jpg 12w\" sizes=\"(max-width: 500px) 100vw, 500px\" \/>\t\t\t\t\t\t\t\t\t\t\t\t\t\t\t<\/div>\n\t\t\t\t<\/div>\n\t\t\t\t<\/div>\n\t\t<div class=\"elementor-element elementor-element-869d369 e-con-full e-flex e-con e-child\" data-id=\"869d369\" data-element_type=\"container\" data-e-type=\"container\">\n\t\t\t\t<div class=\"elementor-element elementor-element-dd5a8cc elementor-widget elementor-widget-heading\" data-id=\"dd5a8cc\" data-element_type=\"widget\" data-e-type=\"widget\" data-widget_type=\"heading.default\">\n\t\t\t\t<div class=\"elementor-widget-container\">\n\t\t\t\t\t<h2 class=\"elementor-heading-title elementor-size-default\">Luisa Villacreses<br>\nDirectora de Pre Escolar<\/h2>\t\t\t\t<\/div>\n\t\t\t\t<\/div>\n\t\t\t\t<div class=\"elementor-element elementor-element-a01b8b2 elementor-widget elementor-widget-text-editor\" data-id=\"a01b8b2\" data-element_type=\"widget\" data-e-type=\"widget\" data-widget_type=\"text-editor.default\">\n\t\t\t\t<div class=\"elementor-widget-container\">\n\t\t\t\t\t\t\t\t\t<p>Presentamos a Miss Luisi, como es conocida con especial afecto por la comunidad educativa. Es Educadora de P\u00e1rvulos y Licenciada en Administraci\u00f3n y Supervisi\u00f3n Educativa, con m\u00e1s de veinte a\u00f1os de destacada trayectoria en nuestro colegio, acompa\u00f1ando a familias y a generaciones de estudiantes que ha visto con alegr\u00eda graduarse.<\/p><p>Su labor refleja un s\u00f3lido compromiso con el bienestar integral de ni\u00f1os y ni\u00f1as de entre 1 a\u00f1o y medio y 5 a\u00f1os, orientado al desarrollo pleno de sus habilidades, destrezas y competencias para la vida durante la etapa de Educaci\u00f3n Inicial y Primero EGB.<\/p><p>Coordina proyectos que est\u00e9n inmersos en el idioma ingl\u00e9s, lo que le permite aportar una valiosa perspectiva multicultural a su quehacer educativo, generando un impacto significativo en los procesos de aprendizaje de los peque\u00f1os estudiantes con otras culturas. Trabaja de manera articulada y cercana con las docentes de Espa\u00f1ol, Ingl\u00e9s, las ayudantes, la maestra de Franc\u00e9s y Educaci\u00f3n F\u00edsica, adem\u00e1s con el Departamento de Consejer\u00eda Estudiantil (DECE), brindando un acompa\u00f1amiento integral centrado en el desarrollo socioemocional de cada ni\u00f1o y ni\u00f1aque ingresa al Pre Escolar de La Moderna.<\/p>\t\t\t\t\t\t\t\t<\/div>\n\t\t\t\t<\/div>\n\t\t\t\t<\/div>\n\t\t\t\t\t<\/div>\n\t\t\t\t<\/div>\n\t\t<div class=\"elementor-element elementor-element-195d9ef e-flex e-con-boxed e-con e-parent\" data-id=\"195d9ef\" data-element_type=\"container\" data-e-type=\"container\">\n\t\t\t\t\t<div class=\"e-con-inner\">\n\t\t\t\t<div class=\"elementor-element elementor-element-b88e8d2 elementor-widget elementor-widget-text-editor\" data-id=\"b88e8d2\" data-element_type=\"widget\" data-e-type=\"widget\" data-widget_type=\"text-editor.default\">\n\t\t\t\t<div class=\"elementor-widget-container\">\n\t\t\t\t\t\t\t\t\t<p>Convencida de la trascendencia de las primeras etapas del desarrollo, su vocaci\u00f3n se expresa tambi\u00e9n en la permanente b\u00fasqueda de entornos seguros y protectores, que favorezcan el crecimiento emocional, solidario y el bienestar de todos los estudiantes que forman parte de la gran familia de La Moderna.<\/p>\t\t\t\t\t\t\t\t<\/div>\n\t\t\t\t<\/div>\n\t\t\t\t\t<\/div>\n\t\t\t\t<\/div>\n\t\t\t\t<\/div>","protected":false},"excerpt":{"rendered":"<p>Luisa Villacreses Directora de Pre Escolar Presentamos a Miss Luisi, como es conocida con especial afecto por la comunidad educativa. Es Educadora de P\u00e1rvulos y Licenciada en Administraci\u00f3n y Supervisi\u00f3n Educativa, con m\u00e1s de veinte a\u00f1os de destacada trayectoria en nuestro colegio, acompa\u00f1ando a familias y a generaciones de estudiantes que ha visto con alegr\u00eda [&hellip;]<\/p>\n","protected":false},"author":2,"featured_media":0,"parent":0,"menu_order":0,"comment_status":"closed","ping_status":"closed","template":"","meta":{"footnotes":""},"class_list":["post-382121","page","type-page","status-publish","hentry"],"yoast_head":"<!-- This site is optimized with the Yoast SEO plugin v27.4 - https:\/\/yoast.com\/product\/yoast-seo-wordpress\/ -->\n<title>Luisa Villacreses - La Moderna<\/title>\n<meta name=\"robots\" content=\"index, follow, max-snippet:-1, max-image-preview:large, max-video-preview:-1\" \/>\n<link rel=\"canonical\" href=\"https:\/\/lamoderna.edu.ec\/en\/luisa-villacreses\/\" \/>\n<meta property=\"og:locale\" content=\"en_US\" \/>\n<meta property=\"og:type\" content=\"article\" \/>\n<meta property=\"og:title\" content=\"Luisa Villacreses - La Moderna\" \/>\n<meta property=\"og:description\" content=\"Luisa Villacreses Directora de Pre Escolar Presentamos a Miss Luisi, como es conocida con especial afecto por la comunidad educativa. Es Educadora de P\u00e1rvulos y Licenciada en Administraci\u00f3n y Supervisi\u00f3n Educativa, con m\u00e1s de veinte a\u00f1os de destacada trayectoria en nuestro colegio, acompa\u00f1ando a familias y a generaciones de estudiantes que ha visto con alegr\u00eda [&hellip;]\" \/>\n<meta property=\"og:url\" content=\"https:\/\/lamoderna.edu.ec\/en\/luisa-villacreses\/\" \/>\n<meta property=\"og:site_name\" content=\"La Moderna\" \/>\n<meta property=\"article:publisher\" content=\"https:\/\/www.facebook.com\/lamodernaEC\/\" \/>\n<meta property=\"article:modified_time\" content=\"2026-02-03T16:07:49+00:00\" \/>\n<meta property=\"og:image\" content=\"https:\/\/lamoderna.edu.ec\/wp-content\/uploads\/2026\/01\/Luisa-Villacreses-1.jpg\" \/>\n\t<meta property=\"og:image:width\" content=\"500\" \/>\n\t<meta property=\"og:image:height\" content=\"500\" \/>\n\t<meta property=\"og:image:type\" content=\"image\/jpeg\" \/>\n<meta name=\"twitter:card\" content=\"summary_large_image\" \/>\n<meta name=\"twitter:label1\" content=\"Est. reading time\" \/>\n\t<meta name=\"twitter:data1\" content=\"2 minutes\" \/>\n<script type=\"application\/ld+json\" class=\"yoast-schema-graph\">{\"@context\":\"https:\\\/\\\/schema.org\",\"@graph\":[{\"@type\":\"WebPage\",\"@id\":\"https:\\\/\\\/lamoderna.edu.ec\\\/luisa-villacreses\\\/\",\"url\":\"https:\\\/\\\/lamoderna.edu.ec\\\/luisa-villacreses\\\/\",\"name\":\"Luisa Villacreses - La Moderna\",\"isPartOf\":{\"@id\":\"https:\\\/\\\/lamoderna.edu.ec\\\/#website\"},\"primaryImageOfPage\":{\"@id\":\"https:\\\/\\\/lamoderna.edu.ec\\\/luisa-villacreses\\\/#primaryimage\"},\"image\":{\"@id\":\"https:\\\/\\\/lamoderna.edu.ec\\\/luisa-villacreses\\\/#primaryimage\"},\"thumbnailUrl\":\"https:\\\/\\\/lamoderna.edu.ec\\\/wp-content\\\/uploads\\\/2026\\\/01\\\/Luisa-Villacreses-1.jpg\",\"datePublished\":\"2026-01-26T21:34:55+00:00\",\"dateModified\":\"2026-02-03T16:07:49+00:00\",\"breadcrumb\":{\"@id\":\"https:\\\/\\\/lamoderna.edu.ec\\\/luisa-villacreses\\\/#breadcrumb\"},\"inLanguage\":\"en-US\",\"potentialAction\":[{\"@type\":\"ReadAction\",\"target\":[\"https:\\\/\\\/lamoderna.edu.ec\\\/luisa-villacreses\\\/\"]}]},{\"@type\":\"ImageObject\",\"inLanguage\":\"en-US\",\"@id\":\"https:\\\/\\\/lamoderna.edu.ec\\\/luisa-villacreses\\\/#primaryimage\",\"url\":\"https:\\\/\\\/lamoderna.edu.ec\\\/wp-content\\\/uploads\\\/2026\\\/01\\\/Luisa-Villacreses-1.jpg\",\"contentUrl\":\"https:\\\/\\\/lamoderna.edu.ec\\\/wp-content\\\/uploads\\\/2026\\\/01\\\/Luisa-Villacreses-1.jpg\"},{\"@type\":\"BreadcrumbList\",\"@id\":\"https:\\\/\\\/lamoderna.edu.ec\\\/luisa-villacreses\\\/#breadcrumb\",\"itemListElement\":[{\"@type\":\"ListItem\",\"position\":1,\"name\":\"Inicio\",\"item\":\"https:\\\/\\\/lamoderna.edu.ec\\\/\"},{\"@type\":\"ListItem\",\"position\":2,\"name\":\"Luisa Villacreses\"}]},{\"@type\":\"WebSite\",\"@id\":\"https:\\\/\\\/lamoderna.edu.ec\\\/#website\",\"url\":\"https:\\\/\\\/lamoderna.edu.ec\\\/\",\"name\":\"Colegio La Moderna\",\"description\":\"Unidad Educativa Particular Biling\u00fce\",\"publisher\":{\"@id\":\"https:\\\/\\\/lamoderna.edu.ec\\\/#organization\"},\"alternateName\":\"Colegio LMO\",\"potentialAction\":[{\"@type\":\"SearchAction\",\"target\":{\"@type\":\"EntryPoint\",\"urlTemplate\":\"https:\\\/\\\/lamoderna.edu.ec\\\/?s={search_term_string}\"},\"query-input\":{\"@type\":\"PropertyValueSpecification\",\"valueRequired\":true,\"valueName\":\"search_term_string\"}}],\"inLanguage\":\"en-US\"},{\"@type\":\"Organization\",\"@id\":\"https:\\\/\\\/lamoderna.edu.ec\\\/#organization\",\"name\":\"Colegio La Moderna\",\"alternateName\":\"Colegio LMO\",\"url\":\"https:\\\/\\\/lamoderna.edu.ec\\\/\",\"logo\":{\"@type\":\"ImageObject\",\"inLanguage\":\"en-US\",\"@id\":\"https:\\\/\\\/lamoderna.edu.ec\\\/#\\\/schema\\\/logo\\\/image\\\/\",\"url\":\"https:\\\/\\\/lamoderna.edu.ec\\\/wp-content\\\/uploads\\\/2024\\\/08\\\/icono.png\",\"contentUrl\":\"https:\\\/\\\/lamoderna.edu.ec\\\/wp-content\\\/uploads\\\/2024\\\/08\\\/icono.png\",\"width\":103,\"height\":102,\"caption\":\"Colegio La Moderna\"},\"image\":{\"@id\":\"https:\\\/\\\/lamoderna.edu.ec\\\/#\\\/schema\\\/logo\\\/image\\\/\"},\"sameAs\":[\"https:\\\/\\\/www.facebook.com\\\/lamodernaEC\\\/\",\"https:\\\/\\\/www.instagram.com\\\/lamoderna_ec\\\/#\"]}]}<\/script>\n<!-- \/ Yoast SEO plugin. -->","yoast_head_json":{"title":"Luisa Villacreses - La Moderna","robots":{"index":"index","follow":"follow","max-snippet":"max-snippet:-1","max-image-preview":"max-image-preview:large","max-video-preview":"max-video-preview:-1"},"canonical":"https:\/\/lamoderna.edu.ec\/en\/luisa-villacreses\/","og_locale":"en_US","og_type":"article","og_title":"Luisa Villacreses - La Moderna","og_description":"Luisa Villacreses Directora de Pre Escolar Presentamos a Miss Luisi, como es conocida con especial afecto por la comunidad educativa. Es Educadora de P\u00e1rvulos y Licenciada en Administraci\u00f3n y Supervisi\u00f3n Educativa, con m\u00e1s de veinte a\u00f1os de destacada trayectoria en nuestro colegio, acompa\u00f1ando a familias y a generaciones de estudiantes que ha visto con alegr\u00eda [&hellip;]","og_url":"https:\/\/lamoderna.edu.ec\/en\/luisa-villacreses\/","og_site_name":"La Moderna","article_publisher":"https:\/\/www.facebook.com\/lamodernaEC\/","article_modified_time":"2026-02-03T16:07:49+00:00","og_image":[{"width":500,"height":500,"url":"https:\/\/lamoderna.edu.ec\/wp-content\/uploads\/2026\/01\/Luisa-Villacreses-1.jpg","type":"image\/jpeg"}],"twitter_card":"summary_large_image","twitter_misc":{"Est. reading time":"2 minutes"},"schema":{"@context":"https:\/\/schema.org","@graph":[{"@type":"WebPage","@id":"https:\/\/lamoderna.edu.ec\/luisa-villacreses\/","url":"https:\/\/lamoderna.edu.ec\/luisa-villacreses\/","name":"Luisa Villacreses - La Moderna","isPartOf":{"@id":"https:\/\/lamoderna.edu.ec\/#website"},"primaryImageOfPage":{"@id":"https:\/\/lamoderna.edu.ec\/luisa-villacreses\/#primaryimage"},"image":{"@id":"https:\/\/lamoderna.edu.ec\/luisa-villacreses\/#primaryimage"},"thumbnailUrl":"https:\/\/lamoderna.edu.ec\/wp-content\/uploads\/2026\/01\/Luisa-Villacreses-1.jpg","datePublished":"2026-01-26T21:34:55+00:00","dateModified":"2026-02-03T16:07:49+00:00","breadcrumb":{"@id":"https:\/\/lamoderna.edu.ec\/luisa-villacreses\/#breadcrumb"},"inLanguage":"en-US","potentialAction":[{"@type":"ReadAction","target":["https:\/\/lamoderna.edu.ec\/luisa-villacreses\/"]}]},{"@type":"ImageObject","inLanguage":"en-US","@id":"https:\/\/lamoderna.edu.ec\/luisa-villacreses\/#primaryimage","url":"https:\/\/lamoderna.edu.ec\/wp-content\/uploads\/2026\/01\/Luisa-Villacreses-1.jpg","contentUrl":"https:\/\/lamoderna.edu.ec\/wp-content\/uploads\/2026\/01\/Luisa-Villacreses-1.jpg"},{"@type":"BreadcrumbList","@id":"https:\/\/lamoderna.edu.ec\/luisa-villacreses\/#breadcrumb","itemListElement":[{"@type":"ListItem","position":1,"name":"Inicio","item":"https:\/\/lamoderna.edu.ec\/"},{"@type":"ListItem","position":2,"name":"Luisa Villacreses"}]},{"@type":"WebSite","@id":"https:\/\/lamoderna.edu.ec\/#website","url":"https:\/\/lamoderna.edu.ec\/","name":"Colegio La Moderna","description":"Unidad Educativa Particular Biling\u00fce","publisher":{"@id":"https:\/\/lamoderna.edu.ec\/#organization"},"alternateName":"Colegio LMO","potentialAction":[{"@type":"SearchAction","target":{"@type":"EntryPoint","urlTemplate":"https:\/\/lamoderna.edu.ec\/?s={search_term_string}"},"query-input":{"@type":"PropertyValueSpecification","valueRequired":true,"valueName":"search_term_string"}}],"inLanguage":"en-US"},{"@type":"Organization","@id":"https:\/\/lamoderna.edu.ec\/#organization","name":"Colegio La Moderna","alternateName":"Colegio LMO","url":"https:\/\/lamoderna.edu.ec\/","logo":{"@type":"ImageObject","inLanguage":"en-US","@id":"https:\/\/lamoderna.edu.ec\/#\/schema\/logo\/image\/","url":"https:\/\/lamoderna.edu.ec\/wp-content\/uploads\/2024\/08\/icono.png","contentUrl":"https:\/\/lamoderna.edu.ec\/wp-content\/uploads\/2024\/08\/icono.png","width":103,"height":102,"caption":"Colegio La Moderna"},"image":{"@id":"https:\/\/lamoderna.edu.ec\/#\/schema\/logo\/image\/"},"sameAs":["https:\/\/www.facebook.com\/lamodernaEC\/","https:\/\/www.instagram.com\/lamoderna_ec\/#"]}]}},"_links":{"self":[{"href":"https:\/\/lamoderna.edu.ec\/en\/wp-json\/wp\/v2\/pages\/382121","targetHints":{"allow":["GET"]}}],"collection":[{"href":"https:\/\/lamoderna.edu.ec\/en\/wp-json\/wp\/v2\/pages"}],"about":[{"href":"https:\/\/lamoderna.edu.ec\/en\/wp-json\/wp\/v2\/types\/page"}],"author":[{"embeddable":true,"href":"https:\/\/lamoderna.edu.ec\/en\/wp-json\/wp\/v2\/users\/2"}],"replies":[{"embeddable":true,"href":"https:\/\/lamoderna.edu.ec\/en\/wp-json\/wp\/v2\/comments?post=382121"}],"version-history":[{"count":19,"href":"https:\/\/lamoderna.edu.ec\/en\/wp-json\/wp\/v2\/pages\/382121\/revisions"}],"predecessor-version":[{"id":382217,"href":"https:\/\/lamoderna.edu.ec\/en\/wp-json\/wp\/v2\/pages\/382121\/revisions\/382217"}],"wp:attachment":[{"href":"https:\/\/lamoderna.edu.ec\/en\/wp-json\/wp\/v2\/media?parent=382121"}],"curies":[{"name":"wp","href":"https:\/\/api.w.org\/{rel}","templated":true}]}}