{"id":382098,"date":"2026-01-26T16:22:34","date_gmt":"2026-01-26T21:22:34","guid":{"rendered":"https:\/\/lamoderna.edu.ec\/?page_id=382098"},"modified":"2026-02-09T16:38:31","modified_gmt":"2026-02-09T21:38:31","slug":"patricio-torres-fernandez","status":"publish","type":"page","link":"https:\/\/lamoderna.edu.ec\/en\/patricio-torres-fernandez\/","title":{"rendered":"Patricio Torres Fern\u00e1ndez"},"content":{"rendered":"<div data-elementor-type=\"wp-page\" data-elementor-id=\"382098\" class=\"elementor elementor-382098\" data-elementor-post-type=\"page\">\n\t\t\t\t<div class=\"elementor-element elementor-element-0049a6f e-flex e-con-boxed e-con e-parent\" data-id=\"0049a6f\" data-element_type=\"container\" data-e-type=\"container\">\n\t\t\t\t\t<div class=\"e-con-inner\">\n\t\t<div class=\"elementor-element elementor-element-f617e62 e-con-full e-flex e-con e-child\" data-id=\"f617e62\" data-element_type=\"container\" data-e-type=\"container\">\n\t\t\t\t<div class=\"elementor-element elementor-element-9a3b105 elementor-widget elementor-widget-image\" data-id=\"9a3b105\" data-element_type=\"widget\" data-e-type=\"widget\" data-widget_type=\"image.default\">\n\t\t\t\t<div class=\"elementor-widget-container\">\n\t\t\t\t\t\t\t\t\t\t\t\t\t\t\t<img fetchpriority=\"high\" decoding=\"async\" width=\"500\" height=\"500\" src=\"https:\/\/lamoderna.edu.ec\/wp-content\/uploads\/2026\/01\/Patricio-Torres.jpg\" class=\"attachment-large size-large wp-image-382062\" alt=\"\" srcset=\"https:\/\/lamoderna.edu.ec\/wp-content\/uploads\/2026\/01\/Patricio-Torres.jpg 500w, https:\/\/lamoderna.edu.ec\/wp-content\/uploads\/2026\/01\/Patricio-Torres-300x300.jpg 300w, https:\/\/lamoderna.edu.ec\/wp-content\/uploads\/2026\/01\/Patricio-Torres-150x150.jpg 150w, https:\/\/lamoderna.edu.ec\/wp-content\/uploads\/2026\/01\/Patricio-Torres-12x12.jpg 12w\" sizes=\"(max-width: 500px) 100vw, 500px\" \/>\t\t\t\t\t\t\t\t\t\t\t\t\t\t\t<\/div>\n\t\t\t\t<\/div>\n\t\t\t\t<\/div>\n\t\t<div class=\"elementor-element elementor-element-869d369 e-con-full e-flex e-con e-child\" data-id=\"869d369\" data-element_type=\"container\" data-e-type=\"container\">\n\t\t\t\t<div class=\"elementor-element elementor-element-dd5a8cc elementor-widget elementor-widget-heading\" data-id=\"dd5a8cc\" data-element_type=\"widget\" data-e-type=\"widget\" data-widget_type=\"heading.default\">\n\t\t\t\t<div class=\"elementor-widget-container\">\n\t\t\t\t\t<h2 class=\"elementor-heading-title elementor-size-default\">Patricio Torres<br>\nHeadmaster \/ Rector<\/h2>\t\t\t\t<\/div>\n\t\t\t\t<\/div>\n\t\t\t\t<div class=\"elementor-element elementor-element-a01b8b2 elementor-widget elementor-widget-text-editor\" data-id=\"a01b8b2\" data-element_type=\"widget\" data-e-type=\"widget\" data-widget_type=\"text-editor.default\">\n\t\t\t\t<div class=\"elementor-widget-container\">\n\t\t\t\t\t\t\t\t\t<p>Presentamos a Patricio Torres, Doctor en Filosof\u00eda (PhD) en Educaci\u00f3n, con m\u00e1s de 15 a\u00f1os de experiencia en educaci\u00f3n superior, media y gesti\u00f3n empresarial. Cuenta con una s\u00f3lida formaci\u00f3n acad\u00e9mica que incluye una Maestr\u00eda en Administraci\u00f3n de Empresas (MBA), Maestr\u00eda en Proyectos y Negocios (PMP) y una Maestr\u00eda en Direcci\u00f3n de Empresas con \u00e9nfasis en Marketing.<\/p><p>A lo largo de su trayectoria ha liderado procesos de innovaci\u00f3n acad\u00e9mica, fortalecimiento institucional y desarrollo de programas educativos integrales que articulan excelencia acad\u00e9mica, formaci\u00f3n humana y proyecci\u00f3n internacional. Complementa su labor directiva con experiencia como coach personal y corporativo, promoviendo el liderazgo, el crecimiento estrat\u00e9gico y la transformaci\u00f3n organizacional.<\/p>\t\t\t\t\t\t\t\t<\/div>\n\t\t\t\t<\/div>\n\t\t\t\t<\/div>\n\t\t\t\t\t<\/div>\n\t\t\t\t<\/div>\n\t\t\t\t<\/div>","protected":false},"excerpt":{"rendered":"<p>Patricio Torres Headmaster \/ Rector Presentamos a Patricio Torres, Doctor en Filosof\u00eda (PhD) en Educaci\u00f3n, con m\u00e1s de 15 a\u00f1os de experiencia en educaci\u00f3n superior, media y gesti\u00f3n empresarial. Cuenta con una s\u00f3lida formaci\u00f3n acad\u00e9mica que incluye una Maestr\u00eda en Administraci\u00f3n de Empresas (MBA), Maestr\u00eda en Proyectos y Negocios (PMP) y una Maestr\u00eda en Direcci\u00f3n [&hellip;]<\/p>\n","protected":false},"author":2,"featured_media":0,"parent":0,"menu_order":0,"comment_status":"closed","ping_status":"closed","template":"","meta":{"footnotes":""},"class_list":["post-382098","page","type-page","status-publish","hentry"],"yoast_head":"<!-- This site is optimized with the Yoast SEO plugin v27.4 - https:\/\/yoast.com\/product\/yoast-seo-wordpress\/ -->\n<title>Patricio Torres Fern\u00e1ndez - La Moderna<\/title>\n<meta name=\"robots\" content=\"index, follow, max-snippet:-1, max-image-preview:large, max-video-preview:-1\" \/>\n<link rel=\"canonical\" href=\"https:\/\/lamoderna.edu.ec\/en\/patricio-torres-fernandez\/\" \/>\n<meta property=\"og:locale\" content=\"en_US\" \/>\n<meta property=\"og:type\" content=\"article\" \/>\n<meta property=\"og:title\" content=\"Patricio Torres Fern\u00e1ndez - La Moderna\" \/>\n<meta property=\"og:description\" content=\"Patricio Torres Headmaster \/ Rector Presentamos a Patricio Torres, Doctor en Filosof\u00eda (PhD) en Educaci\u00f3n, con m\u00e1s de 15 a\u00f1os de experiencia en educaci\u00f3n superior, media y gesti\u00f3n empresarial. Cuenta con una s\u00f3lida formaci\u00f3n acad\u00e9mica que incluye una Maestr\u00eda en Administraci\u00f3n de Empresas (MBA), Maestr\u00eda en Proyectos y Negocios (PMP) y una Maestr\u00eda en Direcci\u00f3n [&hellip;]\" \/>\n<meta property=\"og:url\" content=\"https:\/\/lamoderna.edu.ec\/en\/patricio-torres-fernandez\/\" \/>\n<meta property=\"og:site_name\" content=\"La Moderna\" \/>\n<meta property=\"article:publisher\" content=\"https:\/\/www.facebook.com\/lamodernaEC\/\" \/>\n<meta property=\"article:modified_time\" content=\"2026-02-09T21:38:31+00:00\" \/>\n<meta property=\"og:image\" content=\"https:\/\/lamoderna.edu.ec\/wp-content\/uploads\/2026\/01\/Patricio-Torres.jpg\" \/>\n\t<meta property=\"og:image:width\" content=\"500\" \/>\n\t<meta property=\"og:image:height\" content=\"500\" \/>\n\t<meta property=\"og:image:type\" content=\"image\/jpeg\" \/>\n<meta name=\"twitter:card\" content=\"summary_large_image\" \/>\n<meta name=\"twitter:label1\" content=\"Est. reading time\" \/>\n\t<meta name=\"twitter:data1\" content=\"1 minute\" \/>\n<script type=\"application\/ld+json\" class=\"yoast-schema-graph\">{\"@context\":\"https:\\\/\\\/schema.org\",\"@graph\":[{\"@type\":\"WebPage\",\"@id\":\"https:\\\/\\\/lamoderna.edu.ec\\\/patricio-torres-fernandez\\\/\",\"url\":\"https:\\\/\\\/lamoderna.edu.ec\\\/patricio-torres-fernandez\\\/\",\"name\":\"Patricio Torres Fern\u00e1ndez - La Moderna\",\"isPartOf\":{\"@id\":\"https:\\\/\\\/lamoderna.edu.ec\\\/#website\"},\"primaryImageOfPage\":{\"@id\":\"https:\\\/\\\/lamoderna.edu.ec\\\/patricio-torres-fernandez\\\/#primaryimage\"},\"image\":{\"@id\":\"https:\\\/\\\/lamoderna.edu.ec\\\/patricio-torres-fernandez\\\/#primaryimage\"},\"thumbnailUrl\":\"https:\\\/\\\/lamoderna.edu.ec\\\/wp-content\\\/uploads\\\/2026\\\/01\\\/Patricio-Torres.jpg\",\"datePublished\":\"2026-01-26T21:22:34+00:00\",\"dateModified\":\"2026-02-09T21:38:31+00:00\",\"breadcrumb\":{\"@id\":\"https:\\\/\\\/lamoderna.edu.ec\\\/patricio-torres-fernandez\\\/#breadcrumb\"},\"inLanguage\":\"en-US\",\"potentialAction\":[{\"@type\":\"ReadAction\",\"target\":[\"https:\\\/\\\/lamoderna.edu.ec\\\/patricio-torres-fernandez\\\/\"]}]},{\"@type\":\"ImageObject\",\"inLanguage\":\"en-US\",\"@id\":\"https:\\\/\\\/lamoderna.edu.ec\\\/patricio-torres-fernandez\\\/#primaryimage\",\"url\":\"https:\\\/\\\/lamoderna.edu.ec\\\/wp-content\\\/uploads\\\/2026\\\/01\\\/Patricio-Torres.jpg\",\"contentUrl\":\"https:\\\/\\\/lamoderna.edu.ec\\\/wp-content\\\/uploads\\\/2026\\\/01\\\/Patricio-Torres.jpg\"},{\"@type\":\"BreadcrumbList\",\"@id\":\"https:\\\/\\\/lamoderna.edu.ec\\\/patricio-torres-fernandez\\\/#breadcrumb\",\"itemListElement\":[{\"@type\":\"ListItem\",\"position\":1,\"name\":\"Inicio\",\"item\":\"https:\\\/\\\/lamoderna.edu.ec\\\/\"},{\"@type\":\"ListItem\",\"position\":2,\"name\":\"Patricio Torres Fern\u00e1ndez\"}]},{\"@type\":\"WebSite\",\"@id\":\"https:\\\/\\\/lamoderna.edu.ec\\\/#website\",\"url\":\"https:\\\/\\\/lamoderna.edu.ec\\\/\",\"name\":\"Colegio La Moderna\",\"description\":\"Unidad Educativa Particular Biling\u00fce\",\"publisher\":{\"@id\":\"https:\\\/\\\/lamoderna.edu.ec\\\/#organization\"},\"alternateName\":\"Colegio LMO\",\"potentialAction\":[{\"@type\":\"SearchAction\",\"target\":{\"@type\":\"EntryPoint\",\"urlTemplate\":\"https:\\\/\\\/lamoderna.edu.ec\\\/?s={search_term_string}\"},\"query-input\":{\"@type\":\"PropertyValueSpecification\",\"valueRequired\":true,\"valueName\":\"search_term_string\"}}],\"inLanguage\":\"en-US\"},{\"@type\":\"Organization\",\"@id\":\"https:\\\/\\\/lamoderna.edu.ec\\\/#organization\",\"name\":\"Colegio La Moderna\",\"alternateName\":\"Colegio LMO\",\"url\":\"https:\\\/\\\/lamoderna.edu.ec\\\/\",\"logo\":{\"@type\":\"ImageObject\",\"inLanguage\":\"en-US\",\"@id\":\"https:\\\/\\\/lamoderna.edu.ec\\\/#\\\/schema\\\/logo\\\/image\\\/\",\"url\":\"https:\\\/\\\/lamoderna.edu.ec\\\/wp-content\\\/uploads\\\/2024\\\/08\\\/icono.png\",\"contentUrl\":\"https:\\\/\\\/lamoderna.edu.ec\\\/wp-content\\\/uploads\\\/2024\\\/08\\\/icono.png\",\"width\":103,\"height\":102,\"caption\":\"Colegio La Moderna\"},\"image\":{\"@id\":\"https:\\\/\\\/lamoderna.edu.ec\\\/#\\\/schema\\\/logo\\\/image\\\/\"},\"sameAs\":[\"https:\\\/\\\/www.facebook.com\\\/lamodernaEC\\\/\",\"https:\\\/\\\/www.instagram.com\\\/lamoderna_ec\\\/#\"]}]}<\/script>\n<!-- \/ Yoast SEO plugin. -->","yoast_head_json":{"title":"Patricio Torres Fern\u00e1ndez - La Moderna","robots":{"index":"index","follow":"follow","max-snippet":"max-snippet:-1","max-image-preview":"max-image-preview:large","max-video-preview":"max-video-preview:-1"},"canonical":"https:\/\/lamoderna.edu.ec\/en\/patricio-torres-fernandez\/","og_locale":"en_US","og_type":"article","og_title":"Patricio Torres Fern\u00e1ndez - La Moderna","og_description":"Patricio Torres Headmaster \/ Rector Presentamos a Patricio Torres, Doctor en Filosof\u00eda (PhD) en Educaci\u00f3n, con m\u00e1s de 15 a\u00f1os de experiencia en educaci\u00f3n superior, media y gesti\u00f3n empresarial. Cuenta con una s\u00f3lida formaci\u00f3n acad\u00e9mica que incluye una Maestr\u00eda en Administraci\u00f3n de Empresas (MBA), Maestr\u00eda en Proyectos y Negocios (PMP) y una Maestr\u00eda en Direcci\u00f3n [&hellip;]","og_url":"https:\/\/lamoderna.edu.ec\/en\/patricio-torres-fernandez\/","og_site_name":"La Moderna","article_publisher":"https:\/\/www.facebook.com\/lamodernaEC\/","article_modified_time":"2026-02-09T21:38:31+00:00","og_image":[{"width":500,"height":500,"url":"https:\/\/lamoderna.edu.ec\/wp-content\/uploads\/2026\/01\/Patricio-Torres.jpg","type":"image\/jpeg"}],"twitter_card":"summary_large_image","twitter_misc":{"Est. reading time":"1 minute"},"schema":{"@context":"https:\/\/schema.org","@graph":[{"@type":"WebPage","@id":"https:\/\/lamoderna.edu.ec\/patricio-torres-fernandez\/","url":"https:\/\/lamoderna.edu.ec\/patricio-torres-fernandez\/","name":"Patricio Torres Fern\u00e1ndez - La Moderna","isPartOf":{"@id":"https:\/\/lamoderna.edu.ec\/#website"},"primaryImageOfPage":{"@id":"https:\/\/lamoderna.edu.ec\/patricio-torres-fernandez\/#primaryimage"},"image":{"@id":"https:\/\/lamoderna.edu.ec\/patricio-torres-fernandez\/#primaryimage"},"thumbnailUrl":"https:\/\/lamoderna.edu.ec\/wp-content\/uploads\/2026\/01\/Patricio-Torres.jpg","datePublished":"2026-01-26T21:22:34+00:00","dateModified":"2026-02-09T21:38:31+00:00","breadcrumb":{"@id":"https:\/\/lamoderna.edu.ec\/patricio-torres-fernandez\/#breadcrumb"},"inLanguage":"en-US","potentialAction":[{"@type":"ReadAction","target":["https:\/\/lamoderna.edu.ec\/patricio-torres-fernandez\/"]}]},{"@type":"ImageObject","inLanguage":"en-US","@id":"https:\/\/lamoderna.edu.ec\/patricio-torres-fernandez\/#primaryimage","url":"https:\/\/lamoderna.edu.ec\/wp-content\/uploads\/2026\/01\/Patricio-Torres.jpg","contentUrl":"https:\/\/lamoderna.edu.ec\/wp-content\/uploads\/2026\/01\/Patricio-Torres.jpg"},{"@type":"BreadcrumbList","@id":"https:\/\/lamoderna.edu.ec\/patricio-torres-fernandez\/#breadcrumb","itemListElement":[{"@type":"ListItem","position":1,"name":"Inicio","item":"https:\/\/lamoderna.edu.ec\/"},{"@type":"ListItem","position":2,"name":"Patricio Torres Fern\u00e1ndez"}]},{"@type":"WebSite","@id":"https:\/\/lamoderna.edu.ec\/#website","url":"https:\/\/lamoderna.edu.ec\/","name":"Colegio La Moderna","description":"Unidad Educativa Particular Biling\u00fce","publisher":{"@id":"https:\/\/lamoderna.edu.ec\/#organization"},"alternateName":"Colegio LMO","potentialAction":[{"@type":"SearchAction","target":{"@type":"EntryPoint","urlTemplate":"https:\/\/lamoderna.edu.ec\/?s={search_term_string}"},"query-input":{"@type":"PropertyValueSpecification","valueRequired":true,"valueName":"search_term_string"}}],"inLanguage":"en-US"},{"@type":"Organization","@id":"https:\/\/lamoderna.edu.ec\/#organization","name":"Colegio La Moderna","alternateName":"Colegio LMO","url":"https:\/\/lamoderna.edu.ec\/","logo":{"@type":"ImageObject","inLanguage":"en-US","@id":"https:\/\/lamoderna.edu.ec\/#\/schema\/logo\/image\/","url":"https:\/\/lamoderna.edu.ec\/wp-content\/uploads\/2024\/08\/icono.png","contentUrl":"https:\/\/lamoderna.edu.ec\/wp-content\/uploads\/2024\/08\/icono.png","width":103,"height":102,"caption":"Colegio La Moderna"},"image":{"@id":"https:\/\/lamoderna.edu.ec\/#\/schema\/logo\/image\/"},"sameAs":["https:\/\/www.facebook.com\/lamodernaEC\/","https:\/\/www.instagram.com\/lamoderna_ec\/#"]}]}},"_links":{"self":[{"href":"https:\/\/lamoderna.edu.ec\/en\/wp-json\/wp\/v2\/pages\/382098","targetHints":{"allow":["GET"]}}],"collection":[{"href":"https:\/\/lamoderna.edu.ec\/en\/wp-json\/wp\/v2\/pages"}],"about":[{"href":"https:\/\/lamoderna.edu.ec\/en\/wp-json\/wp\/v2\/types\/page"}],"author":[{"embeddable":true,"href":"https:\/\/lamoderna.edu.ec\/en\/wp-json\/wp\/v2\/users\/2"}],"replies":[{"embeddable":true,"href":"https:\/\/lamoderna.edu.ec\/en\/wp-json\/wp\/v2\/comments?post=382098"}],"version-history":[{"count":10,"href":"https:\/\/lamoderna.edu.ec\/en\/wp-json\/wp\/v2\/pages\/382098\/revisions"}],"predecessor-version":[{"id":382224,"href":"https:\/\/lamoderna.edu.ec\/en\/wp-json\/wp\/v2\/pages\/382098\/revisions\/382224"}],"wp:attachment":[{"href":"https:\/\/lamoderna.edu.ec\/en\/wp-json\/wp\/v2\/media?parent=382098"}],"curies":[{"name":"wp","href":"https:\/\/api.w.org\/{rel}","templated":true}]}}