{"id":380823,"date":"2025-06-23T11:21:44","date_gmt":"2025-06-23T16:21:44","guid":{"rendered":"https:\/\/lamoderna.edu.ec\/?page_id=380823"},"modified":"2025-06-23T11:31:16","modified_gmt":"2025-06-23T16:31:16","slug":"cool-minds-clubs","status":"publish","type":"page","link":"https:\/\/lamoderna.edu.ec\/en\/cool-minds-clubs\/","title":{"rendered":"Cool Minds Clubs"},"content":{"rendered":"<div data-elementor-type=\"wp-page\" data-elementor-id=\"380823\" class=\"elementor elementor-380823\" data-elementor-post-type=\"page\">\n\t\t\t\t<div class=\"elementor-element elementor-element-03e1174 e-flex e-con-boxed e-con e-parent\" data-id=\"03e1174\" data-element_type=\"container\" data-e-type=\"container\">\n\t\t\t\t\t<div class=\"e-con-inner\">\n\t\t\t\t<div class=\"elementor-element elementor-element-8017afa elementor-widget elementor-widget-heading\" data-id=\"8017afa\" data-element_type=\"widget\" data-e-type=\"widget\" data-widget_type=\"heading.default\">\n\t\t\t\t<div class=\"elementor-widget-container\">\n\t\t\t\t\t<h1 class=\"elementor-heading-title elementor-size-default\">Cool Minds Clubs<\/h1>\t\t\t\t<\/div>\n\t\t\t\t<\/div>\n\t\t\t\t<div class=\"elementor-element elementor-element-d4bed71 elementor-widget elementor-widget-text-editor\" data-id=\"d4bed71\" data-element_type=\"widget\" data-e-type=\"widget\" data-widget_type=\"text-editor.default\">\n\t\t\t\t<div class=\"elementor-widget-container\">\n\t\t\t\t\t\t\t\t\t<p><b>\u00bfQu\u00e9 son los clubes y\/o cu\u00e1l es el prop\u00f3sito?<\/b><b><br \/><\/b>Los Cool Minds Clubs son una iniciativa extracurricular orientada a potenciar habilidades espec\u00edficas en los estudiantes, fomentando el pensamiento cr\u00edtico, la creatividad, y la colaboraci\u00f3n en un ambiente aut\u00f3nomo. Su prop\u00f3sito es ofrecer espacios din\u00e1micos y significativos fuera del horario de clase, donde los estudiantes puedan desarrollar intereses particulares en un entorno motivador y enriquecedor.<\/p><p><b>Presentaci\u00f3n de los clubes actuales:<\/b><\/p><ul><li aria-level=\"1\">Club de Ingl\u00e9s (English Minds): fortalece el uso del idioma ingl\u00e9s a trav\u00e9s de proyectos creativos, juegos ling\u00fc\u00edsticos y actividades interactivas, con un fuerte enfoque en la fluidez oral en situaciones reales y funcionales.<\/li><li aria-level=\"1\">Club de Franc\u00e9s (Esprits Francophones): promueve el aprendizaje del franc\u00e9s mediante din\u00e1micas l\u00fadicas y culturales, priorizando la expresi\u00f3n oral y el uso pr\u00e1ctico del idioma en contextos cotidianos.<\/li><li aria-level=\"1\">Club de Matem\u00e1ticas (Math Explorers): impulsa el razonamiento l\u00f3gico y la resoluci\u00f3n de problemas mediante desaf\u00edos matem\u00e1ticos, pensamiento cr\u00edtico y trabajo colaborativo. <i>(Actualmente no disponible para primaria).<\/i><\/li><\/ul><p><b>\u00bfHemos tenido logros en a\u00f1os pasados?<\/b><b><br \/><\/b>Este es el primer a\u00f1o de implementaci\u00f3n de la iniciativa Cool Minds con este enfoque, por lo que a\u00fan no contamos con experiencias o logros anteriores. No obstante, esperamos que se siga generando gran inter\u00e9s y entusiasmo por parte de los estudiantes y familias, lo que augura un desarrollo positivo y sostenible a futuro.<\/p><p><b>Dato importante para resaltar:<\/b><b><br \/><\/b>Los clubes est\u00e1n dirigidos a estudiantes desde 4.\u00ba de EGB hasta 3.\u00ba de Bachillerato, con una planificaci\u00f3n adaptada a cada nivel. Adem\u00e1s, se da seguimiento a la asistencia, participaci\u00f3n y progreso, asegurando una experiencia formativa de calidad. El enfoque principal est\u00e1 en promover el uso pr\u00e1ctico del conocimiento, especialmente en el desarrollo de la fluidez oral en lenguas extranjeras mediante escenarios comunicativos reales.<\/p>\t\t\t\t\t\t\t\t<\/div>\n\t\t\t\t<\/div>\n\t\t\t\t\t<\/div>\n\t\t\t\t<\/div>\n\t\t\t\t<\/div>","protected":false},"excerpt":{"rendered":"<p>Cool Minds Clubs \u00bfQu\u00e9 son los clubes y\/o cu\u00e1l es el prop\u00f3sito?Los Cool Minds Clubs son una iniciativa extracurricular orientada a potenciar habilidades espec\u00edficas en los estudiantes, fomentando el pensamiento cr\u00edtico, la creatividad, y la colaboraci\u00f3n en un ambiente aut\u00f3nomo. Su prop\u00f3sito es ofrecer espacios din\u00e1micos y significativos fuera del horario de clase, donde los [&hellip;]<\/p>\n","protected":false},"author":2,"featured_media":0,"parent":0,"menu_order":0,"comment_status":"closed","ping_status":"closed","template":"","meta":{"footnotes":""},"class_list":["post-380823","page","type-page","status-publish","hentry"],"yoast_head":"<!-- This site is optimized with the Yoast SEO plugin v27.3 - https:\/\/yoast.com\/product\/yoast-seo-wordpress\/ -->\n<title>Cool Minds Clubs - La Moderna<\/title>\n<meta name=\"robots\" content=\"index, follow, max-snippet:-1, max-image-preview:large, max-video-preview:-1\" \/>\n<link rel=\"canonical\" href=\"https:\/\/lamoderna.edu.ec\/en\/cool-minds-clubs\/\" \/>\n<meta property=\"og:locale\" content=\"en_US\" \/>\n<meta property=\"og:type\" content=\"article\" \/>\n<meta property=\"og:title\" content=\"Cool Minds Clubs - La Moderna\" \/>\n<meta property=\"og:description\" content=\"Cool Minds Clubs \u00bfQu\u00e9 son los clubes y\/o cu\u00e1l es el prop\u00f3sito?Los Cool Minds Clubs son una iniciativa extracurricular orientada a potenciar habilidades espec\u00edficas en los estudiantes, fomentando el pensamiento cr\u00edtico, la creatividad, y la colaboraci\u00f3n en un ambiente aut\u00f3nomo. Su prop\u00f3sito es ofrecer espacios din\u00e1micos y significativos fuera del horario de clase, donde los [&hellip;]\" \/>\n<meta property=\"og:url\" content=\"https:\/\/lamoderna.edu.ec\/en\/cool-minds-clubs\/\" \/>\n<meta property=\"og:site_name\" content=\"La Moderna\" \/>\n<meta property=\"article:publisher\" content=\"https:\/\/www.facebook.com\/lamodernaEC\/\" \/>\n<meta property=\"article:modified_time\" content=\"2025-06-23T16:31:16+00:00\" \/>\n<meta property=\"og:image\" content=\"https:\/\/lamoderna.edu.ec\/wp-content\/uploads\/2024\/08\/icono.png\" \/>\n\t<meta property=\"og:image:width\" content=\"103\" \/>\n\t<meta property=\"og:image:height\" content=\"102\" \/>\n\t<meta property=\"og:image:type\" content=\"image\/png\" \/>\n<meta name=\"twitter:card\" content=\"summary_large_image\" \/>\n<meta name=\"twitter:label1\" content=\"Est. reading time\" \/>\n\t<meta name=\"twitter:data1\" content=\"2 minutes\" \/>\n<script type=\"application\/ld+json\" class=\"yoast-schema-graph\">{\"@context\":\"https:\\\/\\\/schema.org\",\"@graph\":[{\"@type\":\"WebPage\",\"@id\":\"https:\\\/\\\/lamoderna.edu.ec\\\/cool-minds-clubs\\\/\",\"url\":\"https:\\\/\\\/lamoderna.edu.ec\\\/cool-minds-clubs\\\/\",\"name\":\"Cool Minds Clubs - La Moderna\",\"isPartOf\":{\"@id\":\"https:\\\/\\\/lamoderna.edu.ec\\\/#website\"},\"datePublished\":\"2025-06-23T16:21:44+00:00\",\"dateModified\":\"2025-06-23T16:31:16+00:00\",\"breadcrumb\":{\"@id\":\"https:\\\/\\\/lamoderna.edu.ec\\\/cool-minds-clubs\\\/#breadcrumb\"},\"inLanguage\":\"en-US\",\"potentialAction\":[{\"@type\":\"ReadAction\",\"target\":[\"https:\\\/\\\/lamoderna.edu.ec\\\/cool-minds-clubs\\\/\"]}]},{\"@type\":\"BreadcrumbList\",\"@id\":\"https:\\\/\\\/lamoderna.edu.ec\\\/cool-minds-clubs\\\/#breadcrumb\",\"itemListElement\":[{\"@type\":\"ListItem\",\"position\":1,\"name\":\"Inicio\",\"item\":\"https:\\\/\\\/lamoderna.edu.ec\\\/\"},{\"@type\":\"ListItem\",\"position\":2,\"name\":\"Cool Minds Clubs\"}]},{\"@type\":\"WebSite\",\"@id\":\"https:\\\/\\\/lamoderna.edu.ec\\\/#website\",\"url\":\"https:\\\/\\\/lamoderna.edu.ec\\\/\",\"name\":\"Colegio La Moderna\",\"description\":\"Unidad Educativa Particular Biling\u00fce\",\"publisher\":{\"@id\":\"https:\\\/\\\/lamoderna.edu.ec\\\/#organization\"},\"alternateName\":\"Colegio LMO\",\"potentialAction\":[{\"@type\":\"SearchAction\",\"target\":{\"@type\":\"EntryPoint\",\"urlTemplate\":\"https:\\\/\\\/lamoderna.edu.ec\\\/?s={search_term_string}\"},\"query-input\":{\"@type\":\"PropertyValueSpecification\",\"valueRequired\":true,\"valueName\":\"search_term_string\"}}],\"inLanguage\":\"en-US\"},{\"@type\":\"Organization\",\"@id\":\"https:\\\/\\\/lamoderna.edu.ec\\\/#organization\",\"name\":\"Colegio La Moderna\",\"alternateName\":\"Colegio LMO\",\"url\":\"https:\\\/\\\/lamoderna.edu.ec\\\/\",\"logo\":{\"@type\":\"ImageObject\",\"inLanguage\":\"en-US\",\"@id\":\"https:\\\/\\\/lamoderna.edu.ec\\\/#\\\/schema\\\/logo\\\/image\\\/\",\"url\":\"https:\\\/\\\/lamoderna.edu.ec\\\/wp-content\\\/uploads\\\/2024\\\/08\\\/icono.png\",\"contentUrl\":\"https:\\\/\\\/lamoderna.edu.ec\\\/wp-content\\\/uploads\\\/2024\\\/08\\\/icono.png\",\"width\":103,\"height\":102,\"caption\":\"Colegio La Moderna\"},\"image\":{\"@id\":\"https:\\\/\\\/lamoderna.edu.ec\\\/#\\\/schema\\\/logo\\\/image\\\/\"},\"sameAs\":[\"https:\\\/\\\/www.facebook.com\\\/lamodernaEC\\\/\",\"https:\\\/\\\/www.instagram.com\\\/lamoderna_ec\\\/#\"]}]}<\/script>\n<!-- \/ Yoast SEO plugin. -->","yoast_head_json":{"title":"Cool Minds Clubs - La Moderna","robots":{"index":"index","follow":"follow","max-snippet":"max-snippet:-1","max-image-preview":"max-image-preview:large","max-video-preview":"max-video-preview:-1"},"canonical":"https:\/\/lamoderna.edu.ec\/en\/cool-minds-clubs\/","og_locale":"en_US","og_type":"article","og_title":"Cool Minds Clubs - La Moderna","og_description":"Cool Minds Clubs \u00bfQu\u00e9 son los clubes y\/o cu\u00e1l es el prop\u00f3sito?Los Cool Minds Clubs son una iniciativa extracurricular orientada a potenciar habilidades espec\u00edficas en los estudiantes, fomentando el pensamiento cr\u00edtico, la creatividad, y la colaboraci\u00f3n en un ambiente aut\u00f3nomo. Su prop\u00f3sito es ofrecer espacios din\u00e1micos y significativos fuera del horario de clase, donde los [&hellip;]","og_url":"https:\/\/lamoderna.edu.ec\/en\/cool-minds-clubs\/","og_site_name":"La Moderna","article_publisher":"https:\/\/www.facebook.com\/lamodernaEC\/","article_modified_time":"2025-06-23T16:31:16+00:00","og_image":[{"width":103,"height":102,"url":"https:\/\/lamoderna.edu.ec\/wp-content\/uploads\/2024\/08\/icono.png","type":"image\/png"}],"twitter_card":"summary_large_image","twitter_misc":{"Est. reading time":"2 minutes"},"schema":{"@context":"https:\/\/schema.org","@graph":[{"@type":"WebPage","@id":"https:\/\/lamoderna.edu.ec\/cool-minds-clubs\/","url":"https:\/\/lamoderna.edu.ec\/cool-minds-clubs\/","name":"Cool Minds Clubs - La Moderna","isPartOf":{"@id":"https:\/\/lamoderna.edu.ec\/#website"},"datePublished":"2025-06-23T16:21:44+00:00","dateModified":"2025-06-23T16:31:16+00:00","breadcrumb":{"@id":"https:\/\/lamoderna.edu.ec\/cool-minds-clubs\/#breadcrumb"},"inLanguage":"en-US","potentialAction":[{"@type":"ReadAction","target":["https:\/\/lamoderna.edu.ec\/cool-minds-clubs\/"]}]},{"@type":"BreadcrumbList","@id":"https:\/\/lamoderna.edu.ec\/cool-minds-clubs\/#breadcrumb","itemListElement":[{"@type":"ListItem","position":1,"name":"Inicio","item":"https:\/\/lamoderna.edu.ec\/"},{"@type":"ListItem","position":2,"name":"Cool Minds Clubs"}]},{"@type":"WebSite","@id":"https:\/\/lamoderna.edu.ec\/#website","url":"https:\/\/lamoderna.edu.ec\/","name":"Colegio La Moderna","description":"Unidad Educativa Particular Biling\u00fce","publisher":{"@id":"https:\/\/lamoderna.edu.ec\/#organization"},"alternateName":"Colegio LMO","potentialAction":[{"@type":"SearchAction","target":{"@type":"EntryPoint","urlTemplate":"https:\/\/lamoderna.edu.ec\/?s={search_term_string}"},"query-input":{"@type":"PropertyValueSpecification","valueRequired":true,"valueName":"search_term_string"}}],"inLanguage":"en-US"},{"@type":"Organization","@id":"https:\/\/lamoderna.edu.ec\/#organization","name":"Colegio La Moderna","alternateName":"Colegio LMO","url":"https:\/\/lamoderna.edu.ec\/","logo":{"@type":"ImageObject","inLanguage":"en-US","@id":"https:\/\/lamoderna.edu.ec\/#\/schema\/logo\/image\/","url":"https:\/\/lamoderna.edu.ec\/wp-content\/uploads\/2024\/08\/icono.png","contentUrl":"https:\/\/lamoderna.edu.ec\/wp-content\/uploads\/2024\/08\/icono.png","width":103,"height":102,"caption":"Colegio La Moderna"},"image":{"@id":"https:\/\/lamoderna.edu.ec\/#\/schema\/logo\/image\/"},"sameAs":["https:\/\/www.facebook.com\/lamodernaEC\/","https:\/\/www.instagram.com\/lamoderna_ec\/#"]}]}},"_links":{"self":[{"href":"https:\/\/lamoderna.edu.ec\/en\/wp-json\/wp\/v2\/pages\/380823","targetHints":{"allow":["GET"]}}],"collection":[{"href":"https:\/\/lamoderna.edu.ec\/en\/wp-json\/wp\/v2\/pages"}],"about":[{"href":"https:\/\/lamoderna.edu.ec\/en\/wp-json\/wp\/v2\/types\/page"}],"author":[{"embeddable":true,"href":"https:\/\/lamoderna.edu.ec\/en\/wp-json\/wp\/v2\/users\/2"}],"replies":[{"embeddable":true,"href":"https:\/\/lamoderna.edu.ec\/en\/wp-json\/wp\/v2\/comments?post=380823"}],"version-history":[{"count":7,"href":"https:\/\/lamoderna.edu.ec\/en\/wp-json\/wp\/v2\/pages\/380823\/revisions"}],"predecessor-version":[{"id":380831,"href":"https:\/\/lamoderna.edu.ec\/en\/wp-json\/wp\/v2\/pages\/380823\/revisions\/380831"}],"wp:attachment":[{"href":"https:\/\/lamoderna.edu.ec\/en\/wp-json\/wp\/v2\/media?parent=380823"}],"curies":[{"name":"wp","href":"https:\/\/api.w.org\/{rel}","templated":true}]}}