{"id":380171,"date":"2025-01-22T10:56:18","date_gmt":"2025-01-22T15:56:18","guid":{"rendered":"https:\/\/lamoderna.edu.ec\/?page_id=380171"},"modified":"2025-02-14T21:19:51","modified_gmt":"2025-02-15T02:19:51","slug":"terminos-y-condiciones","status":"publish","type":"page","link":"https:\/\/lamoderna.edu.ec\/en\/terminos-y-condiciones\/","title":{"rendered":"T\u00e9rminos y condiciones de uso de la p\u00e1gina web"},"content":{"rendered":"<div data-elementor-type=\"wp-page\" data-elementor-id=\"380171\" class=\"elementor elementor-380171\" data-elementor-post-type=\"page\">\n\t\t\t\t<div class=\"elementor-element elementor-element-5264fda e-flex e-con-boxed e-con e-parent\" data-id=\"5264fda\" data-element_type=\"container\" data-e-type=\"container\">\n\t\t\t\t\t<div class=\"e-con-inner\">\n\t\t\t\t<div class=\"elementor-element elementor-element-b84fbca elementor-widget elementor-widget-heading\" data-id=\"b84fbca\" data-element_type=\"widget\" data-e-type=\"widget\" data-widget_type=\"heading.default\">\n\t\t\t\t<div class=\"elementor-widget-container\">\n\t\t\t\t\t<h2 class=\"elementor-heading-title elementor-size-default\">T\u00c9RMINOS Y CONDICIONES DE USO DE LA P\u00c1GINA WEB<\/h2>\t\t\t\t<\/div>\n\t\t\t\t<\/div>\n\t\t\t\t<div class=\"elementor-element elementor-element-81ae102 elementor-widget elementor-widget-text-editor\" data-id=\"81ae102\" data-element_type=\"widget\" data-e-type=\"widget\" data-widget_type=\"text-editor.default\">\n\t\t\t\t<div class=\"elementor-widget-container\">\n\t\t\t\t\t\t\t\t\t<p>El presente documento tiene por objeto informar a los usuarios del Sitio Web <em><strong>https:\/\/lamoderna.edu.ec\/<\/strong><\/em> (en adelante, el \u201cSitio\u201d o el \u201cSitio Web\u201d) sobre las condiciones de uso, los alcances y limitaciones sobre este Sitio. Este Sitio es propiedad de INEMOQUIL C\u00cdA. LTDA. (en adelante, \u201cINEMOQUIL\u201d), sostenedor educacional del Colegio La Moderna.<\/p><ol><li><strong>Aceptaci\u00f3n de los T\u00e9rminos<\/strong><br \/>Al acceder y utilizar el Sitio Web https:\/ lamoderna.edu.ec\/, el Usuario declara haber le\u00eddo, entendido y aceptado cumplir las disposiciones contenidas en este documento. En caso de no estar de acuerdo con las condiciones de uso y pol\u00edtica de privacidad y tratamiento de datos personales, el usuario no deber\u00e1 utilizar este Sitio. El uso del Sitio implica la aceptaci\u00f3n plena e incondicional de los presentes T\u00e9rminos y Condiciones de Uso. Esto incluye la aceptaci\u00f3n de modificaciones que puedan realizarse en el futuro, las cuales ser\u00e1n debidamente publicadas en el Sitio.<\/li><li><strong>Uso del Sitio<\/strong><br \/>El acceso al Sitio est\u00e1 condicionado a la aceptaci\u00f3n y cumplimiento de las disposiciones legales y contractuales descritas en este documento, as\u00ed como cualquier modificaci\u00f3n u otra pol\u00edtica, las que estar\u00e1n debidamente publicadas en este Sitio. El ingreso o registro en este Sitio otorga a quien lo visita el car\u00e1cter de \u201cUsuario\u201d y significa una total aceptaci\u00f3n a las cl\u00e1usulas y condiciones que se indican en el presente documento o cualquier otra pol\u00edtica publicada en el Sitio Web. El Usuario se compromete a utilizar el Sitio \u00fanicamente con fines l\u00edcitos y de conformidad con la normativa vigente. Algunos servicios o secciones del Sitio pueden requerir que el Usuario se registre, proporcionando datos personales veraces y actualizados. Se proh\u00edbe expresamente a los Usuarios realizar acciones que afecten la funcionalidad del Sitio o los derechos de otros usuarios, as\u00ed como cualquier intento de obtener acceso no autorizado a sistemas, informaci\u00f3n o funcionalidades restringidas del Sitio. El incumplimiento de estas condiciones puede resultar en la suspensi\u00f3n o cancelaci\u00f3n del acceso al Sitio, sin previo aviso.<\/li><li><strong>Propiedad Intelectual<\/strong><br \/>Los programas, bases de datos, redes y archivos que permiten al Usuario acceder al Sitio, as\u00ed como las marcas comerciales, derechos de autor, trade dress y otros derechos de propiedad intelectual, son de exclusiva propiedad de INEMOQUIL, sus empresas asociadas y\/o los colegios que administra. Estos est\u00e1n protegidos por las leyes y tratados internacionales relacionados con derechos de autor, marcas, patentes, modelos y dise\u00f1os industriales. Queda prohibido el uso indebido y la reproducci\u00f3n total o parcial de estos elementos sin la autorizaci\u00f3n previa y por escrito de INEMOQUIL. Asimismo, el Usuario tiene expresamente prohibido, en relaci\u00f3n con el Sitio:<\/li><\/ol><ul><li>Utilizarlo para fines distintos a los establecidos en estos T\u00e9rminos y Condiciones<br \/>de Uso.<\/li><li>Realizar cualquier tipo de adaptaci\u00f3n o modificaci\u00f3n del Sitio.<\/li><li>Llevar a cabo pruebas de \u201cblack-box\u201d, aplicar ingenier\u00eda inversa o descompilaci\u00f3n, o utilizar cualquier t\u00e9cnica para acceder al c\u00f3digo fuente o a otros elementos del Sitio.<\/li><\/ul><p>Todos los derechos de propiedad intelectual e industrial, as\u00ed como cualquier derecho similar sobre el Sitio, sus funcionalidades, c\u00f3digos, desarrollos, software, hardware, dominio, logotipos, emblemas, dise\u00f1os, estructura, contenidos e informaci\u00f3n, entre otros, pertenecen a INEMOQUIL C\u00cdA. LTDA. y\/o a sus empresas relacionadas. En ning\u00fan caso se interpretar\u00e1 que el Usuario tiene alg\u00fan derecho de propiedad intelectual ni licencia sobre los elementos del Sitio al utilizarlo.<\/p><p><strong>4. L\u00edmites de Responsabilidad<\/strong><br \/>INEMOQUIL no asegura que el Sitio o su contenido est\u00e9n libres de elementos que puedan causar alteraciones o da\u00f1os en el sistema inform\u00e1tico (software y o hardware) del Usuario, ni en la informaci\u00f3n almacenada en dicho sistema. Por lo tanto, INEMOQUIL C\u00cdA. LTDA. no se responsabiliza de ning\u00fan modo por los da\u00f1os o perjuicios que el Usuario pudiera experimentar como resultado del acceso o uso del Sitio.<br \/>El Usuario reconoce y acepta que es el \u00fanico responsable de su acceso y uso del Sitio, liberando a INEMOQUIL de cualquier responsabilidad en este sentido. El Sitio puede contener enlaces a sitios web de terceros. INEMOQUIL no asume responsabilidad alguna por el contenido, materiales, acciones y\/o servicios ofrecidos en o a trav\u00e9s de estos sitios, ni por los da\u00f1os o p\u00e9rdidas que puedan derivarse de su uso, ya sea directa o indirectamente.<br \/>INEMOQUIL no garantiza el acceso continuo e ininterrumpido al Sitio, ya que este podr\u00eda no estar disponible debido a problemas t\u00e9cnicos, fallos de Internet, actualizaciones, mantenimiento o cualquier otra situaci\u00f3n ajena a INEMOQUIL.<\/p><p><strong>5. Exenci\u00f3n de Responsabilidad<\/strong><br \/>El Usuario se compromete a defender e indemnizar a INEMOQUIL, as\u00ed como a sus empleados y agentes, frente a cualquier demanda, condena, multa, reclamo, sanci\u00f3n, embargo o medida precautoria que puedan surgir como resultado de:<\/p><ul><li>El incumplimiento de los T\u00e9rminos y Condiciones de Uso, as\u00ed como de otras pol\u00edticas de INEMOQUIL incorporadas a este\u00a0 documento, o la violaci\u00f3n de cualquier legislaci\u00f3n vigente relacionada con estas materias o con los derechos de terceros.<\/li><li>Incumplimientos del Usuario en relaci\u00f3n con las leyes de propiedad intelectual e industrial<\/li><li>Uso indebido del Sitio o sus contenidos por parte del Usuario.<\/li><\/ul><p><strong>6. Protecci\u00f3n de Datos Personales<\/strong><br \/>Los datos personales de los usuarios recopilados y registrados a trav\u00e9s del Sitio Web ser\u00e1n tratados conforme a lo establecido en la Ley Org\u00e1nica de Protecci\u00f3n de Datos Personales, su Reglamento y dem\u00e1s normativa aplicable. En este sentido, INEMOQUIL garantiza el cumplimiento estricto de las disposiciones mencionadas, as\u00ed como la implementaci\u00f3n de est\u00e1ndares adecuados de seguridad, protecci\u00f3n, resguardo, conservaci\u00f3n y confidencialidad de la informaci\u00f3n recibida.<br \/>Ponemos a disposici\u00f3n del Usuario nuestra Pol\u00edtica de Privacidad <a href=\"https:\/\/lamoderna.edu.ec\/en\/politica-de-privacidad\/\"><strong>https:\/\/lamoderna.edu.ec\/politica-de-privacidad\/<\/strong><\/a>, donde se detalla de manera clara los tipos de datos recopilados, las finalidades del tratamiento, las bases jur\u00eddicas que legitiman dicho tratamiento, las medidas de seguridad adoptadas y otros aspectos relevantes en cumplimiento de la normativa vigente.<\/p><p>La informaci\u00f3n personal recopilada se conservar\u00e1 \u00fanicamente durante el tiempo necesario para cumplir con las finalidades originales de su recopilaci\u00f3n, salvo que una disposici\u00f3n legal exija su conservaci\u00f3n por un periodo m\u00e1s prolongado.<\/p><p>Asimismo, INEMOQUIL informa al Usuario que puede ejercer sus derechos de acceso, rectificaci\u00f3n, cancelaci\u00f3n y oposici\u00f3n sobre sus datos personales, enviando una solicitud a <strong>dataprivacysa@ispschools.com.<\/strong><\/p><p><br \/><strong>7. Ley Aplicable<\/strong><br \/>Estos t\u00e9rminos y condiciones se interpretar\u00e1n y aplicar\u00e1n conforme a las leyes de la Rep\u00fablica del Ecuador.<\/p><p><strong>8. Vigencia<\/strong><br \/>Estas condiciones entran en vigor desde su publicaci\u00f3n en el Sitio y permanecer\u00e1n vigentes indefinidamente.<\/p><p><strong>9. Modificaciones:<\/strong><br \/>INEMOQUIL se reserva el derecho de modificar este documento en cualquier momento. Los cambios ser\u00e1n efectivos desde su publicaci\u00f3n en el Sitio, sin necesidad de notificaci\u00f3n espec\u00edfica.<br \/>El Usuario es responsable de revisar peri\u00f3dicamente este documento para estar al tanto de las actualizaciones.<\/p>\t\t\t\t\t\t\t\t<\/div>\n\t\t\t\t<\/div>\n\t\t\t\t\t<\/div>\n\t\t\t\t<\/div>\n\t\t\t\t<\/div>","protected":false},"excerpt":{"rendered":"<p>T\u00c9RMINOS Y CONDICIONES DE USO DE LA P\u00c1GINA WEB El presente documento tiene por objeto informar a los usuarios del Sitio Web https:\/\/lamoderna.edu.ec\/ (en adelante, el \u201cSitio\u201d o el \u201cSitio Web\u201d) sobre las condiciones de uso, los alcances y limitaciones sobre este Sitio. Este Sitio es propiedad de INEMOQUIL C\u00cdA. LTDA. (en adelante, \u201cINEMOQUIL\u201d), sostenedor [&hellip;]<\/p>\n","protected":false},"author":2,"featured_media":0,"parent":0,"menu_order":0,"comment_status":"closed","ping_status":"closed","template":"","meta":{"footnotes":""},"class_list":["post-380171","page","type-page","status-publish","hentry"],"yoast_head":"<!-- This site is optimized with the Yoast SEO plugin v27.3 - https:\/\/yoast.com\/product\/yoast-seo-wordpress\/ -->\n<title>T\u00e9rminos y condiciones de uso de la p\u00e1gina web - La Moderna<\/title>\n<meta name=\"robots\" content=\"index, follow, max-snippet:-1, max-image-preview:large, max-video-preview:-1\" \/>\n<link rel=\"canonical\" href=\"https:\/\/lamoderna.edu.ec\/en\/terminos-y-condiciones\/\" \/>\n<meta property=\"og:locale\" content=\"en_US\" \/>\n<meta property=\"og:type\" content=\"article\" \/>\n<meta property=\"og:title\" content=\"T\u00e9rminos y condiciones de uso de la p\u00e1gina web - La Moderna\" \/>\n<meta property=\"og:description\" content=\"T\u00c9RMINOS Y CONDICIONES DE USO DE LA P\u00c1GINA WEB El presente documento tiene por objeto informar a los usuarios del Sitio Web https:\/\/lamoderna.edu.ec\/ (en adelante, el \u201cSitio\u201d o el \u201cSitio Web\u201d) sobre las condiciones de uso, los alcances y limitaciones sobre este Sitio. Este Sitio es propiedad de INEMOQUIL C\u00cdA. LTDA. (en adelante, \u201cINEMOQUIL\u201d), sostenedor [&hellip;]\" \/>\n<meta property=\"og:url\" content=\"https:\/\/lamoderna.edu.ec\/en\/terminos-y-condiciones\/\" \/>\n<meta property=\"og:site_name\" content=\"La Moderna\" \/>\n<meta property=\"article:publisher\" content=\"https:\/\/www.facebook.com\/lamodernaEC\/\" \/>\n<meta property=\"article:modified_time\" content=\"2025-02-15T02:19:51+00:00\" \/>\n<meta property=\"og:image\" content=\"https:\/\/lamoderna.edu.ec\/wp-content\/uploads\/2024\/08\/icono.png\" \/>\n\t<meta property=\"og:image:width\" content=\"103\" \/>\n\t<meta property=\"og:image:height\" content=\"102\" \/>\n\t<meta property=\"og:image:type\" content=\"image\/png\" \/>\n<meta name=\"twitter:card\" content=\"summary_large_image\" \/>\n<meta name=\"twitter:label1\" content=\"Est. reading time\" \/>\n\t<meta name=\"twitter:data1\" content=\"5 minutes\" \/>\n<script type=\"application\/ld+json\" class=\"yoast-schema-graph\">{\"@context\":\"https:\\\/\\\/schema.org\",\"@graph\":[{\"@type\":\"WebPage\",\"@id\":\"https:\\\/\\\/lamoderna.edu.ec\\\/terminos-y-condiciones\\\/\",\"url\":\"https:\\\/\\\/lamoderna.edu.ec\\\/terminos-y-condiciones\\\/\",\"name\":\"T\u00e9rminos y condiciones de uso de la p\u00e1gina web - La Moderna\",\"isPartOf\":{\"@id\":\"https:\\\/\\\/lamoderna.edu.ec\\\/#website\"},\"datePublished\":\"2025-01-22T15:56:18+00:00\",\"dateModified\":\"2025-02-15T02:19:51+00:00\",\"breadcrumb\":{\"@id\":\"https:\\\/\\\/lamoderna.edu.ec\\\/terminos-y-condiciones\\\/#breadcrumb\"},\"inLanguage\":\"en-US\",\"potentialAction\":[{\"@type\":\"ReadAction\",\"target\":[\"https:\\\/\\\/lamoderna.edu.ec\\\/terminos-y-condiciones\\\/\"]}]},{\"@type\":\"BreadcrumbList\",\"@id\":\"https:\\\/\\\/lamoderna.edu.ec\\\/terminos-y-condiciones\\\/#breadcrumb\",\"itemListElement\":[{\"@type\":\"ListItem\",\"position\":1,\"name\":\"Inicio\",\"item\":\"https:\\\/\\\/lamoderna.edu.ec\\\/\"},{\"@type\":\"ListItem\",\"position\":2,\"name\":\"T\u00e9rminos y condiciones de uso de la p\u00e1gina web\"}]},{\"@type\":\"WebSite\",\"@id\":\"https:\\\/\\\/lamoderna.edu.ec\\\/#website\",\"url\":\"https:\\\/\\\/lamoderna.edu.ec\\\/\",\"name\":\"Colegio La Moderna\",\"description\":\"Unidad Educativa Particular Biling\u00fce\",\"publisher\":{\"@id\":\"https:\\\/\\\/lamoderna.edu.ec\\\/#organization\"},\"alternateName\":\"Colegio LMO\",\"potentialAction\":[{\"@type\":\"SearchAction\",\"target\":{\"@type\":\"EntryPoint\",\"urlTemplate\":\"https:\\\/\\\/lamoderna.edu.ec\\\/?s={search_term_string}\"},\"query-input\":{\"@type\":\"PropertyValueSpecification\",\"valueRequired\":true,\"valueName\":\"search_term_string\"}}],\"inLanguage\":\"en-US\"},{\"@type\":\"Organization\",\"@id\":\"https:\\\/\\\/lamoderna.edu.ec\\\/#organization\",\"name\":\"Colegio La Moderna\",\"alternateName\":\"Colegio LMO\",\"url\":\"https:\\\/\\\/lamoderna.edu.ec\\\/\",\"logo\":{\"@type\":\"ImageObject\",\"inLanguage\":\"en-US\",\"@id\":\"https:\\\/\\\/lamoderna.edu.ec\\\/#\\\/schema\\\/logo\\\/image\\\/\",\"url\":\"https:\\\/\\\/lamoderna.edu.ec\\\/wp-content\\\/uploads\\\/2024\\\/08\\\/icono.png\",\"contentUrl\":\"https:\\\/\\\/lamoderna.edu.ec\\\/wp-content\\\/uploads\\\/2024\\\/08\\\/icono.png\",\"width\":103,\"height\":102,\"caption\":\"Colegio La Moderna\"},\"image\":{\"@id\":\"https:\\\/\\\/lamoderna.edu.ec\\\/#\\\/schema\\\/logo\\\/image\\\/\"},\"sameAs\":[\"https:\\\/\\\/www.facebook.com\\\/lamodernaEC\\\/\",\"https:\\\/\\\/www.instagram.com\\\/lamoderna_ec\\\/#\"]}]}<\/script>\n<!-- \/ Yoast SEO plugin. -->","yoast_head_json":{"title":"T\u00e9rminos y condiciones de uso de la p\u00e1gina web - La Moderna","robots":{"index":"index","follow":"follow","max-snippet":"max-snippet:-1","max-image-preview":"max-image-preview:large","max-video-preview":"max-video-preview:-1"},"canonical":"https:\/\/lamoderna.edu.ec\/en\/terminos-y-condiciones\/","og_locale":"en_US","og_type":"article","og_title":"T\u00e9rminos y condiciones de uso de la p\u00e1gina web - La Moderna","og_description":"T\u00c9RMINOS Y CONDICIONES DE USO DE LA P\u00c1GINA WEB El presente documento tiene por objeto informar a los usuarios del Sitio Web https:\/\/lamoderna.edu.ec\/ (en adelante, el \u201cSitio\u201d o el \u201cSitio Web\u201d) sobre las condiciones de uso, los alcances y limitaciones sobre este Sitio. Este Sitio es propiedad de INEMOQUIL C\u00cdA. LTDA. (en adelante, \u201cINEMOQUIL\u201d), sostenedor [&hellip;]","og_url":"https:\/\/lamoderna.edu.ec\/en\/terminos-y-condiciones\/","og_site_name":"La Moderna","article_publisher":"https:\/\/www.facebook.com\/lamodernaEC\/","article_modified_time":"2025-02-15T02:19:51+00:00","og_image":[{"width":103,"height":102,"url":"https:\/\/lamoderna.edu.ec\/wp-content\/uploads\/2024\/08\/icono.png","type":"image\/png"}],"twitter_card":"summary_large_image","twitter_misc":{"Est. reading time":"5 minutes"},"schema":{"@context":"https:\/\/schema.org","@graph":[{"@type":"WebPage","@id":"https:\/\/lamoderna.edu.ec\/terminos-y-condiciones\/","url":"https:\/\/lamoderna.edu.ec\/terminos-y-condiciones\/","name":"T\u00e9rminos y condiciones de uso de la p\u00e1gina web - La Moderna","isPartOf":{"@id":"https:\/\/lamoderna.edu.ec\/#website"},"datePublished":"2025-01-22T15:56:18+00:00","dateModified":"2025-02-15T02:19:51+00:00","breadcrumb":{"@id":"https:\/\/lamoderna.edu.ec\/terminos-y-condiciones\/#breadcrumb"},"inLanguage":"en-US","potentialAction":[{"@type":"ReadAction","target":["https:\/\/lamoderna.edu.ec\/terminos-y-condiciones\/"]}]},{"@type":"BreadcrumbList","@id":"https:\/\/lamoderna.edu.ec\/terminos-y-condiciones\/#breadcrumb","itemListElement":[{"@type":"ListItem","position":1,"name":"Inicio","item":"https:\/\/lamoderna.edu.ec\/"},{"@type":"ListItem","position":2,"name":"T\u00e9rminos y condiciones de uso de la p\u00e1gina web"}]},{"@type":"WebSite","@id":"https:\/\/lamoderna.edu.ec\/#website","url":"https:\/\/lamoderna.edu.ec\/","name":"Colegio La Moderna","description":"Unidad Educativa Particular Biling\u00fce","publisher":{"@id":"https:\/\/lamoderna.edu.ec\/#organization"},"alternateName":"Colegio LMO","potentialAction":[{"@type":"SearchAction","target":{"@type":"EntryPoint","urlTemplate":"https:\/\/lamoderna.edu.ec\/?s={search_term_string}"},"query-input":{"@type":"PropertyValueSpecification","valueRequired":true,"valueName":"search_term_string"}}],"inLanguage":"en-US"},{"@type":"Organization","@id":"https:\/\/lamoderna.edu.ec\/#organization","name":"Colegio La Moderna","alternateName":"Colegio LMO","url":"https:\/\/lamoderna.edu.ec\/","logo":{"@type":"ImageObject","inLanguage":"en-US","@id":"https:\/\/lamoderna.edu.ec\/#\/schema\/logo\/image\/","url":"https:\/\/lamoderna.edu.ec\/wp-content\/uploads\/2024\/08\/icono.png","contentUrl":"https:\/\/lamoderna.edu.ec\/wp-content\/uploads\/2024\/08\/icono.png","width":103,"height":102,"caption":"Colegio La Moderna"},"image":{"@id":"https:\/\/lamoderna.edu.ec\/#\/schema\/logo\/image\/"},"sameAs":["https:\/\/www.facebook.com\/lamodernaEC\/","https:\/\/www.instagram.com\/lamoderna_ec\/#"]}]}},"_links":{"self":[{"href":"https:\/\/lamoderna.edu.ec\/en\/wp-json\/wp\/v2\/pages\/380171","targetHints":{"allow":["GET"]}}],"collection":[{"href":"https:\/\/lamoderna.edu.ec\/en\/wp-json\/wp\/v2\/pages"}],"about":[{"href":"https:\/\/lamoderna.edu.ec\/en\/wp-json\/wp\/v2\/types\/page"}],"author":[{"embeddable":true,"href":"https:\/\/lamoderna.edu.ec\/en\/wp-json\/wp\/v2\/users\/2"}],"replies":[{"embeddable":true,"href":"https:\/\/lamoderna.edu.ec\/en\/wp-json\/wp\/v2\/comments?post=380171"}],"version-history":[{"count":17,"href":"https:\/\/lamoderna.edu.ec\/en\/wp-json\/wp\/v2\/pages\/380171\/revisions"}],"predecessor-version":[{"id":380315,"href":"https:\/\/lamoderna.edu.ec\/en\/wp-json\/wp\/v2\/pages\/380171\/revisions\/380315"}],"wp:attachment":[{"href":"https:\/\/lamoderna.edu.ec\/en\/wp-json\/wp\/v2\/media?parent=380171"}],"curies":[{"name":"wp","href":"https:\/\/api.w.org\/{rel}","templated":true}]}}