{"id":379977,"date":"2024-11-15T13:28:56","date_gmt":"2024-11-15T18:28:56","guid":{"rendered":"https:\/\/lamoderna.edu.ec\/?page_id=379977"},"modified":"2025-12-10T11:49:03","modified_gmt":"2025-12-10T16:49:03","slug":"cyfeiriadaugangydweithwyr","status":"publish","type":"page","link":"https:\/\/lamoderna.edu.ec\/en\/cyfeiriadaugangydweithwyr\/","title":{"rendered":"cyfeiriadaugangydweithwyr"},"content":{"rendered":"<div data-elementor-type=\"wp-page\" data-elementor-id=\"379977\" class=\"elementor elementor-379977\" data-elementor-post-type=\"page\">\n\t\t\t\t<div class=\"elementor-element elementor-element-b4f8c19 e-con-full e-flex e-con e-parent\" data-id=\"b4f8c19\" data-element_type=\"container\" data-e-type=\"container\" data-settings=\"{&quot;background_background&quot;:&quot;classic&quot;}\">\n\t\t\t\t<div class=\"elementor-element elementor-element-0064a4b elementor-widget elementor-widget-image\" data-id=\"0064a4b\" data-element_type=\"widget\" data-e-type=\"widget\" data-widget_type=\"image.default\">\n\t\t\t\t<div class=\"elementor-widget-container\">\n\t\t\t\t\t\t\t\t\t\t\t\t\t\t\t<img decoding=\"async\" width=\"300\" height=\"51\" src=\"https:\/\/lamoderna.edu.ec\/wp-content\/uploads\/2024\/05\/Logo-LMO_hor_bco-300x51.png\" class=\"attachment-medium size-medium wp-image-379668\" alt=\"\" srcset=\"https:\/\/lamoderna.edu.ec\/wp-content\/uploads\/2024\/05\/Logo-LMO_hor_bco-300x51.png 300w, https:\/\/lamoderna.edu.ec\/wp-content\/uploads\/2024\/05\/Logo-LMO_hor_bco-18x3.png 18w, https:\/\/lamoderna.edu.ec\/wp-content\/uploads\/2024\/05\/Logo-LMO_hor_bco.png 309w\" sizes=\"(max-width: 300px) 100vw, 300px\" \/>\t\t\t\t\t\t\t\t\t\t\t\t\t\t\t<\/div>\n\t\t\t\t<\/div>\n\t\t\t\t<\/div>\n\t\t<div class=\"elementor-element elementor-element-981f2f3 e-flex e-con-boxed e-con e-parent\" data-id=\"981f2f3\" data-element_type=\"container\" data-e-type=\"container\">\n\t\t\t\t\t<div class=\"e-con-inner\">\n\t\t\t\t<div class=\"elementor-element elementor-element-7198cc6 elementor-widget elementor-widget-text-editor\" data-id=\"7198cc6\" data-element_type=\"widget\" data-e-type=\"widget\" data-widget_type=\"text-editor.default\">\n\t\t\t\t<div class=\"elementor-widget-container\">\n\t\t\t\t\t\t\t\t\t<h1><strong>Incentivo por referidos exclusivo <br \/>para colaboradores LMO<\/strong><\/h1>\t\t\t\t\t\t\t\t<\/div>\n\t\t\t\t<\/div>\n\t\t\t\t\t<\/div>\n\t\t\t\t<\/div>\n\t\t<div class=\"elementor-element elementor-element-137e54f e-con-full e-flex e-con e-parent\" data-id=\"137e54f\" data-element_type=\"container\" data-e-type=\"container\" data-settings=\"{&quot;background_background&quot;:&quot;classic&quot;}\">\n\t\t\t\t<div class=\"elementor-element elementor-element-abbbc08 elementor-widget elementor-widget-image\" data-id=\"abbbc08\" data-element_type=\"widget\" data-e-type=\"widget\" data-widget_type=\"image.default\">\n\t\t\t\t<div class=\"elementor-widget-container\">\n\t\t\t\t\t\t\t\t\t\t\t\t\t\t\t<img fetchpriority=\"high\" decoding=\"async\" width=\"1280\" height=\"497\" src=\"https:\/\/lamoderna.edu.ec\/wp-content\/uploads\/2024\/12\/cambiossliderstaff500.jpg\" class=\"attachment-full size-full wp-image-380053\" alt=\"\" srcset=\"https:\/\/lamoderna.edu.ec\/wp-content\/uploads\/2024\/12\/cambiossliderstaff500.jpg 1280w, https:\/\/lamoderna.edu.ec\/wp-content\/uploads\/2024\/12\/cambiossliderstaff500-300x116.jpg 300w, https:\/\/lamoderna.edu.ec\/wp-content\/uploads\/2024\/12\/cambiossliderstaff500-1024x398.jpg 1024w, https:\/\/lamoderna.edu.ec\/wp-content\/uploads\/2024\/12\/cambiossliderstaff500-768x298.jpg 768w, https:\/\/lamoderna.edu.ec\/wp-content\/uploads\/2024\/12\/cambiossliderstaff500-18x7.jpg 18w\" sizes=\"(max-width: 1280px) 100vw, 1280px\" \/>\t\t\t\t\t\t\t\t\t\t\t\t\t\t\t<\/div>\n\t\t\t\t<\/div>\n\t\t\t\t<\/div>\n\t\t<div class=\"elementor-element elementor-element-c82e41f e-con-full e-flex e-con e-parent\" data-id=\"c82e41f\" data-element_type=\"container\" data-e-type=\"container\">\n\t\t<div class=\"elementor-element elementor-element-882a2d6 e-con-full e-flex e-con e-child\" data-id=\"882a2d6\" data-element_type=\"container\" data-e-type=\"container\">\n\t\t\t\t<div class=\"elementor-element elementor-element-239d2fe elementor-widget elementor-widget-text-editor\" data-id=\"239d2fe\" data-element_type=\"widget\" data-e-type=\"widget\" data-widget_type=\"text-editor.default\">\n\t\t\t\t<div class=\"elementor-widget-container\">\n\t\t\t\t\t\t\t\t\t<h2>T\u00e9rminos y condiciones:<\/h2><ul><li><span style=\"font-weight: 400;\">Recibir\u00e1 $500 por familia referida y matriculada para el periodo lectivo 2026-2027. Ser\u00e1 acreditado en el mes de junio 2026.<\/span><\/li><\/ul><ul><li><span style=\"font-weight: 400;\">No aplica para hermanos de estudiantes actuales, ni estudiantes que hayan estado en la instituci\u00f3n en a\u00f1os anteriores, ni hijos de colaboradores de La Moderna.<\/span><\/li><\/ul><ul><li><span style=\"font-weight: 400;\">The discount is not available to families currently affiliated with an ISP school (Liceo Panamericano Samborond\u00f3n, Liceo Panamericano Centenario, or ISP schools abroad).<\/span><\/li><\/ul><ul><li><span style=\"font-weight: 400;\">El \u00fanico medio v\u00e1lido para referir a las familias, es mediante el Formulario de Referidos.<\/span><\/li><\/ul><ul><li><span style=\"font-weight: 400;\"> \u00a0<\/span><span style=\"font-weight: 400;\">It is not possible to refer to a family that has previously requested information or completed the Admissions Process, as it will not be valid.<\/span><\/li><\/ul><ul><li><span style=\"font-weight: 400;\">\u00a0La familia referida (familia nueva) debe mencionar que son sus referidos tanto en el folleto de admisi\u00f3n, como en la entrevista familiar.<\/span><\/li><\/ul><ul><li><span style=\"font-weight: 400;\">This benefit is not transferable.\u00a0<\/span><\/li><\/ul><ul><li><span style=\"font-weight: 400;\">The referring family will only receive the benefit as long as the applicant family is officially admitted and enrolled.<\/span><\/li><\/ul><ul><li><span style=\"font-weight: 400;\">Si el referido se repite, se lo considerar\u00e1 a la familia que lo refiri\u00f3 primero por medio del Formulario de Referidos.<\/span><\/li><\/ul><ul><li><span style=\"font-weight: 400;\">The family you refer to should be aware that you will share their information with the La Moderna Admissions Department.<\/span><\/li><\/ul><ul><li><span style=\"font-weight: 400;\">Los referidos deben ser informados y matriculados hasta el 29 de mayo del 2026.<\/span><\/li><\/ul><p><span style=\"font-weight: 400;\">Confirmo que he le\u00eddo los t\u00e9rminos y condiciones<\/span><\/p><p><b>Al hacer clic en Enviar, aceptas que La Moderna almacene y procese la informaci\u00f3n personal suministrada arriba para proporcionarte el contenido solicitado.<\/b><\/p>\t\t\t\t\t\t\t\t<\/div>\n\t\t\t\t<\/div>\n\t\t\t\t<\/div>\n\t\t<div class=\"elementor-element elementor-element-d6e4eb3 e-con-full e-flex e-con e-child\" data-id=\"d6e4eb3\" data-element_type=\"container\" data-e-type=\"container\" data-settings=\"{&quot;background_background&quot;:&quot;classic&quot;}\">\n\t\t\t\t<div class=\"elementor-element elementor-element-a521c34 elementor-widget elementor-widget-html\" data-id=\"a521c34\" data-element_type=\"widget\" data-e-type=\"widget\" data-widget_type=\"html.default\">\n\t\t\t\t<div class=\"elementor-widget-container\">\n\t\t\t\t\t<script charset=\"utf-8\" type=\"text\/javascript\" src=\"\/\/js.hsforms.net\/forms\/embed\/v2.js\"><\/script>\n<script>\n  hbspt.forms.create({\n    portalId: \"4541203\",\n    formId: \"895880cf-f1b3-44de-b031-f830f915cde6\"\n  });\n<\/script>\t\t\t\t<\/div>\n\t\t\t\t<\/div>\n\t\t\t\t<\/div>\n\t\t\t\t<\/div>\n\t\t<div class=\"elementor-element elementor-element-fb457d8 e-con-full e-flex e-con e-parent\" data-id=\"fb457d8\" data-element_type=\"container\" data-e-type=\"container\">\n\t\t<div class=\"elementor-element elementor-element-dbd3d58 e-con-full e-flex e-con e-child\" data-id=\"dbd3d58\" data-element_type=\"container\" data-e-type=\"container\">\n\t\t\t\t<div class=\"elementor-element elementor-element-69e4ed7 elementor--h-position-center elementor--v-position-middle elementor-arrows-position-inside elementor-pagination-position-inside elementor-widget elementor-widget-slides\" data-id=\"69e4ed7\" data-element_type=\"widget\" data-e-type=\"widget\" data-settings=\"{&quot;navigation&quot;:&quot;both&quot;,&quot;autoplay&quot;:&quot;yes&quot;,&quot;pause_on_hover&quot;:&quot;yes&quot;,&quot;pause_on_interaction&quot;:&quot;yes&quot;,&quot;autoplay_speed&quot;:5000,&quot;infinite&quot;:&quot;yes&quot;,&quot;transition&quot;:&quot;slide&quot;,&quot;transition_speed&quot;:500}\" data-widget_type=\"slides.default\">\n\t\t\t\t<div class=\"elementor-widget-container\">\n\t\t\t\t\t\t\t\t\t<div class=\"elementor-swiper\">\n\t\t\t\t\t<div class=\"elementor-slides-wrapper elementor-main-swiper swiper\" role=\"region\" aria-roledescription=\"carousel\" aria-label=\"Slides\" dir=\"ltr\" data-animation=\"fadeInUp\">\n\t\t\t\t<div class=\"swiper-wrapper elementor-slides\">\n\t\t\t\t\t\t\t\t\t\t<div class=\"elementor-repeater-item-1e464f8 swiper-slide\" role=\"group\" aria-roledescription=\"slide\"><div class=\"swiper-slide-bg\" role=\"img\" aria-label=\"CAMPA\u00d1AS TIO LA MODERNA-02\"><\/div><div class=\"swiper-slide-inner\" ><div class=\"swiper-slide-contents\"><\/div><\/div><\/div>\t\t\t\t<\/div>\n\t\t\t\t\t\t\t<\/div>\n\t\t\t\t<\/div>\n\t\t\t\t\t\t\t\t<\/div>\n\t\t\t\t<\/div>\n\t\t\t\t<\/div>\n\t\t<div class=\"elementor-element elementor-element-d00dce6 e-con-full e-flex e-con e-child\" data-id=\"d00dce6\" data-element_type=\"container\" data-e-type=\"container\">\n\t\t\t\t<div class=\"elementor-element elementor-element-f2fe432 elementor-widget elementor-widget-heading\" data-id=\"f2fe432\" data-element_type=\"widget\" data-e-type=\"widget\" data-widget_type=\"heading.default\">\n\t\t\t\t<div class=\"elementor-widget-container\">\n\t\t\t\t\t<h2 class=\"elementor-heading-title elementor-size-default\">Campa\u00f1a T\u00edos La Moderna:\n<\/h2>\t\t\t\t<\/div>\n\t\t\t\t<\/div>\n\t\t\t\t<div class=\"elementor-element elementor-element-4c75b0f elementor-widget elementor-widget-text-editor\" data-id=\"4c75b0f\" data-element_type=\"widget\" data-e-type=\"widget\" data-widget_type=\"text-editor.default\">\n\t\t\t\t<div class=\"elementor-widget-container\">\n\t\t\t\t\t\t\t\t\t<p>Para hermanos, sobrinos, primos y nietos de los colaboradores de La Moderna (2do y 3er grado de consanguinidad) pueden recibir el beneficio del 40% en pensiones.<\/p><p><strong>T\u00e9rminos y condiciones:<\/strong><\/p><p>Para hermanos, sobrinos, primos y nietos de los colaboradores de La Moderna.<\/p><ul><li>Aplica para bono de referidos de $500 por familia referida y matriculada.<\/li><li>The discount is not available to families currently affiliated with an ISP school (Liceo Panamericano Samborond\u00f3n, Liceo Panamericano Centenario, or ISP schools abroad).<\/li><li>El \u00fanico medio v\u00e1lido para referir a las familias, es mediante el Formulario de Referidos Staff.<\/li><li>La familia referida (familia nueva) debe mencionar que son sus referidos tanto en el folleto de admisi\u00f3n, como en la entrevista familiar.<\/li><li>This benefit is not transferable.\u00a0<\/li><li>The referring family will only receive the benefit as long as the applicant family is officially admitted and enrolled.<\/li><li>Si el referido se repite, se lo considerar\u00e1 a la familia que lo refiri\u00f3 primero por medio del Formulario de Referidos.<\/li><li>The family you refer to should be aware that you will share their information with the La Moderna Admissions Department.<\/li><li>Los referidos deben ser informados y matriculados hasta 31 de mayo del 2025.<\/li><\/ul><p>Confirmo que he le\u00eddo los t\u00e9rminos y condiciones<\/p><p><b>Al hacer clic en Enviar, aceptas que La Moderna almacene y procese la informaci\u00f3n personal suministrada arriba para proporcionarte el contenido solicitado.<\/b><\/p>\t\t\t\t\t\t\t\t<\/div>\n\t\t\t\t<\/div>\n\t\t\t\t<\/div>\n\t\t\t\t<\/div>\n\t\t<div class=\"elementor-element elementor-element-aa7efba e-con-full e-flex e-con e-parent\" data-id=\"aa7efba\" data-element_type=\"container\" data-e-type=\"container\" data-settings=\"{&quot;background_background&quot;:&quot;classic&quot;}\">\n\t\t\t\t<\/div>\n\t\t<div class=\"elementor-element elementor-element-0a71e3b e-con-full e-flex e-con e-parent\" data-id=\"0a71e3b\" data-element_type=\"container\" data-e-type=\"container\" data-settings=\"{&quot;background_background&quot;:&quot;classic&quot;}\">\n\t\t<div class=\"elementor-element elementor-element-45a22f0 e-con-full triangulo e-flex e-con e-child\" data-id=\"45a22f0\" data-element_type=\"container\" data-e-type=\"container\">\n\t\t\t\t<\/div>\n\t\t<div class=\"elementor-element elementor-element-977e399 e-con-full e-flex e-con e-child\" data-id=\"977e399\" data-element_type=\"container\" data-e-type=\"container\">\n\t\t\t\t<div class=\"elementor-element elementor-element-ca47692 elementor-widget elementor-widget-image\" data-id=\"ca47692\" data-element_type=\"widget\" data-e-type=\"widget\" data-widget_type=\"image.default\">\n\t\t\t\t<div class=\"elementor-widget-container\">\n\t\t\t\t\t\t\t\t\t\t\t\t\t\t\t<img decoding=\"async\" width=\"300\" height=\"102\" src=\"https:\/\/lamoderna.edu.ec\/wp-content\/uploads\/2024\/11\/ispmoderna-300x102.png\" class=\"attachment-medium size-medium wp-image-379989\" alt=\"\" srcset=\"https:\/\/lamoderna.edu.ec\/wp-content\/uploads\/2024\/11\/ispmoderna-300x102.png 300w, https:\/\/lamoderna.edu.ec\/wp-content\/uploads\/2024\/11\/ispmoderna-18x6.png 18w, https:\/\/lamoderna.edu.ec\/wp-content\/uploads\/2024\/11\/ispmoderna.png 607w\" sizes=\"(max-width: 300px) 100vw, 300px\" \/>\t\t\t\t\t\t\t\t\t\t\t\t\t\t\t<\/div>\n\t\t\t\t<\/div>\n\t\t\t\t<\/div>\n\t\t\t\t<\/div>\n\t\t\t\t<\/div>","protected":false},"excerpt":{"rendered":"<p>Incentivo por referidos exclusivo para colaboradores LMO T\u00e9rminos y condiciones: Recibir\u00e1 $500 por familia referida y matriculada para el periodo lectivo 2026-2027. Ser\u00e1 acreditado en el mes de junio 2026. No aplica para hermanos de estudiantes actuales, ni estudiantes que hayan estado en la instituci\u00f3n en a\u00f1os anteriores, ni hijos de colaboradores de La Moderna. [&hellip;]<\/p>\n","protected":false},"author":2,"featured_media":0,"parent":0,"menu_order":0,"comment_status":"closed","ping_status":"closed","template":"elementor_canvas","meta":{"footnotes":""},"class_list":["post-379977","page","type-page","status-publish","hentry"],"yoast_head":"<!-- This site is optimized with the Yoast SEO plugin v27.5 - https:\/\/yoast.com\/product\/yoast-seo-wordpress\/ -->\n<title>cyfeiriadaugangydweithwyr - La Moderna<\/title>\n<meta name=\"robots\" content=\"index, follow, max-snippet:-1, max-image-preview:large, max-video-preview:-1\" \/>\n<link rel=\"canonical\" href=\"https:\/\/lamoderna.edu.ec\/en\/cyfeiriadaugangydweithwyr\/\" \/>\n<meta property=\"og:locale\" content=\"en_US\" \/>\n<meta property=\"og:type\" content=\"article\" \/>\n<meta property=\"og:title\" content=\"cyfeiriadaugangydweithwyr - La Moderna\" \/>\n<meta property=\"og:description\" content=\"Incentivo por referidos exclusivo para colaboradores LMO T\u00e9rminos y condiciones: Recibir\u00e1 $500 por familia referida y matriculada para el periodo lectivo 2026-2027. Ser\u00e1 acreditado en el mes de junio 2026. No aplica para hermanos de estudiantes actuales, ni estudiantes que hayan estado en la instituci\u00f3n en a\u00f1os anteriores, ni hijos de colaboradores de La Moderna. [&hellip;]\" \/>\n<meta property=\"og:url\" content=\"https:\/\/lamoderna.edu.ec\/en\/cyfeiriadaugangydweithwyr\/\" \/>\n<meta property=\"og:site_name\" content=\"La Moderna\" \/>\n<meta property=\"article:publisher\" content=\"https:\/\/www.facebook.com\/lamodernaEC\/\" \/>\n<meta property=\"article:modified_time\" content=\"2025-12-10T16:49:03+00:00\" \/>\n<meta property=\"og:image\" content=\"https:\/\/lamoderna.edu.ec\/wp-content\/uploads\/2024\/05\/Logo-LMO_hor_bco.png\" \/>\n\t<meta property=\"og:image:width\" content=\"309\" \/>\n\t<meta property=\"og:image:height\" content=\"53\" \/>\n\t<meta property=\"og:image:type\" content=\"image\/png\" \/>\n<meta name=\"twitter:card\" content=\"summary_large_image\" \/>\n<meta name=\"twitter:label1\" content=\"Est. reading time\" \/>\n\t<meta name=\"twitter:data1\" content=\"3 minutes\" \/>\n<script type=\"application\/ld+json\" class=\"yoast-schema-graph\">{\"@context\":\"https:\\\/\\\/schema.org\",\"@graph\":[{\"@type\":\"WebPage\",\"@id\":\"https:\\\/\\\/lamoderna.edu.ec\\\/cyfeiriadaugangydweithwyr\\\/\",\"url\":\"https:\\\/\\\/lamoderna.edu.ec\\\/cyfeiriadaugangydweithwyr\\\/\",\"name\":\"cyfeiriadaugangydweithwyr - La Moderna\",\"isPartOf\":{\"@id\":\"https:\\\/\\\/lamoderna.edu.ec\\\/#website\"},\"primaryImageOfPage\":{\"@id\":\"https:\\\/\\\/lamoderna.edu.ec\\\/cyfeiriadaugangydweithwyr\\\/#primaryimage\"},\"image\":{\"@id\":\"https:\\\/\\\/lamoderna.edu.ec\\\/cyfeiriadaugangydweithwyr\\\/#primaryimage\"},\"thumbnailUrl\":\"https:\\\/\\\/lamoderna.edu.ec\\\/wp-content\\\/uploads\\\/2024\\\/05\\\/Logo-LMO_hor_bco-300x51.png\",\"datePublished\":\"2024-11-15T18:28:56+00:00\",\"dateModified\":\"2025-12-10T16:49:03+00:00\",\"breadcrumb\":{\"@id\":\"https:\\\/\\\/lamoderna.edu.ec\\\/cyfeiriadaugangydweithwyr\\\/#breadcrumb\"},\"inLanguage\":\"en-US\",\"potentialAction\":[{\"@type\":\"ReadAction\",\"target\":[\"https:\\\/\\\/lamoderna.edu.ec\\\/cyfeiriadaugangydweithwyr\\\/\"]}]},{\"@type\":\"ImageObject\",\"inLanguage\":\"en-US\",\"@id\":\"https:\\\/\\\/lamoderna.edu.ec\\\/cyfeiriadaugangydweithwyr\\\/#primaryimage\",\"url\":\"https:\\\/\\\/lamoderna.edu.ec\\\/wp-content\\\/uploads\\\/2024\\\/05\\\/Logo-LMO_hor_bco-300x51.png\",\"contentUrl\":\"https:\\\/\\\/lamoderna.edu.ec\\\/wp-content\\\/uploads\\\/2024\\\/05\\\/Logo-LMO_hor_bco-300x51.png\"},{\"@type\":\"BreadcrumbList\",\"@id\":\"https:\\\/\\\/lamoderna.edu.ec\\\/cyfeiriadaugangydweithwyr\\\/#breadcrumb\",\"itemListElement\":[{\"@type\":\"ListItem\",\"position\":1,\"name\":\"Inicio\",\"item\":\"https:\\\/\\\/lamoderna.edu.ec\\\/\"},{\"@type\":\"ListItem\",\"position\":2,\"name\":\"cyfeiriadaugangydweithwyr\"}]},{\"@type\":\"WebSite\",\"@id\":\"https:\\\/\\\/lamoderna.edu.ec\\\/#website\",\"url\":\"https:\\\/\\\/lamoderna.edu.ec\\\/\",\"name\":\"Colegio La Moderna\",\"description\":\"Unidad Educativa Particular Biling\u00fce\",\"publisher\":{\"@id\":\"https:\\\/\\\/lamoderna.edu.ec\\\/#organization\"},\"alternateName\":\"Colegio LMO\",\"potentialAction\":[{\"@type\":\"SearchAction\",\"target\":{\"@type\":\"EntryPoint\",\"urlTemplate\":\"https:\\\/\\\/lamoderna.edu.ec\\\/?s={search_term_string}\"},\"query-input\":{\"@type\":\"PropertyValueSpecification\",\"valueRequired\":true,\"valueName\":\"search_term_string\"}}],\"inLanguage\":\"en-US\"},{\"@type\":\"Organization\",\"@id\":\"https:\\\/\\\/lamoderna.edu.ec\\\/#organization\",\"name\":\"Colegio La Moderna\",\"alternateName\":\"Colegio LMO\",\"url\":\"https:\\\/\\\/lamoderna.edu.ec\\\/\",\"logo\":{\"@type\":\"ImageObject\",\"inLanguage\":\"en-US\",\"@id\":\"https:\\\/\\\/lamoderna.edu.ec\\\/#\\\/schema\\\/logo\\\/image\\\/\",\"url\":\"https:\\\/\\\/lamoderna.edu.ec\\\/wp-content\\\/uploads\\\/2024\\\/08\\\/icono.png\",\"contentUrl\":\"https:\\\/\\\/lamoderna.edu.ec\\\/wp-content\\\/uploads\\\/2024\\\/08\\\/icono.png\",\"width\":103,\"height\":102,\"caption\":\"Colegio La Moderna\"},\"image\":{\"@id\":\"https:\\\/\\\/lamoderna.edu.ec\\\/#\\\/schema\\\/logo\\\/image\\\/\"},\"sameAs\":[\"https:\\\/\\\/www.facebook.com\\\/lamodernaEC\\\/\",\"https:\\\/\\\/www.instagram.com\\\/lamoderna_ec\\\/#\"]}]}<\/script>\n<!-- \/ Yoast SEO plugin. -->","yoast_head_json":{"title":"cyfeiriadaugangydweithwyr - La Moderna","robots":{"index":"index","follow":"follow","max-snippet":"max-snippet:-1","max-image-preview":"max-image-preview:large","max-video-preview":"max-video-preview:-1"},"canonical":"https:\/\/lamoderna.edu.ec\/en\/cyfeiriadaugangydweithwyr\/","og_locale":"en_US","og_type":"article","og_title":"cyfeiriadaugangydweithwyr - La Moderna","og_description":"Incentivo por referidos exclusivo para colaboradores LMO T\u00e9rminos y condiciones: Recibir\u00e1 $500 por familia referida y matriculada para el periodo lectivo 2026-2027. Ser\u00e1 acreditado en el mes de junio 2026. No aplica para hermanos de estudiantes actuales, ni estudiantes que hayan estado en la instituci\u00f3n en a\u00f1os anteriores, ni hijos de colaboradores de La Moderna. [&hellip;]","og_url":"https:\/\/lamoderna.edu.ec\/en\/cyfeiriadaugangydweithwyr\/","og_site_name":"La Moderna","article_publisher":"https:\/\/www.facebook.com\/lamodernaEC\/","article_modified_time":"2025-12-10T16:49:03+00:00","og_image":[{"width":309,"height":53,"url":"https:\/\/lamoderna.edu.ec\/wp-content\/uploads\/2024\/05\/Logo-LMO_hor_bco.png","type":"image\/png"}],"twitter_card":"summary_large_image","twitter_misc":{"Est. reading time":"3 minutes"},"schema":{"@context":"https:\/\/schema.org","@graph":[{"@type":"WebPage","@id":"https:\/\/lamoderna.edu.ec\/cyfeiriadaugangydweithwyr\/","url":"https:\/\/lamoderna.edu.ec\/cyfeiriadaugangydweithwyr\/","name":"cyfeiriadaugangydweithwyr - La Moderna","isPartOf":{"@id":"https:\/\/lamoderna.edu.ec\/#website"},"primaryImageOfPage":{"@id":"https:\/\/lamoderna.edu.ec\/cyfeiriadaugangydweithwyr\/#primaryimage"},"image":{"@id":"https:\/\/lamoderna.edu.ec\/cyfeiriadaugangydweithwyr\/#primaryimage"},"thumbnailUrl":"https:\/\/lamoderna.edu.ec\/wp-content\/uploads\/2024\/05\/Logo-LMO_hor_bco-300x51.png","datePublished":"2024-11-15T18:28:56+00:00","dateModified":"2025-12-10T16:49:03+00:00","breadcrumb":{"@id":"https:\/\/lamoderna.edu.ec\/cyfeiriadaugangydweithwyr\/#breadcrumb"},"inLanguage":"en-US","potentialAction":[{"@type":"ReadAction","target":["https:\/\/lamoderna.edu.ec\/cyfeiriadaugangydweithwyr\/"]}]},{"@type":"ImageObject","inLanguage":"en-US","@id":"https:\/\/lamoderna.edu.ec\/cyfeiriadaugangydweithwyr\/#primaryimage","url":"https:\/\/lamoderna.edu.ec\/wp-content\/uploads\/2024\/05\/Logo-LMO_hor_bco-300x51.png","contentUrl":"https:\/\/lamoderna.edu.ec\/wp-content\/uploads\/2024\/05\/Logo-LMO_hor_bco-300x51.png"},{"@type":"BreadcrumbList","@id":"https:\/\/lamoderna.edu.ec\/cyfeiriadaugangydweithwyr\/#breadcrumb","itemListElement":[{"@type":"ListItem","position":1,"name":"Inicio","item":"https:\/\/lamoderna.edu.ec\/"},{"@type":"ListItem","position":2,"name":"cyfeiriadaugangydweithwyr"}]},{"@type":"WebSite","@id":"https:\/\/lamoderna.edu.ec\/#website","url":"https:\/\/lamoderna.edu.ec\/","name":"Colegio La Moderna","description":"Unidad Educativa Particular Biling\u00fce","publisher":{"@id":"https:\/\/lamoderna.edu.ec\/#organization"},"alternateName":"Colegio LMO","potentialAction":[{"@type":"SearchAction","target":{"@type":"EntryPoint","urlTemplate":"https:\/\/lamoderna.edu.ec\/?s={search_term_string}"},"query-input":{"@type":"PropertyValueSpecification","valueRequired":true,"valueName":"search_term_string"}}],"inLanguage":"en-US"},{"@type":"Organization","@id":"https:\/\/lamoderna.edu.ec\/#organization","name":"Colegio La Moderna","alternateName":"Colegio LMO","url":"https:\/\/lamoderna.edu.ec\/","logo":{"@type":"ImageObject","inLanguage":"en-US","@id":"https:\/\/lamoderna.edu.ec\/#\/schema\/logo\/image\/","url":"https:\/\/lamoderna.edu.ec\/wp-content\/uploads\/2024\/08\/icono.png","contentUrl":"https:\/\/lamoderna.edu.ec\/wp-content\/uploads\/2024\/08\/icono.png","width":103,"height":102,"caption":"Colegio La Moderna"},"image":{"@id":"https:\/\/lamoderna.edu.ec\/#\/schema\/logo\/image\/"},"sameAs":["https:\/\/www.facebook.com\/lamodernaEC\/","https:\/\/www.instagram.com\/lamoderna_ec\/#"]}]}},"_links":{"self":[{"href":"https:\/\/lamoderna.edu.ec\/en\/wp-json\/wp\/v2\/pages\/379977","targetHints":{"allow":["GET"]}}],"collection":[{"href":"https:\/\/lamoderna.edu.ec\/en\/wp-json\/wp\/v2\/pages"}],"about":[{"href":"https:\/\/lamoderna.edu.ec\/en\/wp-json\/wp\/v2\/types\/page"}],"author":[{"embeddable":true,"href":"https:\/\/lamoderna.edu.ec\/en\/wp-json\/wp\/v2\/users\/2"}],"replies":[{"embeddable":true,"href":"https:\/\/lamoderna.edu.ec\/en\/wp-json\/wp\/v2\/comments?post=379977"}],"version-history":[{"count":87,"href":"https:\/\/lamoderna.edu.ec\/en\/wp-json\/wp\/v2\/pages\/379977\/revisions"}],"predecessor-version":[{"id":381889,"href":"https:\/\/lamoderna.edu.ec\/en\/wp-json\/wp\/v2\/pages\/379977\/revisions\/381889"}],"wp:attachment":[{"href":"https:\/\/lamoderna.edu.ec\/en\/wp-json\/wp\/v2\/media?parent=379977"}],"curies":[{"name":"wp","href":"https:\/\/api.w.org\/{rel}","templated":true}]}}