{"id":379210,"date":"2024-06-25T15:35:11","date_gmt":"2024-06-25T20:35:11","guid":{"rendered":"https:\/\/lamoderna.edu.ec\/?page_id=379210"},"modified":"2025-02-14T21:11:25","modified_gmt":"2025-02-15T02:11:25","slug":"ley-de-proteccion-de-datos","status":"publish","type":"page","link":"https:\/\/lamoderna.edu.ec\/en\/ley-de-proteccion-de-datos\/","title":{"rendered":"Ley de Protecci\u00f3n de Datos"},"content":{"rendered":"<div data-elementor-type=\"wp-page\" data-elementor-id=\"379210\" class=\"elementor elementor-379210\" data-elementor-post-type=\"page\">\n\t\t\t\t<div class=\"elementor-element elementor-element-58c9b8c e-flex e-con-boxed e-con e-parent\" data-id=\"58c9b8c\" data-element_type=\"container\" data-e-type=\"container\">\n\t\t\t\t\t<div class=\"e-con-inner\">\n\t\t<div class=\"elementor-element elementor-element-63e456d e-con-full e-flex e-con e-child\" data-id=\"63e456d\" data-element_type=\"container\" data-e-type=\"container\">\n\t\t\t\t<div class=\"elementor-element elementor-element-8d38640 elementor-widget elementor-widget-heading\" data-id=\"8d38640\" data-element_type=\"widget\" data-e-type=\"widget\" data-widget_type=\"heading.default\">\n\t\t\t\t<div class=\"elementor-widget-container\">\n\t\t\t\t\t<h2 class=\"elementor-heading-title elementor-size-default\">Ley de Protecci\u00f3n de Datos<\/h2>\t\t\t\t<\/div>\n\t\t\t\t<\/div>\n\t\t\t\t<div class=\"elementor-element elementor-element-ab7d74f elementor-widget elementor-widget-text-editor\" data-id=\"ab7d74f\" data-element_type=\"widget\" data-e-type=\"widget\" data-widget_type=\"text-editor.default\">\n\t\t\t\t<div class=\"elementor-widget-container\">\n\t\t\t\t\t\t\t\t\t<p>Con la finalidad de cumplir con lo dispuesto en la Ley Org\u00e1nica de Protecci\u00f3n de Datos<\/p><p>Personales hemos actualizado nuestras pol\u00edticas, por lo cual es importante que leas y aceptes cada una de las condiciones, as\u00ed tu informaci\u00f3n personal estar\u00e1 protegida y tratada de forma segura y confidencial.<\/p><p>Por disposici\u00f3n normativa la POL\u00cdTICA DE TRATAMIENTO DE DATOS PERSONALES deber\u00e1 ser aceptada hasta el 31 de julio del 2023<\/p><p>SIGUIENTE\u2026<\/p><p>AUTORIZACI\u00d3N PARA EL TRATAMIENTO DE DATOS PERSONALES<\/p><p>Autorizo de manera libre, voluntaria, previa, expl\u00edcita, e inequ\u00edvoca a INEMOQUIL CIA LTDA, en calidad de Promotora de la Unidad Educativa Biling\u00fce Centro Educativo La Moderna (en adelante la \u201cIE\u201d) y a quienes, durante la ejecuci\u00f3n de sus actividades, efect\u00faen el tratamiento de datos personales de forma conjunta, sean \u00e9stos sus proveedores o compa\u00f1\u00edas filiales y\/o subsidiarias y\/o afiliadas o aquellas donde pudiera tener una participaci\u00f3n accionaria, sean que se encuentren domiciliadas en el Ecuador y\/o en el exterior, o a quien represente sus derechos, como titular de la informaci\u00f3n, para que realicen los tratamientos que se indican a continuaci\u00f3n:<\/p><ol><li>Soliciten, almacenen, consulten, compartan, informen, reporten, rectifiquen, procesen, modifiquen, actualicen, aclaren, retiren o divulguen, ante cualquier empresa en Ecuador y\/o en el exterior, todo lo referente a mi informaci\u00f3n comercial y crediticia y aquella relacionada con los derechos y obligaciones originados en virtud de cualquier contrato celebrado u operaci\u00f3n que haya llegado o llegare a celebrar o realizar.<\/li><li>Accedan, recolecten, procesen, actualicen, conserven, compartan y destruyan mi informaci\u00f3n y documentaci\u00f3n, incluso cuando no se haya perfeccionado una relaci\u00f3n contractual o despu\u00e9s de haber finalizado, salvo que por una disposici\u00f3n legal est\u00e9n obligados a mantenerla disponible por posibles requerimientos de autoridades competentes.<\/li><li>Suministren, consulten, verifiquen y compartan la informaci\u00f3n comercial y\/o crediticia, con cualquier compa\u00f1\u00eda nacional o extranjera, incluyendo bur\u00f3s de informaci\u00f3n crediticia.<\/li><li>Remitan a las autoridades competentes, la informaci\u00f3n relacionada con los servicios contratados o que llegare a contratar, datos de contacto y toda aquella informaci\u00f3n que sea solicitada y que se encuentre en la entidad, incluyendo organismos de control, que de forma no taxativa indicamos a continuaci\u00f3n: Servicio de Rentas Internas, Fiscal\u00eda General del Estado, Unidad de An\u00e1lisis Financiero y Econ\u00f3mico del Ecuador (UAFE), Jueces y otros que tengan competencia legal para solicitarla.<\/li><li>Compartan, transmitan, transfieran y divulguen informaci\u00f3n y documentaci\u00f3n necesaria, incluyendo tambi\u00e9n las gestiones de cobranza a cargo de empresas de servicios auxiliares, abogados externos y estudios jur\u00eddicos para el caso de gestiones de cobro. Autorizo tambi\u00e9n a que compartan, transmitan, transfieran y divulguen mi informaci\u00f3n y\/o documentaci\u00f3n, siempre que por la naturaleza del servicio adquirido se requiera, con las siguientes personas, a nivel nacional o internacional:<\/li><li>1.- Quienes ofrezcan, presten o suministren bienes y servicios para la adecuada prestaci\u00f3n del servicio educativo<br \/>6.2.- Entidades con las cuales tengan celebrados o celebren a futuro contratos para el pago de los valores de servicios educativos o extracurriculares<br \/>6.3.- Las aseguradoras con las cuales se requieran tener contratadas p\u00f3lizas o con las cuales yo haya decidido contratarlas, as\u00ed como las empresas que brindan servicios de asistencia.<br \/>6.4.- Las operadoras de las franquicias de tarjetas de cr\u00e9dito y d\u00e9bito y dem\u00e1s entidades nacionales internacionales que participan en dichos sistemas.<br \/>6.5.- Las personas o empresas que est\u00e9n interesada en la adquisici\u00f3n de cartera o que la adquieran a cualquier t\u00edtulo.<\/li><\/ol><p>Autorizo tambi\u00e9n a que:<\/p><ol><li>Me contacten con el fin de suministrar informaci\u00f3n de productos, servicios, con fines de actualizaci\u00f3n de datos o de cualquier otra \u00edndole, directamente y\/o a trav\u00e9s de cualesquiera de sus proveedores, por cualquier medio, pero sin limitarse a correos electr\u00f3nicos, v\u00eda telef\u00f3nica, mensajer\u00eda instant\u00e1nea, notificaciones push, whatsapp, chatbot y a trav\u00e9s de redes sociales.<\/li><li>Me ofrezcan y presten sus productos o servicios a trav\u00e9s de cualquier medio a canal para mi beneficio; y,<\/li><li>Conozcan mi ubicaci\u00f3n y datos de contacto para efectos de notificaciones con fines de seguridad y ofrecimiento de beneficios y ofertas comerciales.<\/li><\/ol><p>Manifiesto que he LA IE, podr\u00e1 y se obligar\u00e1 a:<\/p><ol><li>Usar y tratar mis datos personales conforme la autorizaci\u00f3n que he otorgado. Los datos recolectados ser\u00e1n utilizados con el fin de que LA IE brinde los servicios educativos precautelando la protecci\u00f3n de los datos personales entregados a la entidad.<\/li><li>Usar los datos para el env\u00edo de informaci\u00f3n sobre temas relacionados al objeto de LA IE.<\/li><li>Recibir en cualquier momento la revocatoria del consentimiento otorgado para el tratamiento de datos personales y\/o solicitar la eliminaci\u00f3n de la informaci\u00f3n conforme a lo estipulado por la Ley.<\/li><li>Mantener la confidencialidad, seguridad, veracidad, transparencia, acceso y circulaci\u00f3n restringida de mis datos.<\/li><li>A entregar informaci\u00f3n relacionado a mis representados, siempre que la misma sea requerida exclusivamente por una Autoridad Judicial o Administrativa (Ministerio de Educaci\u00f3n y\/o Junta de Protecci\u00f3n de Derechos).<\/li><\/ol>\t\t\t\t\t\t\t\t<\/div>\n\t\t\t\t<\/div>\n\t\t\t\t<\/div>\n\t\t\t\t\t<\/div>\n\t\t\t\t<\/div>\n\t\t\t\t<\/div>","protected":false},"excerpt":{"rendered":"<p>Ley de Protecci\u00f3n de Datos Con la finalidad de cumplir con lo dispuesto en la Ley Org\u00e1nica de Protecci\u00f3n de Datos Personales hemos actualizado nuestras pol\u00edticas, por lo cual es importante que leas y aceptes cada una de las condiciones, as\u00ed tu informaci\u00f3n personal estar\u00e1 protegida y tratada de forma segura y confidencial. Por disposici\u00f3n [&hellip;]<\/p>\n","protected":false},"author":2,"featured_media":0,"parent":0,"menu_order":0,"comment_status":"closed","ping_status":"closed","template":"","meta":{"footnotes":""},"class_list":["post-379210","page","type-page","status-publish","hentry"],"yoast_head":"<!-- This site is optimized with the Yoast SEO plugin v27.4 - https:\/\/yoast.com\/product\/yoast-seo-wordpress\/ -->\n<title>Ley de Protecci\u00f3n de Datos - La Moderna<\/title>\n<meta name=\"robots\" content=\"index, follow, max-snippet:-1, max-image-preview:large, max-video-preview:-1\" \/>\n<link rel=\"canonical\" href=\"https:\/\/lamoderna.edu.ec\/en\/ley-de-proteccion-de-datos\/\" \/>\n<meta property=\"og:locale\" content=\"en_US\" \/>\n<meta property=\"og:type\" content=\"article\" \/>\n<meta property=\"og:title\" content=\"Ley de Protecci\u00f3n de Datos - La Moderna\" \/>\n<meta property=\"og:description\" content=\"Ley de Protecci\u00f3n de Datos Con la finalidad de cumplir con lo dispuesto en la Ley Org\u00e1nica de Protecci\u00f3n de Datos Personales hemos actualizado nuestras pol\u00edticas, por lo cual es importante que leas y aceptes cada una de las condiciones, as\u00ed tu informaci\u00f3n personal estar\u00e1 protegida y tratada de forma segura y confidencial. Por disposici\u00f3n [&hellip;]\" \/>\n<meta property=\"og:url\" content=\"https:\/\/lamoderna.edu.ec\/en\/ley-de-proteccion-de-datos\/\" \/>\n<meta property=\"og:site_name\" content=\"La Moderna\" \/>\n<meta property=\"article:publisher\" content=\"https:\/\/www.facebook.com\/lamodernaEC\/\" \/>\n<meta property=\"article:modified_time\" content=\"2025-02-15T02:11:25+00:00\" \/>\n<meta property=\"og:image\" content=\"https:\/\/lamoderna.edu.ec\/wp-content\/uploads\/2024\/08\/icono.png\" \/>\n\t<meta property=\"og:image:width\" content=\"103\" \/>\n\t<meta property=\"og:image:height\" content=\"102\" \/>\n\t<meta property=\"og:image:type\" content=\"image\/png\" \/>\n<meta name=\"twitter:card\" content=\"summary_large_image\" \/>\n<meta name=\"twitter:label1\" content=\"Est. reading time\" \/>\n\t<meta name=\"twitter:data1\" content=\"4 minutes\" \/>\n<script type=\"application\/ld+json\" class=\"yoast-schema-graph\">{\"@context\":\"https:\\\/\\\/schema.org\",\"@graph\":[{\"@type\":\"WebPage\",\"@id\":\"https:\\\/\\\/lamoderna.edu.ec\\\/ley-de-proteccion-de-datos\\\/\",\"url\":\"https:\\\/\\\/lamoderna.edu.ec\\\/ley-de-proteccion-de-datos\\\/\",\"name\":\"Ley de Protecci\u00f3n de Datos - La Moderna\",\"isPartOf\":{\"@id\":\"https:\\\/\\\/lamoderna.edu.ec\\\/#website\"},\"datePublished\":\"2024-06-25T20:35:11+00:00\",\"dateModified\":\"2025-02-15T02:11:25+00:00\",\"breadcrumb\":{\"@id\":\"https:\\\/\\\/lamoderna.edu.ec\\\/ley-de-proteccion-de-datos\\\/#breadcrumb\"},\"inLanguage\":\"en-US\",\"potentialAction\":[{\"@type\":\"ReadAction\",\"target\":[\"https:\\\/\\\/lamoderna.edu.ec\\\/ley-de-proteccion-de-datos\\\/\"]}]},{\"@type\":\"BreadcrumbList\",\"@id\":\"https:\\\/\\\/lamoderna.edu.ec\\\/ley-de-proteccion-de-datos\\\/#breadcrumb\",\"itemListElement\":[{\"@type\":\"ListItem\",\"position\":1,\"name\":\"Inicio\",\"item\":\"https:\\\/\\\/lamoderna.edu.ec\\\/\"},{\"@type\":\"ListItem\",\"position\":2,\"name\":\"Ley de Protecci\u00f3n de Datos\"}]},{\"@type\":\"WebSite\",\"@id\":\"https:\\\/\\\/lamoderna.edu.ec\\\/#website\",\"url\":\"https:\\\/\\\/lamoderna.edu.ec\\\/\",\"name\":\"Colegio La Moderna\",\"description\":\"Unidad Educativa Particular Biling\u00fce\",\"publisher\":{\"@id\":\"https:\\\/\\\/lamoderna.edu.ec\\\/#organization\"},\"alternateName\":\"Colegio LMO\",\"potentialAction\":[{\"@type\":\"SearchAction\",\"target\":{\"@type\":\"EntryPoint\",\"urlTemplate\":\"https:\\\/\\\/lamoderna.edu.ec\\\/?s={search_term_string}\"},\"query-input\":{\"@type\":\"PropertyValueSpecification\",\"valueRequired\":true,\"valueName\":\"search_term_string\"}}],\"inLanguage\":\"en-US\"},{\"@type\":\"Organization\",\"@id\":\"https:\\\/\\\/lamoderna.edu.ec\\\/#organization\",\"name\":\"Colegio La Moderna\",\"alternateName\":\"Colegio LMO\",\"url\":\"https:\\\/\\\/lamoderna.edu.ec\\\/\",\"logo\":{\"@type\":\"ImageObject\",\"inLanguage\":\"en-US\",\"@id\":\"https:\\\/\\\/lamoderna.edu.ec\\\/#\\\/schema\\\/logo\\\/image\\\/\",\"url\":\"https:\\\/\\\/lamoderna.edu.ec\\\/wp-content\\\/uploads\\\/2024\\\/08\\\/icono.png\",\"contentUrl\":\"https:\\\/\\\/lamoderna.edu.ec\\\/wp-content\\\/uploads\\\/2024\\\/08\\\/icono.png\",\"width\":103,\"height\":102,\"caption\":\"Colegio La Moderna\"},\"image\":{\"@id\":\"https:\\\/\\\/lamoderna.edu.ec\\\/#\\\/schema\\\/logo\\\/image\\\/\"},\"sameAs\":[\"https:\\\/\\\/www.facebook.com\\\/lamodernaEC\\\/\",\"https:\\\/\\\/www.instagram.com\\\/lamoderna_ec\\\/#\"]}]}<\/script>\n<!-- \/ Yoast SEO plugin. -->","yoast_head_json":{"title":"Ley de Protecci\u00f3n de Datos - La Moderna","robots":{"index":"index","follow":"follow","max-snippet":"max-snippet:-1","max-image-preview":"max-image-preview:large","max-video-preview":"max-video-preview:-1"},"canonical":"https:\/\/lamoderna.edu.ec\/en\/ley-de-proteccion-de-datos\/","og_locale":"en_US","og_type":"article","og_title":"Ley de Protecci\u00f3n de Datos - La Moderna","og_description":"Ley de Protecci\u00f3n de Datos Con la finalidad de cumplir con lo dispuesto en la Ley Org\u00e1nica de Protecci\u00f3n de Datos Personales hemos actualizado nuestras pol\u00edticas, por lo cual es importante que leas y aceptes cada una de las condiciones, as\u00ed tu informaci\u00f3n personal estar\u00e1 protegida y tratada de forma segura y confidencial. Por disposici\u00f3n [&hellip;]","og_url":"https:\/\/lamoderna.edu.ec\/en\/ley-de-proteccion-de-datos\/","og_site_name":"La Moderna","article_publisher":"https:\/\/www.facebook.com\/lamodernaEC\/","article_modified_time":"2025-02-15T02:11:25+00:00","og_image":[{"width":103,"height":102,"url":"https:\/\/lamoderna.edu.ec\/wp-content\/uploads\/2024\/08\/icono.png","type":"image\/png"}],"twitter_card":"summary_large_image","twitter_misc":{"Est. reading time":"4 minutes"},"schema":{"@context":"https:\/\/schema.org","@graph":[{"@type":"WebPage","@id":"https:\/\/lamoderna.edu.ec\/ley-de-proteccion-de-datos\/","url":"https:\/\/lamoderna.edu.ec\/ley-de-proteccion-de-datos\/","name":"Ley de Protecci\u00f3n de Datos - La Moderna","isPartOf":{"@id":"https:\/\/lamoderna.edu.ec\/#website"},"datePublished":"2024-06-25T20:35:11+00:00","dateModified":"2025-02-15T02:11:25+00:00","breadcrumb":{"@id":"https:\/\/lamoderna.edu.ec\/ley-de-proteccion-de-datos\/#breadcrumb"},"inLanguage":"en-US","potentialAction":[{"@type":"ReadAction","target":["https:\/\/lamoderna.edu.ec\/ley-de-proteccion-de-datos\/"]}]},{"@type":"BreadcrumbList","@id":"https:\/\/lamoderna.edu.ec\/ley-de-proteccion-de-datos\/#breadcrumb","itemListElement":[{"@type":"ListItem","position":1,"name":"Inicio","item":"https:\/\/lamoderna.edu.ec\/"},{"@type":"ListItem","position":2,"name":"Ley de Protecci\u00f3n de Datos"}]},{"@type":"WebSite","@id":"https:\/\/lamoderna.edu.ec\/#website","url":"https:\/\/lamoderna.edu.ec\/","name":"Colegio La Moderna","description":"Unidad Educativa Particular Biling\u00fce","publisher":{"@id":"https:\/\/lamoderna.edu.ec\/#organization"},"alternateName":"Colegio LMO","potentialAction":[{"@type":"SearchAction","target":{"@type":"EntryPoint","urlTemplate":"https:\/\/lamoderna.edu.ec\/?s={search_term_string}"},"query-input":{"@type":"PropertyValueSpecification","valueRequired":true,"valueName":"search_term_string"}}],"inLanguage":"en-US"},{"@type":"Organization","@id":"https:\/\/lamoderna.edu.ec\/#organization","name":"Colegio La Moderna","alternateName":"Colegio LMO","url":"https:\/\/lamoderna.edu.ec\/","logo":{"@type":"ImageObject","inLanguage":"en-US","@id":"https:\/\/lamoderna.edu.ec\/#\/schema\/logo\/image\/","url":"https:\/\/lamoderna.edu.ec\/wp-content\/uploads\/2024\/08\/icono.png","contentUrl":"https:\/\/lamoderna.edu.ec\/wp-content\/uploads\/2024\/08\/icono.png","width":103,"height":102,"caption":"Colegio La Moderna"},"image":{"@id":"https:\/\/lamoderna.edu.ec\/#\/schema\/logo\/image\/"},"sameAs":["https:\/\/www.facebook.com\/lamodernaEC\/","https:\/\/www.instagram.com\/lamoderna_ec\/#"]}]}},"_links":{"self":[{"href":"https:\/\/lamoderna.edu.ec\/en\/wp-json\/wp\/v2\/pages\/379210","targetHints":{"allow":["GET"]}}],"collection":[{"href":"https:\/\/lamoderna.edu.ec\/en\/wp-json\/wp\/v2\/pages"}],"about":[{"href":"https:\/\/lamoderna.edu.ec\/en\/wp-json\/wp\/v2\/types\/page"}],"author":[{"embeddable":true,"href":"https:\/\/lamoderna.edu.ec\/en\/wp-json\/wp\/v2\/users\/2"}],"replies":[{"embeddable":true,"href":"https:\/\/lamoderna.edu.ec\/en\/wp-json\/wp\/v2\/comments?post=379210"}],"version-history":[{"count":22,"href":"https:\/\/lamoderna.edu.ec\/en\/wp-json\/wp\/v2\/pages\/379210\/revisions"}],"predecessor-version":[{"id":380270,"href":"https:\/\/lamoderna.edu.ec\/en\/wp-json\/wp\/v2\/pages\/379210\/revisions\/380270"}],"wp:attachment":[{"href":"https:\/\/lamoderna.edu.ec\/en\/wp-json\/wp\/v2\/media?parent=379210"}],"curies":[{"name":"wp","href":"https:\/\/api.w.org\/{rel}","templated":true}]}}