{"id":379043,"date":"2024-06-10T15:07:07","date_gmt":"2024-06-10T20:07:07","guid":{"rendered":"https:\/\/lamoderna.edu.ec\/?page_id=379043"},"modified":"2024-08-21T15:08:39","modified_gmt":"2024-08-21T20:08:39","slug":"error-404","status":"publish","type":"page","link":"https:\/\/lamoderna.edu.ec\/en\/error-404\/","title":{"rendered":"Error 404"},"content":{"rendered":"<div data-elementor-type=\"wp-page\" data-elementor-id=\"379043\" class=\"elementor elementor-379043\" data-elementor-post-type=\"page\">\n\t\t\t\t<div class=\"elementor-element elementor-element-3e6df419 e-flex e-con-boxed e-con e-parent\" data-id=\"3e6df419\" data-element_type=\"container\" data-e-type=\"container\">\n\t\t\t\t\t<div class=\"e-con-inner\">\n\t\t\t\t<div class=\"elementor-element elementor-element-23d81769 elementor-view-default elementor-widget elementor-widget-icon\" data-id=\"23d81769\" data-element_type=\"widget\" data-e-type=\"widget\" data-widget_type=\"icon.default\">\n\t\t\t\t<div class=\"elementor-widget-container\">\n\t\t\t\t\t\t\t<div class=\"elementor-icon-wrapper\">\n\t\t\t<div class=\"elementor-icon\">\n\t\t\t<svg xmlns=\"http:\/\/www.w3.org\/2000\/svg\" xmlns:xlink=\"http:\/\/www.w3.org\/1999\/xlink\" xmlns:serif=\"http:\/\/www.serif.com\/\" width=\"100%\" height=\"100%\" viewbox=\"0 0 417 417\" xml:space=\"preserve\" style=\"fill-rule:evenodd;clip-rule:evenodd;stroke-linejoin:round;stroke-miterlimit:2;\"><g><path d=\"M391.44,78.408c-5.386,-10.771 -16.83,-18.176 -29.62,-18.176l-317.744,0c-18.176,0 -33.659,14.811 -33.659,33.66l-0,219.458c-0,14.137 8.751,26.255 20.868,30.967c6.059,7.405 14.811,12.117 24.908,12.117l318.417,0c17.503,0 31.64,-14.137 31.64,-31.639l0,-220.132c-0.673,-10.771 -6.059,-20.869 -14.81,-26.255Zm-377.657,234.269l-0,-218.785c-0,-16.83 13.463,-30.294 30.293,-30.294l318.417,0c16.83,0 30.293,13.464 30.293,30.294l0,219.458c0,16.83 -13.463,30.294 -30.293,30.294l-318.417,-0c-16.83,-0.673 -30.293,-14.137 -30.293,-30.967Zm27.6,-232.249c4.039,0 6.732,3.366 6.732,6.732c0,3.366 -3.366,6.732 -6.732,6.732c-3.366,-0 -6.732,-3.366 -6.732,-6.732c0,-3.366 2.693,-6.732 6.732,-6.732Zm22.889,0c4.039,0 6.731,3.366 6.731,6.732c0,3.366 -3.366,6.732 -6.731,6.732c-3.366,-0 -6.732,-3.366 -6.732,-6.732c-0,-3.366 3.366,-6.732 6.732,-6.732Zm23.561,0c4.039,0 6.732,3.366 6.732,6.732c-0,3.366 -3.366,6.732 -6.732,6.732c-3.366,-0 -6.732,-3.366 -6.732,-6.732c0,-3.366 2.693,-6.732 6.732,-6.732Zm14.137,110.402c-1.346,0 -3.366,-0.673 -4.039,-2.019c-2.02,-2.02 -2.02,-6.059 -0,-8.751l38.371,-38.372c2.02,-2.02 6.059,-2.02 8.752,-0c2.693,2.019 2.019,6.059 -0,8.751l-38.372,38.372c-1.346,2.019 -2.692,2.019 -4.712,2.019Zm38.372,0c-1.347,0 -3.366,-0.673 -4.04,-2.019l-38.371,-38.372c-2.02,-2.019 -2.02,-6.058 -0,-8.751c2.019,-2.693 6.059,-2.02 8.751,-0l38.372,38.372c2.019,2.019 2.019,6.058 -0,8.751c-1.347,2.019 -2.693,2.019 -4.712,2.019Zm119.827,0c-1.347,0 -3.366,-0.673 -4.039,-2.019c-2.02,-2.02 -2.02,-6.059 -0,-8.751l38.371,-38.372c2.02,-2.02 6.059,-2.02 8.752,-0c2.019,2.019 2.019,6.059 -0,8.751l-38.372,38.372c-2.02,2.019 -3.366,2.019 -4.712,2.019Zm37.698,0c-1.346,0 -3.366,-0.673 -4.039,-2.019l-38.372,-37.698c-2.019,-2.02 -2.019,-6.059 0,-8.752c2.02,-2.019 6.059,-2.019 8.752,0l38.371,38.372c2.02,2.019 2.02,6.058 0,8.751c-1.346,1.346 -2.692,1.346 -4.712,1.346Zm-31.64,96.266c-2.019,0 -3.366,-0.673 -4.712,-2.693c-21.542,-28.947 -43.757,-32.986 -63.279,-32.986l-0.674,0c-39.044,0 -60.586,32.313 -60.586,32.313c-2.02,2.693 -5.386,3.366 -8.079,2.02c-2.692,-2.02 -3.366,-5.386 -2.019,-8.079c1.346,-1.346 24.908,-37.698 70.684,-37.698l0.674,0c20.868,0 47.796,4.712 72.704,37.698c2.019,2.693 1.346,6.059 -1.347,8.079c-0.673,0.673 -2.019,1.346 -3.366,1.346Z\" style=\"fill-rule:nonzero;\"><\/path><\/g><\/svg>\t\t\t<\/div>\n\t\t<\/div>\n\t\t\t\t\t\t<\/div>\n\t\t\t\t<\/div>\n\t\t\t\t<div class=\"elementor-element elementor-element-47f3bee1 elementor-widget elementor-widget-heading\" data-id=\"47f3bee1\" data-element_type=\"widget\" data-e-type=\"widget\" data-widget_type=\"heading.default\">\n\t\t\t\t<div class=\"elementor-widget-container\">\n\t\t\t\t\t<h1 class=\"elementor-heading-title elementor-size-default\">ooooops!!!\n<br><br>\nLa p\u00e1gina que est\u00e1s buscando no existe<br>intenta con alguna opci\u00f3n de nuestro men\u00fa.<\/h1>\t\t\t\t<\/div>\n\t\t\t\t<\/div>\n\t\t\t\t\t<\/div>\n\t\t\t\t<\/div>\n\t\t\t\t<\/div>","protected":false},"excerpt":{"rendered":"<p>ooooops!!! La p\u00e1gina que est\u00e1s buscando no existeintenta con alguna opci\u00f3n de nuestro men\u00fa.<\/p>","protected":false},"author":2,"featured_media":0,"parent":0,"menu_order":0,"comment_status":"closed","ping_status":"closed","template":"","meta":{"footnotes":""},"class_list":["post-379043","page","type-page","status-publish","hentry"],"yoast_head":"<!-- This site is optimized with the Yoast SEO plugin v27.4 - https:\/\/yoast.com\/product\/yoast-seo-wordpress\/ -->\n<title>Error 404 - La Moderna<\/title>\n<meta name=\"robots\" content=\"index, follow, max-snippet:-1, max-image-preview:large, max-video-preview:-1\" \/>\n<link rel=\"canonical\" href=\"https:\/\/lamoderna.edu.ec\/en\/error-404\/\" \/>\n<meta property=\"og:locale\" content=\"en_US\" \/>\n<meta property=\"og:type\" content=\"article\" \/>\n<meta property=\"og:title\" content=\"Error 404 - La Moderna\" \/>\n<meta property=\"og:description\" content=\"ooooops!!! La p\u00e1gina que est\u00e1s buscando no existeintenta con alguna opci\u00f3n de nuestro men\u00fa.\" \/>\n<meta property=\"og:url\" content=\"https:\/\/lamoderna.edu.ec\/en\/error-404\/\" \/>\n<meta property=\"og:site_name\" content=\"La Moderna\" \/>\n<meta property=\"article:publisher\" content=\"https:\/\/www.facebook.com\/lamodernaEC\/\" \/>\n<meta property=\"article:modified_time\" content=\"2024-08-21T20:08:39+00:00\" \/>\n<meta property=\"og:image\" content=\"https:\/\/lamoderna.edu.ec\/wp-content\/uploads\/2024\/08\/icono.png\" \/>\n\t<meta property=\"og:image:width\" content=\"103\" \/>\n\t<meta property=\"og:image:height\" content=\"102\" \/>\n\t<meta property=\"og:image:type\" content=\"image\/png\" \/>\n<meta name=\"twitter:card\" content=\"summary_large_image\" \/>\n<meta name=\"twitter:label1\" content=\"Est. reading time\" \/>\n\t<meta name=\"twitter:data1\" content=\"1 minute\" \/>\n<script type=\"application\/ld+json\" class=\"yoast-schema-graph\">{\"@context\":\"https:\\\/\\\/schema.org\",\"@graph\":[{\"@type\":\"WebPage\",\"@id\":\"https:\\\/\\\/lamoderna.edu.ec\\\/error-404\\\/\",\"url\":\"https:\\\/\\\/lamoderna.edu.ec\\\/error-404\\\/\",\"name\":\"Error 404 - La Moderna\",\"isPartOf\":{\"@id\":\"https:\\\/\\\/lamoderna.edu.ec\\\/#website\"},\"datePublished\":\"2024-06-10T20:07:07+00:00\",\"dateModified\":\"2024-08-21T20:08:39+00:00\",\"breadcrumb\":{\"@id\":\"https:\\\/\\\/lamoderna.edu.ec\\\/error-404\\\/#breadcrumb\"},\"inLanguage\":\"en-US\",\"potentialAction\":[{\"@type\":\"ReadAction\",\"target\":[\"https:\\\/\\\/lamoderna.edu.ec\\\/error-404\\\/\"]}]},{\"@type\":\"BreadcrumbList\",\"@id\":\"https:\\\/\\\/lamoderna.edu.ec\\\/error-404\\\/#breadcrumb\",\"itemListElement\":[{\"@type\":\"ListItem\",\"position\":1,\"name\":\"Inicio\",\"item\":\"https:\\\/\\\/lamoderna.edu.ec\\\/\"},{\"@type\":\"ListItem\",\"position\":2,\"name\":\"Error 404\"}]},{\"@type\":\"WebSite\",\"@id\":\"https:\\\/\\\/lamoderna.edu.ec\\\/#website\",\"url\":\"https:\\\/\\\/lamoderna.edu.ec\\\/\",\"name\":\"Colegio La Moderna\",\"description\":\"Unidad Educativa Particular Biling\u00fce\",\"publisher\":{\"@id\":\"https:\\\/\\\/lamoderna.edu.ec\\\/#organization\"},\"alternateName\":\"Colegio LMO\",\"potentialAction\":[{\"@type\":\"SearchAction\",\"target\":{\"@type\":\"EntryPoint\",\"urlTemplate\":\"https:\\\/\\\/lamoderna.edu.ec\\\/?s={search_term_string}\"},\"query-input\":{\"@type\":\"PropertyValueSpecification\",\"valueRequired\":true,\"valueName\":\"search_term_string\"}}],\"inLanguage\":\"en-US\"},{\"@type\":\"Organization\",\"@id\":\"https:\\\/\\\/lamoderna.edu.ec\\\/#organization\",\"name\":\"Colegio La Moderna\",\"alternateName\":\"Colegio LMO\",\"url\":\"https:\\\/\\\/lamoderna.edu.ec\\\/\",\"logo\":{\"@type\":\"ImageObject\",\"inLanguage\":\"en-US\",\"@id\":\"https:\\\/\\\/lamoderna.edu.ec\\\/#\\\/schema\\\/logo\\\/image\\\/\",\"url\":\"https:\\\/\\\/lamoderna.edu.ec\\\/wp-content\\\/uploads\\\/2024\\\/08\\\/icono.png\",\"contentUrl\":\"https:\\\/\\\/lamoderna.edu.ec\\\/wp-content\\\/uploads\\\/2024\\\/08\\\/icono.png\",\"width\":103,\"height\":102,\"caption\":\"Colegio La Moderna\"},\"image\":{\"@id\":\"https:\\\/\\\/lamoderna.edu.ec\\\/#\\\/schema\\\/logo\\\/image\\\/\"},\"sameAs\":[\"https:\\\/\\\/www.facebook.com\\\/lamodernaEC\\\/\",\"https:\\\/\\\/www.instagram.com\\\/lamoderna_ec\\\/#\"]}]}<\/script>\n<!-- \/ Yoast SEO plugin. -->","yoast_head_json":{"title":"Error 404 - La Moderna","robots":{"index":"index","follow":"follow","max-snippet":"max-snippet:-1","max-image-preview":"max-image-preview:large","max-video-preview":"max-video-preview:-1"},"canonical":"https:\/\/lamoderna.edu.ec\/en\/error-404\/","og_locale":"en_US","og_type":"article","og_title":"Error 404 - La Moderna","og_description":"ooooops!!! La p\u00e1gina que est\u00e1s buscando no existeintenta con alguna opci\u00f3n de nuestro men\u00fa.","og_url":"https:\/\/lamoderna.edu.ec\/en\/error-404\/","og_site_name":"La Moderna","article_publisher":"https:\/\/www.facebook.com\/lamodernaEC\/","article_modified_time":"2024-08-21T20:08:39+00:00","og_image":[{"width":103,"height":102,"url":"https:\/\/lamoderna.edu.ec\/wp-content\/uploads\/2024\/08\/icono.png","type":"image\/png"}],"twitter_card":"summary_large_image","twitter_misc":{"Est. reading time":"1 minute"},"schema":{"@context":"https:\/\/schema.org","@graph":[{"@type":"WebPage","@id":"https:\/\/lamoderna.edu.ec\/error-404\/","url":"https:\/\/lamoderna.edu.ec\/error-404\/","name":"Error 404 - La Moderna","isPartOf":{"@id":"https:\/\/lamoderna.edu.ec\/#website"},"datePublished":"2024-06-10T20:07:07+00:00","dateModified":"2024-08-21T20:08:39+00:00","breadcrumb":{"@id":"https:\/\/lamoderna.edu.ec\/error-404\/#breadcrumb"},"inLanguage":"en-US","potentialAction":[{"@type":"ReadAction","target":["https:\/\/lamoderna.edu.ec\/error-404\/"]}]},{"@type":"BreadcrumbList","@id":"https:\/\/lamoderna.edu.ec\/error-404\/#breadcrumb","itemListElement":[{"@type":"ListItem","position":1,"name":"Inicio","item":"https:\/\/lamoderna.edu.ec\/"},{"@type":"ListItem","position":2,"name":"Error 404"}]},{"@type":"WebSite","@id":"https:\/\/lamoderna.edu.ec\/#website","url":"https:\/\/lamoderna.edu.ec\/","name":"Colegio La Moderna","description":"Unidad Educativa Particular Biling\u00fce","publisher":{"@id":"https:\/\/lamoderna.edu.ec\/#organization"},"alternateName":"Colegio LMO","potentialAction":[{"@type":"SearchAction","target":{"@type":"EntryPoint","urlTemplate":"https:\/\/lamoderna.edu.ec\/?s={search_term_string}"},"query-input":{"@type":"PropertyValueSpecification","valueRequired":true,"valueName":"search_term_string"}}],"inLanguage":"en-US"},{"@type":"Organization","@id":"https:\/\/lamoderna.edu.ec\/#organization","name":"Colegio La Moderna","alternateName":"Colegio LMO","url":"https:\/\/lamoderna.edu.ec\/","logo":{"@type":"ImageObject","inLanguage":"en-US","@id":"https:\/\/lamoderna.edu.ec\/#\/schema\/logo\/image\/","url":"https:\/\/lamoderna.edu.ec\/wp-content\/uploads\/2024\/08\/icono.png","contentUrl":"https:\/\/lamoderna.edu.ec\/wp-content\/uploads\/2024\/08\/icono.png","width":103,"height":102,"caption":"Colegio La Moderna"},"image":{"@id":"https:\/\/lamoderna.edu.ec\/#\/schema\/logo\/image\/"},"sameAs":["https:\/\/www.facebook.com\/lamodernaEC\/","https:\/\/www.instagram.com\/lamoderna_ec\/#"]}]}},"_links":{"self":[{"href":"https:\/\/lamoderna.edu.ec\/en\/wp-json\/wp\/v2\/pages\/379043","targetHints":{"allow":["GET"]}}],"collection":[{"href":"https:\/\/lamoderna.edu.ec\/en\/wp-json\/wp\/v2\/pages"}],"about":[{"href":"https:\/\/lamoderna.edu.ec\/en\/wp-json\/wp\/v2\/types\/page"}],"author":[{"embeddable":true,"href":"https:\/\/lamoderna.edu.ec\/en\/wp-json\/wp\/v2\/users\/2"}],"replies":[{"embeddable":true,"href":"https:\/\/lamoderna.edu.ec\/en\/wp-json\/wp\/v2\/comments?post=379043"}],"version-history":[{"count":7,"href":"https:\/\/lamoderna.edu.ec\/en\/wp-json\/wp\/v2\/pages\/379043\/revisions"}],"predecessor-version":[{"id":379808,"href":"https:\/\/lamoderna.edu.ec\/en\/wp-json\/wp\/v2\/pages\/379043\/revisions\/379808"}],"wp:attachment":[{"href":"https:\/\/lamoderna.edu.ec\/en\/wp-json\/wp\/v2\/media?parent=379043"}],"curies":[{"name":"wp","href":"https:\/\/api.w.org\/{rel}","templated":true}]}}