{"id":378347,"date":"2024-06-06T00:17:25","date_gmt":"2024-06-06T05:17:25","guid":{"rendered":"https:\/\/lamoderna.edu.ec\/?page_id=378347"},"modified":"2025-02-14T21:14:15","modified_gmt":"2025-02-15T02:14:15","slug":"perfil-academico","status":"publish","type":"page","link":"https:\/\/lamoderna.edu.ec\/en\/perfil-academico\/","title":{"rendered":"Perfil Acad\u00e9mico"},"content":{"rendered":"<div data-elementor-type=\"wp-page\" data-elementor-id=\"378347\" class=\"elementor elementor-378347\" data-elementor-post-type=\"page\">\n\t\t\t\t<div class=\"elementor-element elementor-element-319b240 e-flex e-con-boxed e-con e-parent\" data-id=\"319b240\" data-element_type=\"container\" data-e-type=\"container\">\n\t\t\t\t\t<div class=\"e-con-inner\">\n\t\t\t\t<div class=\"elementor-element elementor-element-346ac07 elementor-widget elementor-widget-heading\" data-id=\"346ac07\" data-element_type=\"widget\" data-e-type=\"widget\" data-widget_type=\"heading.default\">\n\t\t\t\t<div class=\"elementor-widget-container\">\n\t\t\t\t\t<h1 class=\"elementor-heading-title elementor-size-default\">Perfil Acad\u00e9mico<\/h1>\t\t\t\t<\/div>\n\t\t\t\t<\/div>\n\t\t\t\t\t<\/div>\n\t\t\t\t<\/div>\n\t\t<div class=\"elementor-element elementor-element-6961f20 e-flex e-con-boxed e-con e-parent\" data-id=\"6961f20\" data-element_type=\"container\" data-e-type=\"container\">\n\t\t\t\t\t<div class=\"e-con-inner\">\n\t\t<div class=\"elementor-element elementor-element-8ef6034 e-con-full e-flex e-con e-child\" data-id=\"8ef6034\" data-element_type=\"container\" data-e-type=\"container\">\n\t\t\t\t<div class=\"elementor-element elementor-element-caf8388 elementor-widget elementor-widget-text-editor\" data-id=\"caf8388\" data-element_type=\"widget\" data-e-type=\"widget\" data-widget_type=\"text-editor.default\">\n\t\t\t\t<div class=\"elementor-widget-container\">\n\t\t\t\t\t\t\t\t\t<p>Como instituci\u00f3n garantizamos la formaci\u00f3n acad\u00e9mica de todos nuestros estudiantes a trav\u00e9s de herramientas pedag\u00f3gicas, investigaciones permanentes en un proceso acad\u00e9mico de altos est\u00e1ndares de calidad educativa, dominio de las herramientas tecnol\u00f3gicas, metodol\u00f3gicas y recursos did\u00e1cticos.\u00a0<\/p><p>Nuestros estudiantes son capaces de compartir sus conocimientos, trabajan en equipo, se adaptan a la planificaci\u00f3n y los tiempos, a las necesidades de sus compa\u00f1eros, crean un ambiente positivo que promueve el compa\u00f1erismo\u00a0 con un profundo compromiso \u00e9tico fraternal, son responsables con su entorno social, cultural y con el medio ambiente.<\/p>\t\t\t\t\t\t\t\t<\/div>\n\t\t\t\t<\/div>\n\t\t\t\t<\/div>\n\t\t<div class=\"elementor-element elementor-element-0a07d1d e-con-full e-flex e-con e-child\" data-id=\"0a07d1d\" data-element_type=\"container\" data-e-type=\"container\">\n\t\t\t\t<div class=\"elementor-element elementor-element-19f015c elementor-widget elementor-widget-image\" data-id=\"19f015c\" data-element_type=\"widget\" data-e-type=\"widget\" data-widget_type=\"image.default\">\n\t\t\t\t<div class=\"elementor-widget-container\">\n\t\t\t\t\t\t\t\t\t\t\t\t\t\t\t<img fetchpriority=\"high\" decoding=\"async\" width=\"640\" height=\"360\" src=\"https:\/\/lamoderna.edu.ec\/wp-content\/uploads\/2024\/06\/Perfil-academico-La-moderna-Ecuador.jpg\" class=\"attachment-large size-large wp-image-378467\" alt=\"\" srcset=\"https:\/\/lamoderna.edu.ec\/wp-content\/uploads\/2024\/06\/Perfil-academico-La-moderna-Ecuador.jpg 721w, https:\/\/lamoderna.edu.ec\/wp-content\/uploads\/2024\/06\/Perfil-academico-La-moderna-Ecuador-300x169.jpg 300w\" sizes=\"(max-width: 640px) 100vw, 640px\" \/>\t\t\t\t\t\t\t\t\t\t\t\t\t\t\t<\/div>\n\t\t\t\t<\/div>\n\t\t\t\t<\/div>\n\t\t\t\t\t<\/div>\n\t\t\t\t<\/div>\n\t\t<div class=\"elementor-element elementor-element-c2e7408 e-flex e-con-boxed e-con e-parent\" data-id=\"c2e7408\" data-element_type=\"container\" data-e-type=\"container\">\n\t\t\t\t\t<div class=\"e-con-inner\">\n\t\t<div class=\"elementor-element elementor-element-37fdf68 e-con-full e-flex e-con e-child\" data-id=\"37fdf68\" data-element_type=\"container\" data-e-type=\"container\">\n\t\t\t\t<div class=\"elementor-element elementor-element-2b00839 elementor-widget elementor-widget-image\" data-id=\"2b00839\" data-element_type=\"widget\" data-e-type=\"widget\" data-widget_type=\"image.default\">\n\t\t\t\t<div class=\"elementor-widget-container\">\n\t\t\t\t\t\t\t\t\t\t\t\t\t\t\t<img decoding=\"async\" width=\"640\" height=\"360\" src=\"https:\/\/lamoderna.edu.ec\/wp-content\/uploads\/2024\/06\/Perfil-Academico-La-Moderna.jpg\" class=\"attachment-large size-large wp-image-378466\" alt=\"\" srcset=\"https:\/\/lamoderna.edu.ec\/wp-content\/uploads\/2024\/06\/Perfil-Academico-La-Moderna.jpg 721w, https:\/\/lamoderna.edu.ec\/wp-content\/uploads\/2024\/06\/Perfil-Academico-La-Moderna-300x169.jpg 300w\" sizes=\"(max-width: 640px) 100vw, 640px\" \/>\t\t\t\t\t\t\t\t\t\t\t\t\t\t\t<\/div>\n\t\t\t\t<\/div>\n\t\t\t\t<\/div>\n\t\t<div class=\"elementor-element elementor-element-b193a28 e-con-full e-flex e-con e-child\" data-id=\"b193a28\" data-element_type=\"container\" data-e-type=\"container\">\n\t\t\t\t<div class=\"elementor-element elementor-element-e3901dd elementor-widget elementor-widget-heading\" data-id=\"e3901dd\" data-element_type=\"widget\" data-e-type=\"widget\" data-widget_type=\"heading.default\">\n\t\t\t\t<div class=\"elementor-widget-container\">\n\t\t\t\t\t<h2 class=\"elementor-heading-title elementor-size-default\">Credo Institucional<\/h2>\t\t\t\t<\/div>\n\t\t\t\t<\/div>\n\t\t\t\t<div class=\"elementor-element elementor-element-20595b8 elementor-widget elementor-widget-text-editor\" data-id=\"20595b8\" data-element_type=\"widget\" data-e-type=\"widget\" data-widget_type=\"text-editor.default\">\n\t\t\t\t<div class=\"elementor-widget-container\">\n\t\t\t\t\t\t\t\t\t<ul><li>Creemos en Dios, principio y fin de todo lo creado.<\/li><li>Creemos en el Ecuador espacio geogr\u00e1fico privilegiado por la naturaleza.<\/li><li>Creemos en el cuidado y preservaci\u00f3n del medio ambiente.<\/li><li>Creemos en la consolidaci\u00f3n del sentido y esp\u00edritu de comunidad.<\/li><li>Creemos en la familia, n\u00facleo de la sociedad.<\/li><li>Creemos en la responsabilidad social, paz, libertad, justicia y honestidad.<\/li><li>Creemos que la educaci\u00f3n es el camino que conduce a la autorrealizaci\u00f3n y progreso de la humanidad.<\/li><\/ul>\t\t\t\t\t\t\t\t<\/div>\n\t\t\t\t<\/div>\n\t\t\t\t<\/div>\n\t\t\t\t\t<\/div>\n\t\t\t\t<\/div>\n\t\t\t\t<\/div>","protected":false},"excerpt":{"rendered":"<p>Perfil Acad\u00e9mico Como instituci\u00f3n garantizamos la formaci\u00f3n acad\u00e9mica de todos nuestros estudiantes a trav\u00e9s de herramientas pedag\u00f3gicas, investigaciones permanentes en un proceso acad\u00e9mico de altos est\u00e1ndares de calidad educativa, dominio de las herramientas tecnol\u00f3gicas, metodol\u00f3gicas y recursos did\u00e1cticos.\u00a0 Nuestros estudiantes son capaces de compartir sus conocimientos, trabajan en equipo, se adaptan a la planificaci\u00f3n y [&hellip;]<\/p>\n","protected":false},"author":2,"featured_media":0,"parent":0,"menu_order":0,"comment_status":"closed","ping_status":"closed","template":"","meta":{"footnotes":""},"class_list":["post-378347","page","type-page","status-publish","hentry"],"yoast_head":"<!-- This site is optimized with the Yoast SEO plugin v27.4 - https:\/\/yoast.com\/product\/yoast-seo-wordpress\/ -->\n<title>Perfil Acad\u00e9mico - La Moderna<\/title>\n<meta name=\"robots\" content=\"index, follow, max-snippet:-1, max-image-preview:large, max-video-preview:-1\" \/>\n<link rel=\"canonical\" href=\"https:\/\/lamoderna.edu.ec\/en\/perfil-academico\/\" \/>\n<meta property=\"og:locale\" content=\"en_US\" \/>\n<meta property=\"og:type\" content=\"article\" \/>\n<meta property=\"og:title\" content=\"Perfil Acad\u00e9mico - La Moderna\" \/>\n<meta property=\"og:description\" content=\"Perfil Acad\u00e9mico Como instituci\u00f3n garantizamos la formaci\u00f3n acad\u00e9mica de todos nuestros estudiantes a trav\u00e9s de herramientas pedag\u00f3gicas, investigaciones permanentes en un proceso acad\u00e9mico de altos est\u00e1ndares de calidad educativa, dominio de las herramientas tecnol\u00f3gicas, metodol\u00f3gicas y recursos did\u00e1cticos.\u00a0 Nuestros estudiantes son capaces de compartir sus conocimientos, trabajan en equipo, se adaptan a la planificaci\u00f3n y [&hellip;]\" \/>\n<meta property=\"og:url\" content=\"https:\/\/lamoderna.edu.ec\/en\/perfil-academico\/\" \/>\n<meta property=\"og:site_name\" content=\"La Moderna\" \/>\n<meta property=\"article:publisher\" content=\"https:\/\/www.facebook.com\/lamodernaEC\/\" \/>\n<meta property=\"article:modified_time\" content=\"2025-02-15T02:14:15+00:00\" \/>\n<meta property=\"og:image\" content=\"https:\/\/lamoderna.edu.ec\/wp-content\/uploads\/2024\/06\/Perfil-academico-La-moderna-Ecuador.jpg\" \/>\n\t<meta property=\"og:image:width\" content=\"721\" \/>\n\t<meta property=\"og:image:height\" content=\"406\" \/>\n\t<meta property=\"og:image:type\" content=\"image\/jpeg\" \/>\n<meta name=\"twitter:card\" content=\"summary_large_image\" \/>\n<meta name=\"twitter:label1\" content=\"Est. reading time\" \/>\n\t<meta name=\"twitter:data1\" content=\"2 minutes\" \/>\n<script type=\"application\/ld+json\" class=\"yoast-schema-graph\">{\"@context\":\"https:\\\/\\\/schema.org\",\"@graph\":[{\"@type\":\"WebPage\",\"@id\":\"https:\\\/\\\/lamoderna.edu.ec\\\/perfil-academico\\\/\",\"url\":\"https:\\\/\\\/lamoderna.edu.ec\\\/perfil-academico\\\/\",\"name\":\"Perfil Acad\u00e9mico - La Moderna\",\"isPartOf\":{\"@id\":\"https:\\\/\\\/lamoderna.edu.ec\\\/#website\"},\"primaryImageOfPage\":{\"@id\":\"https:\\\/\\\/lamoderna.edu.ec\\\/perfil-academico\\\/#primaryimage\"},\"image\":{\"@id\":\"https:\\\/\\\/lamoderna.edu.ec\\\/perfil-academico\\\/#primaryimage\"},\"thumbnailUrl\":\"https:\\\/\\\/lamoderna.edu.ec\\\/wp-content\\\/uploads\\\/2024\\\/06\\\/Perfil-academico-La-moderna-Ecuador.jpg\",\"datePublished\":\"2024-06-06T05:17:25+00:00\",\"dateModified\":\"2025-02-15T02:14:15+00:00\",\"breadcrumb\":{\"@id\":\"https:\\\/\\\/lamoderna.edu.ec\\\/perfil-academico\\\/#breadcrumb\"},\"inLanguage\":\"en-US\",\"potentialAction\":[{\"@type\":\"ReadAction\",\"target\":[\"https:\\\/\\\/lamoderna.edu.ec\\\/perfil-academico\\\/\"]}]},{\"@type\":\"ImageObject\",\"inLanguage\":\"en-US\",\"@id\":\"https:\\\/\\\/lamoderna.edu.ec\\\/perfil-academico\\\/#primaryimage\",\"url\":\"https:\\\/\\\/lamoderna.edu.ec\\\/wp-content\\\/uploads\\\/2024\\\/06\\\/Perfil-academico-La-moderna-Ecuador.jpg\",\"contentUrl\":\"https:\\\/\\\/lamoderna.edu.ec\\\/wp-content\\\/uploads\\\/2024\\\/06\\\/Perfil-academico-La-moderna-Ecuador.jpg\"},{\"@type\":\"BreadcrumbList\",\"@id\":\"https:\\\/\\\/lamoderna.edu.ec\\\/perfil-academico\\\/#breadcrumb\",\"itemListElement\":[{\"@type\":\"ListItem\",\"position\":1,\"name\":\"Inicio\",\"item\":\"https:\\\/\\\/lamoderna.edu.ec\\\/\"},{\"@type\":\"ListItem\",\"position\":2,\"name\":\"Perfil Acad\u00e9mico\"}]},{\"@type\":\"WebSite\",\"@id\":\"https:\\\/\\\/lamoderna.edu.ec\\\/#website\",\"url\":\"https:\\\/\\\/lamoderna.edu.ec\\\/\",\"name\":\"Colegio La Moderna\",\"description\":\"Unidad Educativa Particular Biling\u00fce\",\"publisher\":{\"@id\":\"https:\\\/\\\/lamoderna.edu.ec\\\/#organization\"},\"alternateName\":\"Colegio LMO\",\"potentialAction\":[{\"@type\":\"SearchAction\",\"target\":{\"@type\":\"EntryPoint\",\"urlTemplate\":\"https:\\\/\\\/lamoderna.edu.ec\\\/?s={search_term_string}\"},\"query-input\":{\"@type\":\"PropertyValueSpecification\",\"valueRequired\":true,\"valueName\":\"search_term_string\"}}],\"inLanguage\":\"en-US\"},{\"@type\":\"Organization\",\"@id\":\"https:\\\/\\\/lamoderna.edu.ec\\\/#organization\",\"name\":\"Colegio La Moderna\",\"alternateName\":\"Colegio LMO\",\"url\":\"https:\\\/\\\/lamoderna.edu.ec\\\/\",\"logo\":{\"@type\":\"ImageObject\",\"inLanguage\":\"en-US\",\"@id\":\"https:\\\/\\\/lamoderna.edu.ec\\\/#\\\/schema\\\/logo\\\/image\\\/\",\"url\":\"https:\\\/\\\/lamoderna.edu.ec\\\/wp-content\\\/uploads\\\/2024\\\/08\\\/icono.png\",\"contentUrl\":\"https:\\\/\\\/lamoderna.edu.ec\\\/wp-content\\\/uploads\\\/2024\\\/08\\\/icono.png\",\"width\":103,\"height\":102,\"caption\":\"Colegio La Moderna\"},\"image\":{\"@id\":\"https:\\\/\\\/lamoderna.edu.ec\\\/#\\\/schema\\\/logo\\\/image\\\/\"},\"sameAs\":[\"https:\\\/\\\/www.facebook.com\\\/lamodernaEC\\\/\",\"https:\\\/\\\/www.instagram.com\\\/lamoderna_ec\\\/#\"]}]}<\/script>\n<!-- \/ Yoast SEO plugin. -->","yoast_head_json":{"title":"Perfil Acad\u00e9mico - La Moderna","robots":{"index":"index","follow":"follow","max-snippet":"max-snippet:-1","max-image-preview":"max-image-preview:large","max-video-preview":"max-video-preview:-1"},"canonical":"https:\/\/lamoderna.edu.ec\/en\/perfil-academico\/","og_locale":"en_US","og_type":"article","og_title":"Perfil Acad\u00e9mico - La Moderna","og_description":"Perfil Acad\u00e9mico Como instituci\u00f3n garantizamos la formaci\u00f3n acad\u00e9mica de todos nuestros estudiantes a trav\u00e9s de herramientas pedag\u00f3gicas, investigaciones permanentes en un proceso acad\u00e9mico de altos est\u00e1ndares de calidad educativa, dominio de las herramientas tecnol\u00f3gicas, metodol\u00f3gicas y recursos did\u00e1cticos.\u00a0 Nuestros estudiantes son capaces de compartir sus conocimientos, trabajan en equipo, se adaptan a la planificaci\u00f3n y [&hellip;]","og_url":"https:\/\/lamoderna.edu.ec\/en\/perfil-academico\/","og_site_name":"La Moderna","article_publisher":"https:\/\/www.facebook.com\/lamodernaEC\/","article_modified_time":"2025-02-15T02:14:15+00:00","og_image":[{"width":721,"height":406,"url":"https:\/\/lamoderna.edu.ec\/wp-content\/uploads\/2024\/06\/Perfil-academico-La-moderna-Ecuador.jpg","type":"image\/jpeg"}],"twitter_card":"summary_large_image","twitter_misc":{"Est. reading time":"2 minutes"},"schema":{"@context":"https:\/\/schema.org","@graph":[{"@type":"WebPage","@id":"https:\/\/lamoderna.edu.ec\/perfil-academico\/","url":"https:\/\/lamoderna.edu.ec\/perfil-academico\/","name":"Perfil Acad\u00e9mico - La Moderna","isPartOf":{"@id":"https:\/\/lamoderna.edu.ec\/#website"},"primaryImageOfPage":{"@id":"https:\/\/lamoderna.edu.ec\/perfil-academico\/#primaryimage"},"image":{"@id":"https:\/\/lamoderna.edu.ec\/perfil-academico\/#primaryimage"},"thumbnailUrl":"https:\/\/lamoderna.edu.ec\/wp-content\/uploads\/2024\/06\/Perfil-academico-La-moderna-Ecuador.jpg","datePublished":"2024-06-06T05:17:25+00:00","dateModified":"2025-02-15T02:14:15+00:00","breadcrumb":{"@id":"https:\/\/lamoderna.edu.ec\/perfil-academico\/#breadcrumb"},"inLanguage":"en-US","potentialAction":[{"@type":"ReadAction","target":["https:\/\/lamoderna.edu.ec\/perfil-academico\/"]}]},{"@type":"ImageObject","inLanguage":"en-US","@id":"https:\/\/lamoderna.edu.ec\/perfil-academico\/#primaryimage","url":"https:\/\/lamoderna.edu.ec\/wp-content\/uploads\/2024\/06\/Perfil-academico-La-moderna-Ecuador.jpg","contentUrl":"https:\/\/lamoderna.edu.ec\/wp-content\/uploads\/2024\/06\/Perfil-academico-La-moderna-Ecuador.jpg"},{"@type":"BreadcrumbList","@id":"https:\/\/lamoderna.edu.ec\/perfil-academico\/#breadcrumb","itemListElement":[{"@type":"ListItem","position":1,"name":"Inicio","item":"https:\/\/lamoderna.edu.ec\/"},{"@type":"ListItem","position":2,"name":"Perfil Acad\u00e9mico"}]},{"@type":"WebSite","@id":"https:\/\/lamoderna.edu.ec\/#website","url":"https:\/\/lamoderna.edu.ec\/","name":"Colegio La Moderna","description":"Unidad Educativa Particular Biling\u00fce","publisher":{"@id":"https:\/\/lamoderna.edu.ec\/#organization"},"alternateName":"Colegio LMO","potentialAction":[{"@type":"SearchAction","target":{"@type":"EntryPoint","urlTemplate":"https:\/\/lamoderna.edu.ec\/?s={search_term_string}"},"query-input":{"@type":"PropertyValueSpecification","valueRequired":true,"valueName":"search_term_string"}}],"inLanguage":"en-US"},{"@type":"Organization","@id":"https:\/\/lamoderna.edu.ec\/#organization","name":"Colegio La Moderna","alternateName":"Colegio LMO","url":"https:\/\/lamoderna.edu.ec\/","logo":{"@type":"ImageObject","inLanguage":"en-US","@id":"https:\/\/lamoderna.edu.ec\/#\/schema\/logo\/image\/","url":"https:\/\/lamoderna.edu.ec\/wp-content\/uploads\/2024\/08\/icono.png","contentUrl":"https:\/\/lamoderna.edu.ec\/wp-content\/uploads\/2024\/08\/icono.png","width":103,"height":102,"caption":"Colegio La Moderna"},"image":{"@id":"https:\/\/lamoderna.edu.ec\/#\/schema\/logo\/image\/"},"sameAs":["https:\/\/www.facebook.com\/lamodernaEC\/","https:\/\/www.instagram.com\/lamoderna_ec\/#"]}]}},"_links":{"self":[{"href":"https:\/\/lamoderna.edu.ec\/en\/wp-json\/wp\/v2\/pages\/378347","targetHints":{"allow":["GET"]}}],"collection":[{"href":"https:\/\/lamoderna.edu.ec\/en\/wp-json\/wp\/v2\/pages"}],"about":[{"href":"https:\/\/lamoderna.edu.ec\/en\/wp-json\/wp\/v2\/types\/page"}],"author":[{"embeddable":true,"href":"https:\/\/lamoderna.edu.ec\/en\/wp-json\/wp\/v2\/users\/2"}],"replies":[{"embeddable":true,"href":"https:\/\/lamoderna.edu.ec\/en\/wp-json\/wp\/v2\/comments?post=378347"}],"version-history":[{"count":6,"href":"https:\/\/lamoderna.edu.ec\/en\/wp-json\/wp\/v2\/pages\/378347\/revisions"}],"predecessor-version":[{"id":380288,"href":"https:\/\/lamoderna.edu.ec\/en\/wp-json\/wp\/v2\/pages\/378347\/revisions\/380288"}],"wp:attachment":[{"href":"https:\/\/lamoderna.edu.ec\/en\/wp-json\/wp\/v2\/media?parent=378347"}],"curies":[{"name":"wp","href":"https:\/\/api.w.org\/{rel}","templated":true}]}}