{"id":377873,"date":"2024-05-30T11:08:23","date_gmt":"2024-05-30T16:08:23","guid":{"rendered":"https:\/\/lamoderna.edu.ec\/?page_id=377873"},"modified":"2026-01-30T15:47:01","modified_gmt":"2026-01-30T20:47:01","slug":"admisiones-familias-embajadoras","status":"publish","type":"page","link":"https:\/\/lamoderna.edu.ec\/en\/admisiones-familias-embajadoras\/","title":{"rendered":"Admisiones familias embajadoras"},"content":{"rendered":"<div data-elementor-type=\"wp-page\" data-elementor-id=\"377873\" class=\"elementor elementor-377873\" data-elementor-post-type=\"page\">\n\t\t\t\t<div class=\"elementor-element elementor-element-c30a48f e-flex e-con-boxed e-con e-parent\" data-id=\"c30a48f\" data-element_type=\"container\" data-e-type=\"container\">\n\t\t\t\t\t<div class=\"e-con-inner\">\n\t\t<div class=\"elementor-element elementor-element-830b6ab e-con-full e-flex e-con e-child\" data-id=\"830b6ab\" data-element_type=\"container\" data-e-type=\"container\">\n\t\t\t\t<div class=\"elementor-element elementor-element-b1f180b elementor-widget elementor-widget-heading\" data-id=\"b1f180b\" data-element_type=\"widget\" data-e-type=\"widget\" data-widget_type=\"heading.default\">\n\t\t\t\t<div class=\"elementor-widget-container\">\n\t\t\t\t\t<h2 class=\"elementor-heading-title elementor-size-default\">Familias Embajadoras<br><br>\nConstruyamos juntos una comunidad escolar m\u00e1s fuerte para el 2026 y disfruta de descuentos en tus pensiones.<\/h2>\t\t\t\t<\/div>\n\t\t\t\t<\/div>\n\t\t\t\t<div class=\"elementor-element elementor-element-2dfb078 elementor-widget elementor-widget-button\" data-id=\"2dfb078\" data-element_type=\"widget\" data-e-type=\"widget\" data-widget_type=\"button.default\">\n\t\t\t\t<div class=\"elementor-widget-container\">\n\t\t\t\t\t\t\t\t\t<div class=\"elementor-button-wrapper\">\n\t\t\t\t\t<a class=\"elementor-button elementor-button-link elementor-size-sm\" href=\"#terminos\">\n\t\t\t\t\t\t<span class=\"elementor-button-content-wrapper\">\n\t\t\t\t\t\t\t\t\t<span class=\"elementor-button-text\">Consulta t\u00e9rminos y condiciones aqu\u00ed<\/span>\n\t\t\t\t\t<\/span>\n\t\t\t\t\t<\/a>\n\t\t\t\t<\/div>\n\t\t\t\t\t\t\t\t<\/div>\n\t\t\t\t<\/div>\n\t\t\t\t<\/div>\n\t\t\t\t\t<\/div>\n\t\t\t\t<\/div>\n\t\t<div class=\"elementor-element elementor-element-6961f20 e-flex e-con-boxed e-con e-parent\" data-id=\"6961f20\" data-element_type=\"container\" data-e-type=\"container\" data-settings=\"{&quot;background_background&quot;:&quot;classic&quot;}\">\n\t\t\t\t\t<div class=\"e-con-inner\">\n\t\t<div class=\"elementor-element elementor-element-8ef6034 e-con-full e-flex e-con e-child\" data-id=\"8ef6034\" data-element_type=\"container\" data-e-type=\"container\">\n\t\t\t\t<div class=\"elementor-element elementor-element-bff1b3d elementor-widget elementor-widget-image\" data-id=\"bff1b3d\" data-element_type=\"widget\" data-e-type=\"widget\" data-widget_type=\"image.default\">\n\t\t\t\t<div class=\"elementor-widget-container\">\n\t\t\t\t\t\t\t\t\t\t\t\t\t\t\t<img fetchpriority=\"high\" decoding=\"async\" width=\"640\" height=\"1058\" src=\"https:\/\/lamoderna.edu.ec\/wp-content\/uploads\/2025\/09\/ARTE-FAMILIA-EMBAJADORA-COLEGIO-LA-MODERNA.webp\" class=\"attachment-medium_large size-medium_large wp-image-381203\" alt=\"\" srcset=\"https:\/\/lamoderna.edu.ec\/wp-content\/uploads\/2025\/09\/ARTE-FAMILIA-EMBAJADORA-COLEGIO-LA-MODERNA.webp 709w, https:\/\/lamoderna.edu.ec\/wp-content\/uploads\/2025\/09\/ARTE-FAMILIA-EMBAJADORA-COLEGIO-LA-MODERNA-181x300.webp 181w, https:\/\/lamoderna.edu.ec\/wp-content\/uploads\/2025\/09\/ARTE-FAMILIA-EMBAJADORA-COLEGIO-LA-MODERNA-619x1024.webp 619w, https:\/\/lamoderna.edu.ec\/wp-content\/uploads\/2025\/09\/ARTE-FAMILIA-EMBAJADORA-COLEGIO-LA-MODERNA-7x12.webp 7w\" sizes=\"(max-width: 640px) 100vw, 640px\" \/>\t\t\t\t\t\t\t\t\t\t\t\t\t\t\t<\/div>\n\t\t\t\t<\/div>\n\t\t\t\t<\/div>\n\t\t<div class=\"elementor-element elementor-element-0a07d1d e-con-full e-flex e-con e-child\" data-id=\"0a07d1d\" data-element_type=\"container\" data-e-type=\"container\">\n\t\t\t\t<div class=\"elementor-element elementor-element-85844a8 elementor-widget elementor-widget-html\" data-id=\"85844a8\" data-element_type=\"widget\" data-e-type=\"widget\" data-widget_type=\"html.default\">\n\t\t\t\t<div class=\"elementor-widget-container\">\n\t\t\t\t\t<style>\r\n\r\n.contactenos , label {\r\n    color: white;\r\n    \r\n}\r\n.legal-consent-container , p {\r\n    color: white;\r\n    \r\n}\r\n    \r\n<\/style>\r\n\r\n<style>\r\n\r\n.contactenos , textarea, select, option {\r\n    border-color: #000;\r\n    border-radius: 10px;\r\n    font-family: montserrat;\r\n    \r\n}\r\n    \r\n<\/style>\r\n\r\n\r\n<script charset=\"utf-8\" type=\"text\/javascript\" src=\"\/\/js.hsforms.net\/forms\/v2.js?pre=1\"><\/script>\r\n\r\n<script>\r\n\r\n  hbspt.forms.create({\r\n\r\n    region: \"na1\",\r\n\r\n    portalId: \"4541203\",\r\n\r\n    formId: \"81bfafb6-e482-4748-a12e-3c69cb33b018\"\r\n\r\n  });\r\n\r\n<\/script>\t\t\t\t<\/div>\n\t\t\t\t<\/div>\n\t\t\t\t<div class=\"elementor-element elementor-element-98764d8 elementor-widget elementor-widget-text-editor\" data-id=\"98764d8\" data-element_type=\"widget\" data-e-type=\"widget\" data-widget_type=\"text-editor.default\">\n\t\t\t\t<div class=\"elementor-widget-container\">\n\t\t\t\t\t\t\t\t\t<p>Confirmo que he le\u00eddo los t\u00e9rminos y condiciones. <span style=\"color: #ffffff;\"><strong><span style=\"text-decoration: underline;\"><a style=\"color: #ffffff; text-decoration: underline;\" href=\"#terminos\">Leer t\u00e9rminos y condiciones<\/a><br \/><br \/><\/span><\/strong><\/span>Al hacer clic en Enviar, aceptas que La Moderna almacene y procese la informaci\u00f3n personal suministrada arriba para proporcionarte el contenido solicitado.<\/p>\t\t\t\t\t\t\t\t<\/div>\n\t\t\t\t<\/div>\n\t\t\t\t<\/div>\n\t\t\t\t\t<\/div>\n\t\t\t\t<\/div>\n\t\t<div class=\"elementor-element elementor-element-1aa97a0 e-flex e-con-boxed e-con e-parent\" data-id=\"1aa97a0\" data-element_type=\"container\" data-e-type=\"container\">\n\t\t\t\t\t<div class=\"e-con-inner\">\n\t\t<div class=\"elementor-element elementor-element-68a081f e-con-full e-flex e-con e-child\" data-id=\"68a081f\" data-element_type=\"container\" data-e-type=\"container\">\n\t\t\t\t<div class=\"elementor-element elementor-element-47908e5 elementor-widget elementor-widget-heading\" data-id=\"47908e5\" data-element_type=\"widget\" data-e-type=\"widget\" data-widget_type=\"heading.default\">\n\t\t\t\t<div class=\"elementor-widget-container\">\n\t\t\t\t\t<h2 class=\"elementor-heading-title elementor-size-default\">Familia Embajadora La Moderna<\/h2>\t\t\t\t<\/div>\n\t\t\t\t<\/div>\n\t\t\t\t<div class=\"elementor-element elementor-element-2908131 elementor-widget elementor-widget-text-editor\" data-id=\"2908131\" data-element_type=\"widget\" data-e-type=\"widget\" data-widget_type=\"text-editor.default\">\n\t\t\t\t<div class=\"elementor-widget-container\">\n\t\t\t\t\t\t\t\t\t<p><span style=\"color: #333333;\">En La Moderna, creemos que la educaci\u00f3n de calidad se construye en comunidad. Por ello, la iniciativa Familia Embajadora La Moderna busca fortalecer el v\u00ednculo entre colegio y hogar, impulsando la participaci\u00f3n activa de las familias en el proceso educativo de sus hijos.<br \/><\/span><br \/><span style=\"color: #333333;\">Este programa promueve una alianza s\u00f3lida entre padres, docentes y estudiantes, basada en los valores que nos identifican: respeto, responsabilidad, solidaridad y compromiso con la excelencia. Cada familia embajadora representa el esp\u00edritu de La Moderna, transmitiendo con orgullo los principios institucionales dentro y fuera de la escuela.<\/span><\/p>\t\t\t\t\t\t\t\t<\/div>\n\t\t\t\t<\/div>\n\t\t\t\t<div class=\"elementor-element elementor-element-5c88b65 elementor-widget elementor-widget-button\" data-id=\"5c88b65\" data-element_type=\"widget\" data-e-type=\"widget\" data-widget_type=\"button.default\">\n\t\t\t\t<div class=\"elementor-widget-container\">\n\t\t\t\t\t\t\t\t\t<div class=\"elementor-button-wrapper\">\n\t\t\t\t\t<a class=\"elementor-button elementor-button-link elementor-size-sm\" href=\"https:\/\/lamoderna.edu.ec\/wp-content\/uploads\/2025\/07\/Perfiles-academicos.pdf\">\n\t\t\t\t\t\t<span class=\"elementor-button-content-wrapper\">\n\t\t\t\t\t\t\t\t\t<span class=\"elementor-button-text\">read more<\/span>\n\t\t\t\t\t<\/span>\n\t\t\t\t\t<\/a>\n\t\t\t\t<\/div>\n\t\t\t\t\t\t\t\t<\/div>\n\t\t\t\t<\/div>\n\t\t\t\t<\/div>\n\t\t<div class=\"elementor-element elementor-element-902e6fc e-con-full e-flex e-con e-child\" data-id=\"902e6fc\" data-element_type=\"container\" data-e-type=\"container\">\n\t\t\t\t<div class=\"elementor-element elementor-element-c34b3f7 elementor-widget elementor-widget-video\" data-id=\"c34b3f7\" data-element_type=\"widget\" data-e-type=\"widget\" data-settings=\"{&quot;youtube_url&quot;:&quot;https:\\\/\\\/youtube.com\\\/shorts\\\/SAMW_ien4lQ?feature=shared&quot;,&quot;video_type&quot;:&quot;youtube&quot;,&quot;controls&quot;:&quot;yes&quot;}\" data-widget_type=\"video.default\">\n\t\t\t\t<div class=\"elementor-widget-container\">\n\t\t\t\t\t\t\t<div class=\"elementor-wrapper elementor-open-inline\">\n\t\t\t<div class=\"elementor-video\"><\/div>\t\t<\/div>\n\t\t\t\t\t\t<\/div>\n\t\t\t\t<\/div>\n\t\t\t\t<\/div>\n\t\t\t\t\t<\/div>\n\t\t\t\t<\/div>\n\t\t<div class=\"elementor-element elementor-element-f90b5c4 e-flex e-con-boxed e-con e-parent\" data-id=\"f90b5c4\" data-element_type=\"container\" data-e-type=\"container\">\n\t\t\t\t\t<div class=\"e-con-inner\">\n\t\t<div class=\"elementor-element elementor-element-01abadb e-con-full e-flex e-con e-child\" data-id=\"01abadb\" data-element_type=\"container\" data-e-type=\"container\">\n\t\t\t\t<div class=\"elementor-element elementor-element-13c9b29 elementor-widget elementor-widget-video\" data-id=\"13c9b29\" data-element_type=\"widget\" data-e-type=\"widget\" data-settings=\"{&quot;youtube_url&quot;:&quot;https:\\\/\\\/www.youtube.com\\\/shorts\\\/4BPEVsyBB68&quot;,&quot;video_type&quot;:&quot;youtube&quot;,&quot;controls&quot;:&quot;yes&quot;}\" data-widget_type=\"video.default\">\n\t\t\t\t<div class=\"elementor-widget-container\">\n\t\t\t\t\t\t\t<div class=\"elementor-wrapper elementor-open-inline\">\n\t\t\t<div class=\"elementor-video\"><\/div>\t\t<\/div>\n\t\t\t\t\t\t<\/div>\n\t\t\t\t<\/div>\n\t\t\t\t<\/div>\n\t\t<div class=\"elementor-element elementor-element-6cd7a17 e-con-full e-flex e-con e-child\" data-id=\"6cd7a17\" data-element_type=\"container\" data-e-type=\"container\">\n\t\t\t\t<div class=\"elementor-element elementor-element-30f8c50 elementor-widget elementor-widget-text-editor\" data-id=\"30f8c50\" data-element_type=\"widget\" data-e-type=\"widget\" data-widget_type=\"text-editor.default\">\n\t\t\t\t<div class=\"elementor-widget-container\">\n\t\t\t\t\t\t\t\t\t<p><span style=\"color: #333333;\">A trav\u00e9s de actividades colaborativas, acompa\u00f1amiento constante y comunicaci\u00f3n cercana, la Familia Embajadora La Moderna contribuye a crear un entorno educativo m\u00e1s humano, participativo y enriquecedor.<br \/><\/span> <br \/><span style=\"color: #333333;\">Invitamos a todas las familias a sumarse a esta experiencia que une valores, aprendizaje y prop\u00f3sito compartido.<\/span><\/p><p><span style=\"color: #333333;\">\u201cSer familia embajadora es ser parte de algo m\u00e1s grande: una comunidad que aprende, comparte y crece unida.\u201d<\/span><\/p>\t\t\t\t\t\t\t\t<\/div>\n\t\t\t\t<\/div>\n\t\t\t\t<div class=\"elementor-element elementor-element-98e93e4 elementor-widget elementor-widget-button\" data-id=\"98e93e4\" data-element_type=\"widget\" data-e-type=\"widget\" data-widget_type=\"button.default\">\n\t\t\t\t<div class=\"elementor-widget-container\">\n\t\t\t\t\t\t\t\t\t<div class=\"elementor-button-wrapper\">\n\t\t\t\t\t<a class=\"elementor-button elementor-button-link elementor-size-sm\" href=\"https:\/\/lamoderna.edu.ec\/en\/charladeadmisiones\/\">\n\t\t\t\t\t\t<span class=\"elementor-button-content-wrapper\">\n\t\t\t\t\t\t\t\t\t<span class=\"elementor-button-text\">Charla de admisiones<\/span>\n\t\t\t\t\t<\/span>\n\t\t\t\t\t<\/a>\n\t\t\t\t<\/div>\n\t\t\t\t\t\t\t\t<\/div>\n\t\t\t\t<\/div>\n\t\t\t\t<\/div>\n\t\t\t\t\t<\/div>\n\t\t\t\t<\/div>\n\t\t<div class=\"elementor-element elementor-element-8091784 e-flex e-con-boxed e-con e-parent\" data-id=\"8091784\" data-element_type=\"container\" data-e-type=\"container\" id=\"terminos\">\n\t\t\t\t\t<div class=\"e-con-inner\">\n\t\t\t\t<div class=\"elementor-element elementor-element-329928b elementor-widget-divider--view-line elementor-widget elementor-widget-divider\" data-id=\"329928b\" data-element_type=\"widget\" data-e-type=\"widget\" data-widget_type=\"divider.default\">\n\t\t\t\t<div class=\"elementor-widget-container\">\n\t\t\t\t\t\t\t<div class=\"elementor-divider\">\n\t\t\t<span class=\"elementor-divider-separator\">\n\t\t\t\t\t\t<\/span>\n\t\t<\/div>\n\t\t\t\t\t\t<\/div>\n\t\t\t\t<\/div>\n\t\t\t\t\t<\/div>\n\t\t\t\t<\/div>\n\t\t<div class=\"elementor-element elementor-element-e499369 e-flex e-con-boxed e-con e-parent\" data-id=\"e499369\" data-element_type=\"container\" data-e-type=\"container\">\n\t\t\t\t\t<div class=\"e-con-inner\">\n\t\t\t\t<div class=\"elementor-element elementor-element-8fd98e0 elementor-widget elementor-widget-heading\" data-id=\"8fd98e0\" data-element_type=\"widget\" data-e-type=\"widget\" data-widget_type=\"heading.default\">\n\t\t\t\t<div class=\"elementor-widget-container\">\n\t\t\t\t\t<h2 class=\"elementor-heading-title elementor-size-default\">Terms and Conditions<\/h2>\t\t\t\t<\/div>\n\t\t\t\t<\/div>\n\t\t\t\t\t<\/div>\n\t\t\t\t<\/div>\n\t\t<div class=\"elementor-element elementor-element-7e5db45 e-flex e-con-boxed e-con e-parent\" data-id=\"7e5db45\" data-element_type=\"container\" data-e-type=\"container\">\n\t\t\t\t\t<div class=\"e-con-inner\">\n\t\t<div class=\"elementor-element elementor-element-c4d6fb6 e-con-full e-flex e-con e-child\" data-id=\"c4d6fb6\" data-element_type=\"container\" data-e-type=\"container\">\n\t\t\t\t<div class=\"elementor-element elementor-element-9c75537 elementor-widget elementor-widget-text-editor\" data-id=\"9c75537\" data-element_type=\"widget\" data-e-type=\"widget\" data-widget_type=\"text-editor.default\">\n\t\t\t\t<div class=\"elementor-widget-container\">\n\t\t\t\t\t\t\t\t\t<ul><li><span style=\"color: #000000;\">No aplica para hermanos de estudiantes actuales, ni estudiantes que hayan estado en la instituci\u00f3n en a\u00f1os anteriores, ni hijos de colaboradores de La Moderna.<\/span><\/li><li><span style=\"color: #000000;\">The discount is not available to families currently affiliated with an ISP school (Liceo Panamericano Samborond\u00f3n, Liceo Panamericano Centenario, or ISP schools abroad).<\/span><\/li><li><span style=\"color: #000000;\">El \u00fanico medio v\u00e1lido para referir a las familias, es mediante el Formulario de Referidos.<\/span><\/li><li><span style=\"color: #000000;\">It is not possible to refer to a family that has previously requested information or completed the Admissions Process, as it will not be valid.<\/span><\/li><li><span style=\"color: #000000;\">La familia referida (familia nueva) debe mencionar que son sus referidos tanto en el folleto de admisi\u00f3n, como en la entrevista familiar.<\/span><\/li><li><span style=\"color: #000000;\">This benefit is not transferable.<\/span><\/li><li><span style=\"color: #000000;\">The referring family will only receive the benefit as long as the applicant family is officially admitted and enrolled.<\/span><\/li><li><span style=\"color: #000000;\">Si el referido se repite, se lo considerar\u00e1 a la familia que lo refiri\u00f3 primero por medio del Formulario de Referidos.<\/span><\/li><li><span style=\"color: #000000;\">The family you refer to should be aware that you will share their information with the La Moderna Admissions Department.<\/span><\/li><li><span style=\"color: #000000;\">Los referidos deben ser informados y matriculados hasta el 29 de mayo del 2026.<\/span><\/li><\/ul>\t\t\t\t\t\t\t\t<\/div>\n\t\t\t\t<\/div>\n\t\t\t\t<\/div>\n\t\t\t\t\t<\/div>\n\t\t\t\t<\/div>\n\t\t\t\t<\/div>","protected":false},"excerpt":{"rendered":"<p>Familias Embajadoras Construyamos juntos una comunidad escolar m\u00e1s fuerte para el 2026 y disfruta de descuentos en tus pensiones. Consulta t\u00e9rminos y condiciones aqu\u00ed Confirmo que he le\u00eddo los t\u00e9rminos y condiciones. Leer t\u00e9rminos y condiciones Al hacer clic en Enviar, aceptas que La Moderna almacene y procese la informaci\u00f3n personal suministrada arriba para proporcionarte [&hellip;]<\/p>\n","protected":false},"author":2,"featured_media":0,"parent":0,"menu_order":0,"comment_status":"closed","ping_status":"closed","template":"","meta":{"footnotes":""},"class_list":["post-377873","page","type-page","status-publish","hentry"],"yoast_head":"<!-- This site is optimized with the Yoast SEO plugin v27.4 - https:\/\/yoast.com\/product\/yoast-seo-wordpress\/ -->\n<title>Admisiones familias embajadoras - La Moderna<\/title>\n<meta name=\"robots\" content=\"index, follow, max-snippet:-1, max-image-preview:large, max-video-preview:-1\" \/>\n<link rel=\"canonical\" href=\"https:\/\/lamoderna.edu.ec\/en\/admisiones-familias-embajadoras\/\" \/>\n<meta property=\"og:locale\" content=\"en_US\" \/>\n<meta property=\"og:type\" content=\"article\" \/>\n<meta property=\"og:title\" content=\"Admisiones familias embajadoras - La Moderna\" \/>\n<meta property=\"og:description\" content=\"Familias Embajadoras Construyamos juntos una comunidad escolar m\u00e1s fuerte para el 2026 y disfruta de descuentos en tus pensiones. Consulta t\u00e9rminos y condiciones aqu\u00ed Confirmo que he le\u00eddo los t\u00e9rminos y condiciones. Leer t\u00e9rminos y condiciones Al hacer clic en Enviar, aceptas que La Moderna almacene y procese la informaci\u00f3n personal suministrada arriba para proporcionarte [&hellip;]\" \/>\n<meta property=\"og:url\" content=\"https:\/\/lamoderna.edu.ec\/en\/admisiones-familias-embajadoras\/\" \/>\n<meta property=\"og:site_name\" content=\"La Moderna\" \/>\n<meta property=\"article:publisher\" content=\"https:\/\/www.facebook.com\/lamodernaEC\/\" \/>\n<meta property=\"article:modified_time\" content=\"2026-01-30T20:47:01+00:00\" \/>\n<meta property=\"og:image\" content=\"https:\/\/lamoderna.edu.ec\/wp-content\/uploads\/2025\/09\/ARTE-FAMILIA-EMBAJADORA-COLEGIO-LA-MODERNA.webp\" \/>\n\t<meta property=\"og:image:width\" content=\"709\" \/>\n\t<meta property=\"og:image:height\" content=\"1172\" \/>\n\t<meta property=\"og:image:type\" content=\"image\/webp\" \/>\n<meta name=\"twitter:card\" content=\"summary_large_image\" \/>\n<meta name=\"twitter:label1\" content=\"Est. reading time\" \/>\n\t<meta name=\"twitter:data1\" content=\"3 minutes\" \/>\n<script type=\"application\/ld+json\" class=\"yoast-schema-graph\">{\"@context\":\"https:\\\/\\\/schema.org\",\"@graph\":[{\"@type\":\"WebPage\",\"@id\":\"https:\\\/\\\/lamoderna.edu.ec\\\/admisiones-familias-embajadoras\\\/\",\"url\":\"https:\\\/\\\/lamoderna.edu.ec\\\/admisiones-familias-embajadoras\\\/\",\"name\":\"Admisiones familias embajadoras - La Moderna\",\"isPartOf\":{\"@id\":\"https:\\\/\\\/lamoderna.edu.ec\\\/#website\"},\"primaryImageOfPage\":{\"@id\":\"https:\\\/\\\/lamoderna.edu.ec\\\/admisiones-familias-embajadoras\\\/#primaryimage\"},\"image\":{\"@id\":\"https:\\\/\\\/lamoderna.edu.ec\\\/admisiones-familias-embajadoras\\\/#primaryimage\"},\"thumbnailUrl\":\"https:\\\/\\\/lamoderna.edu.ec\\\/wp-content\\\/uploads\\\/2025\\\/09\\\/ARTE-FAMILIA-EMBAJADORA-COLEGIO-LA-MODERNA.webp\",\"datePublished\":\"2024-05-30T16:08:23+00:00\",\"dateModified\":\"2026-01-30T20:47:01+00:00\",\"breadcrumb\":{\"@id\":\"https:\\\/\\\/lamoderna.edu.ec\\\/admisiones-familias-embajadoras\\\/#breadcrumb\"},\"inLanguage\":\"en-US\",\"potentialAction\":[{\"@type\":\"ReadAction\",\"target\":[\"https:\\\/\\\/lamoderna.edu.ec\\\/admisiones-familias-embajadoras\\\/\"]}]},{\"@type\":\"ImageObject\",\"inLanguage\":\"en-US\",\"@id\":\"https:\\\/\\\/lamoderna.edu.ec\\\/admisiones-familias-embajadoras\\\/#primaryimage\",\"url\":\"https:\\\/\\\/lamoderna.edu.ec\\\/wp-content\\\/uploads\\\/2025\\\/09\\\/ARTE-FAMILIA-EMBAJADORA-COLEGIO-LA-MODERNA.webp\",\"contentUrl\":\"https:\\\/\\\/lamoderna.edu.ec\\\/wp-content\\\/uploads\\\/2025\\\/09\\\/ARTE-FAMILIA-EMBAJADORA-COLEGIO-LA-MODERNA.webp\"},{\"@type\":\"BreadcrumbList\",\"@id\":\"https:\\\/\\\/lamoderna.edu.ec\\\/admisiones-familias-embajadoras\\\/#breadcrumb\",\"itemListElement\":[{\"@type\":\"ListItem\",\"position\":1,\"name\":\"Inicio\",\"item\":\"https:\\\/\\\/lamoderna.edu.ec\\\/\"},{\"@type\":\"ListItem\",\"position\":2,\"name\":\"Admisiones familias embajadoras\"}]},{\"@type\":\"WebSite\",\"@id\":\"https:\\\/\\\/lamoderna.edu.ec\\\/#website\",\"url\":\"https:\\\/\\\/lamoderna.edu.ec\\\/\",\"name\":\"Colegio La Moderna\",\"description\":\"Unidad Educativa Particular Biling\u00fce\",\"publisher\":{\"@id\":\"https:\\\/\\\/lamoderna.edu.ec\\\/#organization\"},\"alternateName\":\"Colegio LMO\",\"potentialAction\":[{\"@type\":\"SearchAction\",\"target\":{\"@type\":\"EntryPoint\",\"urlTemplate\":\"https:\\\/\\\/lamoderna.edu.ec\\\/?s={search_term_string}\"},\"query-input\":{\"@type\":\"PropertyValueSpecification\",\"valueRequired\":true,\"valueName\":\"search_term_string\"}}],\"inLanguage\":\"en-US\"},{\"@type\":\"Organization\",\"@id\":\"https:\\\/\\\/lamoderna.edu.ec\\\/#organization\",\"name\":\"Colegio La Moderna\",\"alternateName\":\"Colegio LMO\",\"url\":\"https:\\\/\\\/lamoderna.edu.ec\\\/\",\"logo\":{\"@type\":\"ImageObject\",\"inLanguage\":\"en-US\",\"@id\":\"https:\\\/\\\/lamoderna.edu.ec\\\/#\\\/schema\\\/logo\\\/image\\\/\",\"url\":\"https:\\\/\\\/lamoderna.edu.ec\\\/wp-content\\\/uploads\\\/2024\\\/08\\\/icono.png\",\"contentUrl\":\"https:\\\/\\\/lamoderna.edu.ec\\\/wp-content\\\/uploads\\\/2024\\\/08\\\/icono.png\",\"width\":103,\"height\":102,\"caption\":\"Colegio La Moderna\"},\"image\":{\"@id\":\"https:\\\/\\\/lamoderna.edu.ec\\\/#\\\/schema\\\/logo\\\/image\\\/\"},\"sameAs\":[\"https:\\\/\\\/www.facebook.com\\\/lamodernaEC\\\/\",\"https:\\\/\\\/www.instagram.com\\\/lamoderna_ec\\\/#\"]}]}<\/script>\n<!-- \/ Yoast SEO plugin. -->","yoast_head_json":{"title":"Admisiones familias embajadoras - La Moderna","robots":{"index":"index","follow":"follow","max-snippet":"max-snippet:-1","max-image-preview":"max-image-preview:large","max-video-preview":"max-video-preview:-1"},"canonical":"https:\/\/lamoderna.edu.ec\/en\/admisiones-familias-embajadoras\/","og_locale":"en_US","og_type":"article","og_title":"Admisiones familias embajadoras - La Moderna","og_description":"Familias Embajadoras Construyamos juntos una comunidad escolar m\u00e1s fuerte para el 2026 y disfruta de descuentos en tus pensiones. Consulta t\u00e9rminos y condiciones aqu\u00ed Confirmo que he le\u00eddo los t\u00e9rminos y condiciones. Leer t\u00e9rminos y condiciones Al hacer clic en Enviar, aceptas que La Moderna almacene y procese la informaci\u00f3n personal suministrada arriba para proporcionarte [&hellip;]","og_url":"https:\/\/lamoderna.edu.ec\/en\/admisiones-familias-embajadoras\/","og_site_name":"La Moderna","article_publisher":"https:\/\/www.facebook.com\/lamodernaEC\/","article_modified_time":"2026-01-30T20:47:01+00:00","og_image":[{"width":709,"height":1172,"url":"https:\/\/lamoderna.edu.ec\/wp-content\/uploads\/2025\/09\/ARTE-FAMILIA-EMBAJADORA-COLEGIO-LA-MODERNA.webp","type":"image\/webp"}],"twitter_card":"summary_large_image","twitter_misc":{"Est. reading time":"3 minutes"},"schema":{"@context":"https:\/\/schema.org","@graph":[{"@type":"WebPage","@id":"https:\/\/lamoderna.edu.ec\/admisiones-familias-embajadoras\/","url":"https:\/\/lamoderna.edu.ec\/admisiones-familias-embajadoras\/","name":"Admisiones familias embajadoras - La Moderna","isPartOf":{"@id":"https:\/\/lamoderna.edu.ec\/#website"},"primaryImageOfPage":{"@id":"https:\/\/lamoderna.edu.ec\/admisiones-familias-embajadoras\/#primaryimage"},"image":{"@id":"https:\/\/lamoderna.edu.ec\/admisiones-familias-embajadoras\/#primaryimage"},"thumbnailUrl":"https:\/\/lamoderna.edu.ec\/wp-content\/uploads\/2025\/09\/ARTE-FAMILIA-EMBAJADORA-COLEGIO-LA-MODERNA.webp","datePublished":"2024-05-30T16:08:23+00:00","dateModified":"2026-01-30T20:47:01+00:00","breadcrumb":{"@id":"https:\/\/lamoderna.edu.ec\/admisiones-familias-embajadoras\/#breadcrumb"},"inLanguage":"en-US","potentialAction":[{"@type":"ReadAction","target":["https:\/\/lamoderna.edu.ec\/admisiones-familias-embajadoras\/"]}]},{"@type":"ImageObject","inLanguage":"en-US","@id":"https:\/\/lamoderna.edu.ec\/admisiones-familias-embajadoras\/#primaryimage","url":"https:\/\/lamoderna.edu.ec\/wp-content\/uploads\/2025\/09\/ARTE-FAMILIA-EMBAJADORA-COLEGIO-LA-MODERNA.webp","contentUrl":"https:\/\/lamoderna.edu.ec\/wp-content\/uploads\/2025\/09\/ARTE-FAMILIA-EMBAJADORA-COLEGIO-LA-MODERNA.webp"},{"@type":"BreadcrumbList","@id":"https:\/\/lamoderna.edu.ec\/admisiones-familias-embajadoras\/#breadcrumb","itemListElement":[{"@type":"ListItem","position":1,"name":"Inicio","item":"https:\/\/lamoderna.edu.ec\/"},{"@type":"ListItem","position":2,"name":"Admisiones familias embajadoras"}]},{"@type":"WebSite","@id":"https:\/\/lamoderna.edu.ec\/#website","url":"https:\/\/lamoderna.edu.ec\/","name":"Colegio La Moderna","description":"Unidad Educativa Particular Biling\u00fce","publisher":{"@id":"https:\/\/lamoderna.edu.ec\/#organization"},"alternateName":"Colegio LMO","potentialAction":[{"@type":"SearchAction","target":{"@type":"EntryPoint","urlTemplate":"https:\/\/lamoderna.edu.ec\/?s={search_term_string}"},"query-input":{"@type":"PropertyValueSpecification","valueRequired":true,"valueName":"search_term_string"}}],"inLanguage":"en-US"},{"@type":"Organization","@id":"https:\/\/lamoderna.edu.ec\/#organization","name":"Colegio La Moderna","alternateName":"Colegio LMO","url":"https:\/\/lamoderna.edu.ec\/","logo":{"@type":"ImageObject","inLanguage":"en-US","@id":"https:\/\/lamoderna.edu.ec\/#\/schema\/logo\/image\/","url":"https:\/\/lamoderna.edu.ec\/wp-content\/uploads\/2024\/08\/icono.png","contentUrl":"https:\/\/lamoderna.edu.ec\/wp-content\/uploads\/2024\/08\/icono.png","width":103,"height":102,"caption":"Colegio La Moderna"},"image":{"@id":"https:\/\/lamoderna.edu.ec\/#\/schema\/logo\/image\/"},"sameAs":["https:\/\/www.facebook.com\/lamodernaEC\/","https:\/\/www.instagram.com\/lamoderna_ec\/#"]}]}},"_links":{"self":[{"href":"https:\/\/lamoderna.edu.ec\/en\/wp-json\/wp\/v2\/pages\/377873","targetHints":{"allow":["GET"]}}],"collection":[{"href":"https:\/\/lamoderna.edu.ec\/en\/wp-json\/wp\/v2\/pages"}],"about":[{"href":"https:\/\/lamoderna.edu.ec\/en\/wp-json\/wp\/v2\/types\/page"}],"author":[{"embeddable":true,"href":"https:\/\/lamoderna.edu.ec\/en\/wp-json\/wp\/v2\/users\/2"}],"replies":[{"embeddable":true,"href":"https:\/\/lamoderna.edu.ec\/en\/wp-json\/wp\/v2\/comments?post=377873"}],"version-history":[{"count":191,"href":"https:\/\/lamoderna.edu.ec\/en\/wp-json\/wp\/v2\/pages\/377873\/revisions"}],"predecessor-version":[{"id":382150,"href":"https:\/\/lamoderna.edu.ec\/en\/wp-json\/wp\/v2\/pages\/377873\/revisions\/382150"}],"wp:attachment":[{"href":"https:\/\/lamoderna.edu.ec\/en\/wp-json\/wp\/v2\/media?parent=377873"}],"curies":[{"name":"wp","href":"https:\/\/api.w.org\/{rel}","templated":true}]}}