{"id":3770,"date":"2024-05-23T14:56:12","date_gmt":"2024-05-23T19:56:12","guid":{"rendered":"https:\/\/dev.elyxirdigital.com\/lacolina\/?page_id=3770"},"modified":"2025-12-04T21:21:02","modified_gmt":"2025-12-05T02:21:02","slug":"mision-y-vision","status":"publish","type":"page","link":"https:\/\/lamoderna.edu.ec\/en\/mision-y-vision\/","title":{"rendered":"Mission and Vision"},"content":{"rendered":"<div data-elementor-type=\"wp-page\" data-elementor-id=\"3770\" class=\"elementor elementor-3770\" data-elementor-post-type=\"page\">\n\t\t\t\t<div class=\"elementor-element elementor-element-319b240 e-flex e-con-boxed e-con e-parent\" data-id=\"319b240\" data-element_type=\"container\" data-e-type=\"container\">\n\t\t\t\t\t<div class=\"e-con-inner\">\n\t\t\t\t<div class=\"elementor-element elementor-element-346ac07 elementor-widget elementor-widget-heading\" data-id=\"346ac07\" data-element_type=\"widget\" data-e-type=\"widget\" data-widget_type=\"heading.default\">\n\t\t\t\t<div class=\"elementor-widget-container\">\n\t\t\t\t\t<h1 class=\"elementor-heading-title elementor-size-default\">Fundamentos Institucionales La Moderna<\/h1>\t\t\t\t<\/div>\n\t\t\t\t<\/div>\n\t\t\t\t\t<\/div>\n\t\t\t\t<\/div>\n\t\t<div class=\"elementor-element elementor-element-6961f20 e-flex e-con-boxed e-con e-parent\" data-id=\"6961f20\" data-element_type=\"container\" data-e-type=\"container\">\n\t\t\t\t\t<div class=\"e-con-inner\">\n\t\t<div class=\"elementor-element elementor-element-8ef6034 e-con-full e-flex e-con e-child\" data-id=\"8ef6034\" data-element_type=\"container\" data-e-type=\"container\">\n\t\t\t\t<div class=\"elementor-element elementor-element-fb5398a elementor-widget elementor-widget-heading\" data-id=\"fb5398a\" data-element_type=\"widget\" data-e-type=\"widget\" data-widget_type=\"heading.default\">\n\t\t\t\t<div class=\"elementor-widget-container\">\n\t\t\t\t\t<h2 class=\"elementor-heading-title elementor-size-default\">Our Philosophy<\/h2>\t\t\t\t<\/div>\n\t\t\t\t<\/div>\n\t\t\t\t<div class=\"elementor-element elementor-element-caf8388 elementor-widget elementor-widget-text-editor\" data-id=\"caf8388\" data-element_type=\"widget\" data-e-type=\"widget\" data-widget_type=\"text-editor.default\">\n\t\t\t\t<div class=\"elementor-widget-container\">\n\t\t\t\t\t\t\t\t\t<p>En <em>La Moderna<\/em>, los Fundamentos Institucionales se basan en una visi\u00f3n educativa integral que combina la excelencia acad\u00e9mica, la formaci\u00f3n en valores y el compromiso con el entorno. Con m\u00e1s de 35 a\u00f1os de experiencia, somos una instituci\u00f3n que ofrece educaci\u00f3n inicial, b\u00e1sica y de bachillerato, comprometida con el desarrollo pleno de cada estudiante.<\/p><p>Impartimos una educaci\u00f3n integral biling\u00fce a trav\u00e9s de su sistema de inmersi\u00f3n en el ingl\u00e9s y espa\u00f1ol, cuya metodol\u00f3gica se sustenta en el cosmovisi\u00f3n intercultural a trav\u00e9s de procesos de desarrollo del pensamientos cr\u00edtico a base de una pedagog\u00eda cr\u00edtica, creativa y constructiva.<\/p>\t\t\t\t\t\t\t\t<\/div>\n\t\t\t\t<\/div>\n\t\t\t\t<\/div>\n\t\t<div class=\"elementor-element elementor-element-0a07d1d e-con-full e-flex e-con e-child\" data-id=\"0a07d1d\" data-element_type=\"container\" data-e-type=\"container\">\n\t\t\t\t<div class=\"elementor-element elementor-element-19f015c elementor-widget elementor-widget-image\" data-id=\"19f015c\" data-element_type=\"widget\" data-e-type=\"widget\" data-widget_type=\"image.default\">\n\t\t\t\t<div class=\"elementor-widget-container\">\n\t\t\t\t\t\t\t\t\t\t\t\t\t\t\t<img fetchpriority=\"high\" decoding=\"async\" width=\"580\" height=\"384\" src=\"https:\/\/lamoderna.edu.ec\/wp-content\/uploads\/2024\/05\/national-youth-camp.jpg\" class=\"attachment-medium_large size-medium_large wp-image-377748\" alt=\"\" srcset=\"https:\/\/lamoderna.edu.ec\/wp-content\/uploads\/2024\/05\/national-youth-camp.jpg 580w, https:\/\/lamoderna.edu.ec\/wp-content\/uploads\/2024\/05\/national-youth-camp-300x199.jpg 300w\" sizes=\"(max-width: 580px) 100vw, 580px\" \/>\t\t\t\t\t\t\t\t\t\t\t\t\t\t\t<\/div>\n\t\t\t\t<\/div>\n\t\t\t\t<\/div>\n\t\t\t\t\t<\/div>\n\t\t\t\t<\/div>\n\t\t<div class=\"elementor-element elementor-element-4249e4f e-flex e-con-boxed e-con e-parent\" data-id=\"4249e4f\" data-element_type=\"container\" data-e-type=\"container\">\n\t\t\t\t\t<div class=\"e-con-inner\">\n\t\t<div class=\"elementor-element elementor-element-b8d1913 e-con-full e-flex e-con e-child\" data-id=\"b8d1913\" data-element_type=\"container\" data-e-type=\"container\">\n\t\t\t\t<div class=\"elementor-element elementor-element-970fe16 elementor-widget elementor-widget-image\" data-id=\"970fe16\" data-element_type=\"widget\" data-e-type=\"widget\" data-widget_type=\"image.default\">\n\t\t\t\t<div class=\"elementor-widget-container\">\n\t\t\t\t\t\t\t\t\t\t\t\t\t\t\t<img decoding=\"async\" width=\"640\" height=\"325\" src=\"https:\/\/lamoderna.edu.ec\/wp-content\/uploads\/2025\/06\/seccionkidsportada-min-1024x520.jpg\" class=\"attachment-large size-large wp-image-380682\" alt=\"\" srcset=\"https:\/\/lamoderna.edu.ec\/wp-content\/uploads\/2025\/06\/seccionkidsportada-min-1024x520.jpg 1024w, https:\/\/lamoderna.edu.ec\/wp-content\/uploads\/2025\/06\/seccionkidsportada-min-300x152.jpg 300w, https:\/\/lamoderna.edu.ec\/wp-content\/uploads\/2025\/06\/seccionkidsportada-min-768x390.jpg 768w, https:\/\/lamoderna.edu.ec\/wp-content\/uploads\/2025\/06\/seccionkidsportada-min-18x9.jpg 18w, https:\/\/lamoderna.edu.ec\/wp-content\/uploads\/2025\/06\/seccionkidsportada-min.jpg 1074w\" sizes=\"(max-width: 640px) 100vw, 640px\" \/>\t\t\t\t\t\t\t\t\t\t\t\t\t\t\t<\/div>\n\t\t\t\t<\/div>\n\t\t\t\t<\/div>\n\t\t<div class=\"elementor-element elementor-element-4add396 e-con-full e-flex e-con e-child\" data-id=\"4add396\" data-element_type=\"container\" data-e-type=\"container\">\n\t\t\t\t<div class=\"elementor-element elementor-element-f28010f elementor-widget elementor-widget-text-editor\" data-id=\"f28010f\" data-element_type=\"widget\" data-e-type=\"widget\" data-widget_type=\"text-editor.default\">\n\t\t\t\t<div class=\"elementor-widget-container\">\n\t\t\t\t\t\t\t\t\t<p>En <em>La Moderna<\/em>, propiciamos la pr\u00e1ctica de valores humanos y conciencia ambiental como ejes transversales en todos los niveles educativos. Buscamos formar ciudadanos responsables, emp\u00e1ticos y comprometidos con la sostenibilidad del planeta.<\/p><p>Los Fundamentos Institucionales La Moderna orientan cada acci\u00f3n de nuestra comunidad educativa, guiando el camino hacia una formaci\u00f3n integral, humana y global.<\/p>\t\t\t\t\t\t\t\t<\/div>\n\t\t\t\t<\/div>\n\t\t\t\t<div class=\"elementor-element elementor-element-5cc7ffe elementor-widget elementor-widget-button\" data-id=\"5cc7ffe\" data-element_type=\"widget\" data-e-type=\"widget\" data-widget_type=\"button.default\">\n\t\t\t\t<div class=\"elementor-widget-container\">\n\t\t\t\t\t\t\t\t\t<div class=\"elementor-button-wrapper\">\n\t\t\t\t\t<a class=\"elementor-button elementor-button-link elementor-size-sm\" href=\"https:\/\/lamoderna.edu.ec\/en\/admisiones\/\">\n\t\t\t\t\t\t<span class=\"elementor-button-content-wrapper\">\n\t\t\t\t\t\t\t\t\t<span class=\"elementor-button-text\">Agenda una visita<\/span>\n\t\t\t\t\t<\/span>\n\t\t\t\t\t<\/a>\n\t\t\t\t<\/div>\n\t\t\t\t\t\t\t\t<\/div>\n\t\t\t\t<\/div>\n\t\t\t\t<\/div>\n\t\t\t\t\t<\/div>\n\t\t\t\t<\/div>\n\t\t<div class=\"elementor-element elementor-element-4b926f9 e-con-full e-flex e-con e-parent\" data-id=\"4b926f9\" data-element_type=\"container\" data-e-type=\"container\" data-settings=\"{&quot;background_background&quot;:&quot;classic&quot;}\">\n\t\t<div class=\"elementor-element elementor-element-d55f252 e-flex e-con-boxed e-con e-child\" data-id=\"d55f252\" data-element_type=\"container\" data-e-type=\"container\">\n\t\t\t\t\t<div class=\"e-con-inner\">\n\t\t<div class=\"elementor-element elementor-element-ae2e490 e-con-full e-flex e-con e-child\" data-id=\"ae2e490\" data-element_type=\"container\" data-e-type=\"container\">\n\t\t\t\t<div class=\"elementor-element elementor-element-a71cfd1 elementor-widget elementor-widget-text-editor\" data-id=\"a71cfd1\" data-element_type=\"widget\" data-e-type=\"widget\" data-widget_type=\"text-editor.default\">\n\t\t\t\t<div class=\"elementor-widget-container\">\n\t\t\t\t\t\t\t\t\t<h2>Vision<\/h2><div>Ser un centro de estudios de clase mundial que, a trav\u00e9s de su oferta acad\u00e9mica innovadora, fundamentada en el desarrollo de competencias, inculca a su comunidad ser part\u00edcipes, conscientes y generadores activos de un cambio social.<\/div>\t\t\t\t\t\t\t\t<\/div>\n\t\t\t\t<\/div>\n\t\t\t\t<\/div>\n\t\t<div class=\"elementor-element elementor-element-7f005fc e-con-full e-flex e-con e-child\" data-id=\"7f005fc\" data-element_type=\"container\" data-e-type=\"container\">\n\t\t\t\t<div class=\"elementor-element elementor-element-439b906 elementor-widget elementor-widget-text-editor\" data-id=\"439b906\" data-element_type=\"widget\" data-e-type=\"widget\" data-widget_type=\"text-editor.default\">\n\t\t\t\t<div class=\"elementor-widget-container\">\n\t\t\t\t\t\t\t\t\t<h2>Mission<\/h2><div><div>Somos una Instituci\u00f3n que educa a ni\u00f1os y j\u00f3venes exitosos, seguros y estables, a trav\u00e9s del ejercicio de virtudes y valores cristianos, en un ambiente<br \/>from the moment he or she enters the school until theirs last day there.<\/div><\/div>\t\t\t\t\t\t\t\t<\/div>\n\t\t\t\t<\/div>\n\t\t\t\t<\/div>\n\t\t\t\t\t<\/div>\n\t\t\t\t<\/div>\n\t\t\t\t<\/div>\n\t\t<div class=\"elementor-element elementor-element-85297e6 e-flex e-con-boxed e-con e-parent\" data-id=\"85297e6\" data-element_type=\"container\" data-e-type=\"container\">\n\t\t\t\t\t<div class=\"e-con-inner\">\n\t\t<div class=\"elementor-element elementor-element-d479f1c e-con-full e-flex e-con e-child\" data-id=\"d479f1c\" data-element_type=\"container\" data-e-type=\"container\">\n\t\t\t\t<div class=\"elementor-element elementor-element-233e72d elementor-widget elementor-widget-image\" data-id=\"233e72d\" data-element_type=\"widget\" data-e-type=\"widget\" data-widget_type=\"image.default\">\n\t\t\t\t<div class=\"elementor-widget-container\">\n\t\t\t\t\t\t\t\t\t\t\t\t\t\t\t<img decoding=\"async\" width=\"580\" height=\"373\" src=\"https:\/\/lamoderna.edu.ec\/wp-content\/uploads\/2024\/05\/graduacion-tercero-bachillerato.jpg\" class=\"attachment-medium_large size-medium_large wp-image-377761\" alt=\"\" srcset=\"https:\/\/lamoderna.edu.ec\/wp-content\/uploads\/2024\/05\/graduacion-tercero-bachillerato.jpg 580w, https:\/\/lamoderna.edu.ec\/wp-content\/uploads\/2024\/05\/graduacion-tercero-bachillerato-300x193.jpg 300w\" sizes=\"(max-width: 580px) 100vw, 580px\" \/>\t\t\t\t\t\t\t\t\t\t\t\t\t\t\t<\/div>\n\t\t\t\t<\/div>\n\t\t\t\t<\/div>\n\t\t<div class=\"elementor-element elementor-element-b707735 e-con-full e-flex e-con e-child\" data-id=\"b707735\" data-element_type=\"container\" data-e-type=\"container\">\n\t\t\t\t<div class=\"elementor-element elementor-element-12c7f28 elementor-widget elementor-widget-heading\" data-id=\"12c7f28\" data-element_type=\"widget\" data-e-type=\"widget\" data-widget_type=\"heading.default\">\n\t\t\t\t<div class=\"elementor-widget-container\">\n\t\t\t\t\t<h2 class=\"elementor-heading-title elementor-size-default\">Institutional Values<\/h2>\t\t\t\t<\/div>\n\t\t\t\t<\/div>\n\t\t\t\t<div class=\"elementor-element elementor-element-665a191 elementor-widget elementor-widget-text-editor\" data-id=\"665a191\" data-element_type=\"widget\" data-e-type=\"widget\" data-widget_type=\"text-editor.default\">\n\t\t\t\t<div class=\"elementor-widget-container\">\n\t\t\t\t\t\t\t\t\t<ul><li>Respect<\/li><li>Responsibility<\/li><li>Freedom<\/li><li>Equality<\/li><li>Solidarity<\/li><\/ul>\t\t\t\t\t\t\t\t<\/div>\n\t\t\t\t<\/div>\n\t\t\t\t<\/div>\n\t\t\t\t\t<\/div>\n\t\t\t\t<\/div>\n\t\t<div class=\"elementor-element elementor-element-c2485dd e-flex e-con-boxed e-con e-parent\" data-id=\"c2485dd\" data-element_type=\"container\" data-e-type=\"container\">\n\t\t\t\t\t<div class=\"e-con-inner\">\n\t\t<div class=\"elementor-element elementor-element-d7ffc89 e-con-full e-flex e-con e-child\" data-id=\"d7ffc89\" data-element_type=\"container\" data-e-type=\"container\">\n\t\t\t\t<div class=\"elementor-element elementor-element-441c5be elementor-widget elementor-widget-heading\" data-id=\"441c5be\" data-element_type=\"widget\" data-e-type=\"widget\" data-widget_type=\"heading.default\">\n\t\t\t\t<div class=\"elementor-widget-container\">\n\t\t\t\t\t<h2 class=\"elementor-heading-title elementor-size-default\">Institutional Services<\/h2>\t\t\t\t<\/div>\n\t\t\t\t<\/div>\n\t\t\t\t<div class=\"elementor-element elementor-element-cc4adf9 elementor-widget elementor-widget-text-editor\" data-id=\"cc4adf9\" data-element_type=\"widget\" data-e-type=\"widget\" data-widget_type=\"text-editor.default\">\n\t\t\t\t<div class=\"elementor-widget-container\">\n\t\t\t\t\t\t\t\t\t<ul><li>Personal accident insurance<\/li><li>Extracurriculars<\/li><li>Pastoral<\/li><li>School transportation<\/li><li>Bar \u2013 dining room service<\/li><li>CCTV system and Guardianship for open areas.<\/li><\/ul>\t\t\t\t\t\t\t\t<\/div>\n\t\t\t\t<\/div>\n\t\t\t\t<div class=\"elementor-element elementor-element-9ad1b78 elementor-widget elementor-widget-image\" data-id=\"9ad1b78\" data-element_type=\"widget\" data-e-type=\"widget\" data-widget_type=\"image.default\">\n\t\t\t\t<div class=\"elementor-widget-container\">\n\t\t\t\t\t\t\t\t\t\t\t\t\t\t\t<img decoding=\"async\" src=\"https:\/\/lamoderna.edu.ec\/wp-content\/uploads\/2024\/05\/icono.png\" title=\"\" alt=\"\" loading=\"lazy\" \/>\t\t\t\t\t\t\t\t\t\t\t\t\t\t\t<\/div>\n\t\t\t\t<\/div>\n\t\t\t\t<\/div>\n\t\t<div class=\"elementor-element elementor-element-2a5c827 e-con-full e-flex e-con e-child\" data-id=\"2a5c827\" data-element_type=\"container\" data-e-type=\"container\">\n\t\t<div class=\"elementor-element elementor-element-d0d7f25 e-flex e-con-boxed e-con e-child\" data-id=\"d0d7f25\" data-element_type=\"container\" data-e-type=\"container\">\n\t\t\t\t\t<div class=\"e-con-inner\">\n\t\t\t\t<div class=\"elementor-element elementor-element-812bf5a elementor-widget elementor-widget-image\" data-id=\"812bf5a\" data-element_type=\"widget\" data-e-type=\"widget\" data-widget_type=\"image.default\">\n\t\t\t\t<div class=\"elementor-widget-container\">\n\t\t\t\t\t\t\t\t\t\t\t\t\t\t\t<img loading=\"lazy\" decoding=\"async\" width=\"580\" height=\"305\" src=\"https:\/\/lamoderna.edu.ec\/wp-content\/uploads\/2024\/05\/olimpiadas-2023.jpg\" class=\"attachment-medium_large size-medium_large wp-image-377763\" alt=\"\" srcset=\"https:\/\/lamoderna.edu.ec\/wp-content\/uploads\/2024\/05\/olimpiadas-2023.jpg 580w, https:\/\/lamoderna.edu.ec\/wp-content\/uploads\/2024\/05\/olimpiadas-2023-300x158.jpg 300w\" sizes=\"(max-width: 580px) 100vw, 580px\" \/>\t\t\t\t\t\t\t\t\t\t\t\t\t\t\t<\/div>\n\t\t\t\t<\/div>\n\t\t\t\t\t<\/div>\n\t\t\t\t<\/div>\n\t\t\t\t<\/div>\n\t\t\t\t\t<\/div>\n\t\t\t\t<\/div>\n\t\t\t\t<\/div>","protected":false},"excerpt":{"rendered":"<p>Fundamentos Institucionales La Moderna Nuestra Filosof\u00eda En La Moderna, los Fundamentos Institucionales se basan en una visi\u00f3n educativa integral que combina la excelencia acad\u00e9mica, la formaci\u00f3n en valores y el compromiso con el entorno. Con m\u00e1s de 35 a\u00f1os de experiencia, somos una instituci\u00f3n que ofrece educaci\u00f3n inicial, b\u00e1sica y de bachillerato, comprometida con el [&hellip;]<\/p>\n","protected":false},"author":2,"featured_media":0,"parent":0,"menu_order":0,"comment_status":"closed","ping_status":"closed","template":"","meta":{"footnotes":""},"class_list":["post-3770","page","type-page","status-publish","hentry"],"yoast_head":"<!-- This site is optimized with the Yoast SEO plugin v27.3 - https:\/\/yoast.com\/product\/yoast-seo-wordpress\/ -->\n<title>Misi\u00f3n y Visi\u00f3n - La Moderna<\/title>\n<meta name=\"robots\" content=\"index, follow, max-snippet:-1, max-image-preview:large, max-video-preview:-1\" \/>\n<link rel=\"canonical\" href=\"https:\/\/lamoderna.edu.ec\/en\/mision-y-vision\/\" \/>\n<meta property=\"og:locale\" content=\"en_US\" \/>\n<meta property=\"og:type\" content=\"article\" \/>\n<meta property=\"og:title\" content=\"Misi\u00f3n y Visi\u00f3n - La Moderna\" \/>\n<meta property=\"og:description\" content=\"Fundamentos Institucionales La Moderna Nuestra Filosof\u00eda En La Moderna, los Fundamentos Institucionales se basan en una visi\u00f3n educativa integral que combina la excelencia acad\u00e9mica, la formaci\u00f3n en valores y el compromiso con el entorno. Con m\u00e1s de 35 a\u00f1os de experiencia, somos una instituci\u00f3n que ofrece educaci\u00f3n inicial, b\u00e1sica y de bachillerato, comprometida con el [&hellip;]\" \/>\n<meta property=\"og:url\" content=\"https:\/\/lamoderna.edu.ec\/en\/mision-y-vision\/\" \/>\n<meta property=\"og:site_name\" content=\"La Moderna\" \/>\n<meta property=\"article:publisher\" content=\"https:\/\/www.facebook.com\/lamodernaEC\/\" \/>\n<meta property=\"article:modified_time\" content=\"2025-12-05T02:21:02+00:00\" \/>\n<meta property=\"og:image\" content=\"https:\/\/lamoderna.edu.ec\/wp-content\/uploads\/2024\/05\/national-youth-camp.jpg\" \/>\n\t<meta property=\"og:image:width\" content=\"580\" \/>\n\t<meta property=\"og:image:height\" content=\"384\" \/>\n\t<meta property=\"og:image:type\" content=\"image\/jpeg\" \/>\n<meta name=\"twitter:card\" content=\"summary_large_image\" \/>\n<meta name=\"twitter:label1\" content=\"Est. reading time\" \/>\n\t<meta name=\"twitter:data1\" content=\"3 minutes\" \/>\n<script type=\"application\/ld+json\" class=\"yoast-schema-graph\">{\"@context\":\"https:\\\/\\\/schema.org\",\"@graph\":[{\"@type\":\"WebPage\",\"@id\":\"https:\\\/\\\/lamoderna.edu.ec\\\/mision-y-vision\\\/\",\"url\":\"https:\\\/\\\/lamoderna.edu.ec\\\/mision-y-vision\\\/\",\"name\":\"Misi\u00f3n y Visi\u00f3n - La Moderna\",\"isPartOf\":{\"@id\":\"https:\\\/\\\/lamoderna.edu.ec\\\/#website\"},\"primaryImageOfPage\":{\"@id\":\"https:\\\/\\\/lamoderna.edu.ec\\\/mision-y-vision\\\/#primaryimage\"},\"image\":{\"@id\":\"https:\\\/\\\/lamoderna.edu.ec\\\/mision-y-vision\\\/#primaryimage\"},\"thumbnailUrl\":\"https:\\\/\\\/lamoderna.edu.ec\\\/wp-content\\\/uploads\\\/2024\\\/05\\\/national-youth-camp.jpg\",\"datePublished\":\"2024-05-23T19:56:12+00:00\",\"dateModified\":\"2025-12-05T02:21:02+00:00\",\"breadcrumb\":{\"@id\":\"https:\\\/\\\/lamoderna.edu.ec\\\/mision-y-vision\\\/#breadcrumb\"},\"inLanguage\":\"en-US\",\"potentialAction\":[{\"@type\":\"ReadAction\",\"target\":[\"https:\\\/\\\/lamoderna.edu.ec\\\/mision-y-vision\\\/\"]}]},{\"@type\":\"ImageObject\",\"inLanguage\":\"en-US\",\"@id\":\"https:\\\/\\\/lamoderna.edu.ec\\\/mision-y-vision\\\/#primaryimage\",\"url\":\"https:\\\/\\\/lamoderna.edu.ec\\\/wp-content\\\/uploads\\\/2024\\\/05\\\/national-youth-camp.jpg\",\"contentUrl\":\"https:\\\/\\\/lamoderna.edu.ec\\\/wp-content\\\/uploads\\\/2024\\\/05\\\/national-youth-camp.jpg\"},{\"@type\":\"BreadcrumbList\",\"@id\":\"https:\\\/\\\/lamoderna.edu.ec\\\/mision-y-vision\\\/#breadcrumb\",\"itemListElement\":[{\"@type\":\"ListItem\",\"position\":1,\"name\":\"Inicio\",\"item\":\"https:\\\/\\\/lamoderna.edu.ec\\\/\"},{\"@type\":\"ListItem\",\"position\":2,\"name\":\"Misi\u00f3n y Visi\u00f3n\"}]},{\"@type\":\"WebSite\",\"@id\":\"https:\\\/\\\/lamoderna.edu.ec\\\/#website\",\"url\":\"https:\\\/\\\/lamoderna.edu.ec\\\/\",\"name\":\"Colegio La Moderna\",\"description\":\"Unidad Educativa Particular Biling\u00fce\",\"publisher\":{\"@id\":\"https:\\\/\\\/lamoderna.edu.ec\\\/#organization\"},\"alternateName\":\"Colegio LMO\",\"potentialAction\":[{\"@type\":\"SearchAction\",\"target\":{\"@type\":\"EntryPoint\",\"urlTemplate\":\"https:\\\/\\\/lamoderna.edu.ec\\\/?s={search_term_string}\"},\"query-input\":{\"@type\":\"PropertyValueSpecification\",\"valueRequired\":true,\"valueName\":\"search_term_string\"}}],\"inLanguage\":\"en-US\"},{\"@type\":\"Organization\",\"@id\":\"https:\\\/\\\/lamoderna.edu.ec\\\/#organization\",\"name\":\"Colegio La Moderna\",\"alternateName\":\"Colegio LMO\",\"url\":\"https:\\\/\\\/lamoderna.edu.ec\\\/\",\"logo\":{\"@type\":\"ImageObject\",\"inLanguage\":\"en-US\",\"@id\":\"https:\\\/\\\/lamoderna.edu.ec\\\/#\\\/schema\\\/logo\\\/image\\\/\",\"url\":\"https:\\\/\\\/lamoderna.edu.ec\\\/wp-content\\\/uploads\\\/2024\\\/08\\\/icono.png\",\"contentUrl\":\"https:\\\/\\\/lamoderna.edu.ec\\\/wp-content\\\/uploads\\\/2024\\\/08\\\/icono.png\",\"width\":103,\"height\":102,\"caption\":\"Colegio La Moderna\"},\"image\":{\"@id\":\"https:\\\/\\\/lamoderna.edu.ec\\\/#\\\/schema\\\/logo\\\/image\\\/\"},\"sameAs\":[\"https:\\\/\\\/www.facebook.com\\\/lamodernaEC\\\/\",\"https:\\\/\\\/www.instagram.com\\\/lamoderna_ec\\\/#\"]}]}<\/script>\n<!-- \/ Yoast SEO plugin. -->","yoast_head_json":{"title":"Misi\u00f3n y Visi\u00f3n - La Moderna","robots":{"index":"index","follow":"follow","max-snippet":"max-snippet:-1","max-image-preview":"max-image-preview:large","max-video-preview":"max-video-preview:-1"},"canonical":"https:\/\/lamoderna.edu.ec\/en\/mision-y-vision\/","og_locale":"en_US","og_type":"article","og_title":"Misi\u00f3n y Visi\u00f3n - La Moderna","og_description":"Fundamentos Institucionales La Moderna Nuestra Filosof\u00eda En La Moderna, los Fundamentos Institucionales se basan en una visi\u00f3n educativa integral que combina la excelencia acad\u00e9mica, la formaci\u00f3n en valores y el compromiso con el entorno. Con m\u00e1s de 35 a\u00f1os de experiencia, somos una instituci\u00f3n que ofrece educaci\u00f3n inicial, b\u00e1sica y de bachillerato, comprometida con el [&hellip;]","og_url":"https:\/\/lamoderna.edu.ec\/en\/mision-y-vision\/","og_site_name":"La Moderna","article_publisher":"https:\/\/www.facebook.com\/lamodernaEC\/","article_modified_time":"2025-12-05T02:21:02+00:00","og_image":[{"width":580,"height":384,"url":"https:\/\/lamoderna.edu.ec\/wp-content\/uploads\/2024\/05\/national-youth-camp.jpg","type":"image\/jpeg"}],"twitter_card":"summary_large_image","twitter_misc":{"Est. reading time":"3 minutes"},"schema":{"@context":"https:\/\/schema.org","@graph":[{"@type":"WebPage","@id":"https:\/\/lamoderna.edu.ec\/mision-y-vision\/","url":"https:\/\/lamoderna.edu.ec\/mision-y-vision\/","name":"Misi\u00f3n y Visi\u00f3n - La Moderna","isPartOf":{"@id":"https:\/\/lamoderna.edu.ec\/#website"},"primaryImageOfPage":{"@id":"https:\/\/lamoderna.edu.ec\/mision-y-vision\/#primaryimage"},"image":{"@id":"https:\/\/lamoderna.edu.ec\/mision-y-vision\/#primaryimage"},"thumbnailUrl":"https:\/\/lamoderna.edu.ec\/wp-content\/uploads\/2024\/05\/national-youth-camp.jpg","datePublished":"2024-05-23T19:56:12+00:00","dateModified":"2025-12-05T02:21:02+00:00","breadcrumb":{"@id":"https:\/\/lamoderna.edu.ec\/mision-y-vision\/#breadcrumb"},"inLanguage":"en-US","potentialAction":[{"@type":"ReadAction","target":["https:\/\/lamoderna.edu.ec\/mision-y-vision\/"]}]},{"@type":"ImageObject","inLanguage":"en-US","@id":"https:\/\/lamoderna.edu.ec\/mision-y-vision\/#primaryimage","url":"https:\/\/lamoderna.edu.ec\/wp-content\/uploads\/2024\/05\/national-youth-camp.jpg","contentUrl":"https:\/\/lamoderna.edu.ec\/wp-content\/uploads\/2024\/05\/national-youth-camp.jpg"},{"@type":"BreadcrumbList","@id":"https:\/\/lamoderna.edu.ec\/mision-y-vision\/#breadcrumb","itemListElement":[{"@type":"ListItem","position":1,"name":"Inicio","item":"https:\/\/lamoderna.edu.ec\/"},{"@type":"ListItem","position":2,"name":"Misi\u00f3n y Visi\u00f3n"}]},{"@type":"WebSite","@id":"https:\/\/lamoderna.edu.ec\/#website","url":"https:\/\/lamoderna.edu.ec\/","name":"Colegio La Moderna","description":"Unidad Educativa Particular Biling\u00fce","publisher":{"@id":"https:\/\/lamoderna.edu.ec\/#organization"},"alternateName":"Colegio LMO","potentialAction":[{"@type":"SearchAction","target":{"@type":"EntryPoint","urlTemplate":"https:\/\/lamoderna.edu.ec\/?s={search_term_string}"},"query-input":{"@type":"PropertyValueSpecification","valueRequired":true,"valueName":"search_term_string"}}],"inLanguage":"en-US"},{"@type":"Organization","@id":"https:\/\/lamoderna.edu.ec\/#organization","name":"Colegio La Moderna","alternateName":"Colegio LMO","url":"https:\/\/lamoderna.edu.ec\/","logo":{"@type":"ImageObject","inLanguage":"en-US","@id":"https:\/\/lamoderna.edu.ec\/#\/schema\/logo\/image\/","url":"https:\/\/lamoderna.edu.ec\/wp-content\/uploads\/2024\/08\/icono.png","contentUrl":"https:\/\/lamoderna.edu.ec\/wp-content\/uploads\/2024\/08\/icono.png","width":103,"height":102,"caption":"Colegio La Moderna"},"image":{"@id":"https:\/\/lamoderna.edu.ec\/#\/schema\/logo\/image\/"},"sameAs":["https:\/\/www.facebook.com\/lamodernaEC\/","https:\/\/www.instagram.com\/lamoderna_ec\/#"]}]}},"_links":{"self":[{"href":"https:\/\/lamoderna.edu.ec\/en\/wp-json\/wp\/v2\/pages\/3770","targetHints":{"allow":["GET"]}}],"collection":[{"href":"https:\/\/lamoderna.edu.ec\/en\/wp-json\/wp\/v2\/pages"}],"about":[{"href":"https:\/\/lamoderna.edu.ec\/en\/wp-json\/wp\/v2\/types\/page"}],"author":[{"embeddable":true,"href":"https:\/\/lamoderna.edu.ec\/en\/wp-json\/wp\/v2\/users\/2"}],"replies":[{"embeddable":true,"href":"https:\/\/lamoderna.edu.ec\/en\/wp-json\/wp\/v2\/comments?post=3770"}],"version-history":[{"count":48,"href":"https:\/\/lamoderna.edu.ec\/en\/wp-json\/wp\/v2\/pages\/3770\/revisions"}],"predecessor-version":[{"id":381744,"href":"https:\/\/lamoderna.edu.ec\/en\/wp-json\/wp\/v2\/pages\/3770\/revisions\/381744"}],"wp:attachment":[{"href":"https:\/\/lamoderna.edu.ec\/en\/wp-json\/wp\/v2\/media?parent=3770"}],"curies":[{"name":"wp","href":"https:\/\/api.w.org\/{rel}","templated":true}]}}